{"id":17964,"date":"2025-01-28T00:36:04","date_gmt":"2025-01-27T23:36:04","guid":{"rendered":"https:\/\/gymanabolic.com\/shop\/selank\/"},"modified":"2026-04-18T16:53:24","modified_gmt":"2026-04-18T14:53:24","slug":"selank","status":"publish","type":"product","link":"https:\/\/gymanabolic.com\/fr\/shop\/selank\/","title":{"rendered":"SELANK"},"content":{"rendered":"\t\t<div data-elementor-type=\"wp-post\" data-elementor-id=\"17964\" class=\"elementor elementor-17964 elementor-15799\">\n\t\t\t\t<div class=\"wd-negative-gap elementor-element elementor-element-7ba917d e-flex e-con-boxed e-con e-parent\" data-id=\"7ba917d\" data-element_type=\"container\" data-e-type=\"container\">\n\t\t\t\t\t<div class=\"e-con-inner\">\n\t\t<div class=\"elementor-element elementor-element-836b10c e-con-full e-flex e-con e-child\" data-id=\"836b10c\" data-element_type=\"container\" data-e-type=\"container\">\n\t\t\t\t<div class=\"elementor-element elementor-element-1cb5edc elementor-widget elementor-widget-wd_text_block\" data-id=\"1cb5edc\" data-element_type=\"widget\" data-e-type=\"widget\" data-widget_type=\"wd_text_block.default\">\n\t\t\t\t<div class=\"elementor-widget-container\">\n\t\t\t\t\t\t\t<div class=\"wd-text-block reset-last-child text-left\">\n\t\t\t\n\t\t\t<h1 style=\"margin-bottom: var(--wd-mb); font-style: normal; font-variant-ligatures: normal; font-variant-caps: normal; font-weight: var(--wd-entities-title-font-weight); font-family: 'Josefin Sans', Arial, Helvetica, sans-serif; display: var(--page-title-display); text-transform: none; --page-title-display: block; white-space-collapse: collapse;\">SELANK<\/h1><p>Composition de la pr\u00e9paration SELANK 10mg<\/p><p>Pr\u00e9paration SELANK 10mg contient 10mg de la substance active. La pr\u00e9paration se caract\u00e9rise par un haut degr\u00e9 de puret\u00e9 chimique et est soumise \u00e0 un contr\u00f4le qualit\u00e9. <\/p><p>SELANK 10mg est un produit chimique destin\u00e9 uniquement \u00e0 des fins de recherche.<\/p><p class=\"p1\">Le produit est disponible \u00e0 la vente pour les particuliers et les instituts de recherche, les laboratoires, les universit\u00e9s ou les cercles d\u2019\u00e9tudes chimiques destin\u00e9s \u00e0 mener des recherches.<\/p><p class=\"p1\">Le produit n\u2019est pas un produit alimentaire ou un compl\u00e9ment alimentaire, et n\u2019est pas adapt\u00e9 \u00e0 la consommation humaine.<\/p><p class=\"p1\">Si vous ne vous sentez pas bien ou si vous ressentez des effets secondaires au contact de la substance, consultez votre m\u00e9decin.<\/p><p class=\"p1\"><strong>Conditions de stockage particuli\u00e8res :<\/strong><\/p><p class=\"p1\">Conservez le flacon non dilu\u00e9 de poudre lyophilis\u00e9e dans un endroit frais, sec et sombre. Apr\u00e8s reconstitution, la substance doit \u00eatre stock\u00e9e \u00e0 une temp\u00e9rature comprise entre <em>2<\/em> et 8 \u00b0C. <\/p><p class=\"p1\">Toutes les propri\u00e9t\u00e9s ci-dessus ont \u00e9t\u00e9 observ\u00e9es dans des \u00e9tudes de laboratoire non men\u00e9es sur des humains et sont fournies \u00e0 titre informatif uniquement. Aucune des informations contenues dans les descriptions n\u2019est approuv\u00e9e par l\u2019Autorit\u00e9 europ\u00e9enne de s\u00e9curit\u00e9 des aliments (EFSA). Ce produit n\u2019est pas un m\u00e9dicament, un aliment ou un compl\u00e9ment alimentaire et ne convient pas \u00e0 la consommation humaine.   Le produit est class\u00e9 comme r\u00e9actif chimique\/mat\u00e9riau de r\u00e9f\u00e9rence autoris\u00e9 pour une utilisation dans l\u2019Union europ\u00e9enne et ne peut \u00eatre utilis\u00e9 que pour la recherche scientifique. D\u2019autres informations sur le produit sont contenues dans la fiche de donn\u00e9es de s\u00e9curit\u00e9, que nous mettons \u00e0 disposition pour inspection. Les produits ne sont disponibles que pour les institutions ou les personnes associ\u00e9es \u00e0 des activit\u00e9s de recherche ou de laboratoire.<\/p>\n\t\t\t\t\t<\/div>\n\t\t\t\t\t\t<\/div>\n\t\t\t\t<\/div>\n\t\t\t\t<\/div>\n\t\t\t\t\t<\/div>\n\t\t\t\t<\/div>\n\t\t\t\t<\/div>\n\t\t","protected":false},"excerpt":{"rendered":"<p>SELANK (Selanc) est un heptapeptide d\u00e9velopp\u00e9 dans les ann\u00e9es 1990 \u00e0 l\u2019Institut de g\u00e9n\u00e9tique mol\u00e9culaire de l\u2019Acad\u00e9mie des sciences de Russie en coop\u00e9ration avec l\u2019Acad\u00e9mie russe des sciences m\u00e9dicales. Il pr\u00e9sente une large gamme d\u2019avantages pour le corps. Les principales propri\u00e9t\u00e9s de SELANK sont des effets anxiolytiques, nootropiques, doux antid\u00e9presseurs et am\u00e9lioration de l\u2019humeur, ainsi que le renforcement de l\u2019immunit\u00e9 corporelle. Il soutient la r\u00e9g\u00e9n\u00e9ration du syst\u00e8me nerveux. On observe une am\u00e9lioration de l\u2019humeur, une meilleure clart\u00e9 d\u2019esprit, un niveau d\u2019\u00e9nergie accru et une plus grande facilit\u00e9 \u00e0 s\u2019endormir.    <\/p>\n","protected":false},"featured_media":15800,"comment_status":"closed","ping_status":"closed","template":"","meta":[],"product_brand":[315],"product_cat":[277,279],"product_tag":[],"class_list":{"0":"post-17964","1":"product","2":"type-product","3":"status-publish","4":"has-post-thumbnail","6":"product_brand-pepto-med","7":"product_cat-injectables","8":"product_cat-peptides","10":"first","11":"instock","12":"shipping-taxable","13":"purchasable","14":"product-type-simple"},"_links":{"self":[{"href":"https:\/\/gymanabolic.com\/fr\/wp-json\/wp\/v2\/product\/17964","targetHints":{"allow":["GET"]}}],"collection":[{"href":"https:\/\/gymanabolic.com\/fr\/wp-json\/wp\/v2\/product"}],"about":[{"href":"https:\/\/gymanabolic.com\/fr\/wp-json\/wp\/v2\/types\/product"}],"replies":[{"embeddable":true,"href":"https:\/\/gymanabolic.com\/fr\/wp-json\/wp\/v2\/comments?post=17964"}],"version-history":[{"count":1,"href":"https:\/\/gymanabolic.com\/fr\/wp-json\/wp\/v2\/product\/17964\/revisions"}],"predecessor-version":[{"id":17968,"href":"https:\/\/gymanabolic.com\/fr\/wp-json\/wp\/v2\/product\/17964\/revisions\/17968"}],"wp:featuredmedia":[{"embeddable":true,"href":"https:\/\/gymanabolic.com\/fr\/wp-json\/wp\/v2\/media\/15800"}],"wp:attachment":[{"href":"https:\/\/gymanabolic.com\/fr\/wp-json\/wp\/v2\/media?parent=17964"}],"wp:term":[{"taxonomy":"product_brand","embeddable":true,"href":"https:\/\/gymanabolic.com\/fr\/wp-json\/wp\/v2\/product_brand?post=17964"},{"taxonomy":"product_cat","embeddable":true,"href":"https:\/\/gymanabolic.com\/fr\/wp-json\/wp\/v2\/product_cat?post=17964"},{"taxonomy":"product_tag","embeddable":true,"href":"https:\/\/gymanabolic.com\/fr\/wp-json\/wp\/v2\/product_tag?post=17964"}],"curies":[{"name":"wp","href":"https:\/\/api.w.org\/{rel}","templated":true}]}}