{"id":17953,"date":"2025-01-27T23:20:11","date_gmt":"2025-01-27T22:20:11","guid":{"rendered":"https:\/\/gymanabolic.com\/shop\/ghk-cu\/"},"modified":"2026-04-18T16:53:24","modified_gmt":"2026-04-18T14:53:24","slug":"ghk-cu","status":"publish","type":"product","link":"https:\/\/gymanabolic.com\/fr\/shop\/ghk-cu\/","title":{"rendered":"GHK-CU"},"content":{"rendered":"\t\t<div data-elementor-type=\"wp-post\" data-elementor-id=\"17953\" class=\"elementor elementor-17953 elementor-15752\">\n\t\t\t\t<div class=\"wd-negative-gap elementor-element elementor-element-7ba917d e-flex e-con-boxed e-con e-parent\" data-id=\"7ba917d\" data-element_type=\"container\" data-e-type=\"container\">\n\t\t\t\t\t<div class=\"e-con-inner\">\n\t\t<div class=\"elementor-element elementor-element-836b10c e-con-full e-flex e-con e-child\" data-id=\"836b10c\" data-element_type=\"container\" data-e-type=\"container\">\n\t\t\t\t<div class=\"elementor-element elementor-element-1cb5edc elementor-widget elementor-widget-wd_text_block\" data-id=\"1cb5edc\" data-element_type=\"widget\" data-e-type=\"widget\" data-widget_type=\"wd_text_block.default\">\n\t\t\t\t<div class=\"elementor-widget-container\">\n\t\t\t\t\t\t\t<div class=\"wd-text-block reset-last-child text-left\">\n\t\t\t\n\t\t\t<h1 style=\"margin-bottom: var(--wd-mb); font-style: normal; font-variant-ligatures: normal; font-variant-caps: normal; font-weight: var(--wd-entities-title-font-weight); font-family: 'Josefin Sans', Arial, Helvetica, sans-serif; display: var(--page-title-display); text-transform: none; --page-title-display: block; white-space-collapse: collapse;\">GHK-CU<br><br><\/h1><p class=\"p1\">Le GHK-Cu est une substance chimique destin\u00e9e exclusivement \u00e0 des fins de recherche.<\/p><p class=\"p1\">Afin d\u2019assurer la plus haute qualit\u00e9 du produit, des tests de laboratoire pour la concentration et la puret\u00e9, disponibles dans l\u2019onglet \u00c9tudes, sont r\u00e9alis\u00e9s pour chaque lot du produit.<\/p><p class=\"p1\">Le produit est disponible \u00e0 la vente pour les particuliers et les instituts de recherche, les laboratoires, les universit\u00e9s ou les cercles d\u2019\u00e9tudes chimiques destin\u00e9s \u00e0 mener des recherches.<\/p><p class=\"p1\">Le produit n\u2019est pas un produit alimentaire ou un compl\u00e9ment alimentaire, et n\u2019est pas adapt\u00e9 \u00e0 la consommation humaine.<\/p><p class=\"p1\">Si vous ne vous sentez pas bien ou si vous ressentez des effets secondaires au contact de la substance, consultez votre m\u00e9decin.<\/p><p class=\"p1\">Conditions de stockage sp\u00e9ciales<\/p><p class=\"p1\">Conservez le flacon non dilu\u00e9 de poudre lyophilis\u00e9e dans un endroit frais, sec et sombre. Apr\u00e8s reconstitution, la substance doit \u00eatre stock\u00e9e \u00e0 une temp\u00e9rature comprise entre <em>2<\/em> et 8 \u00b0C. <\/p><p class=\"p1\">Toutes les propri\u00e9t\u00e9s ci-dessus ont \u00e9t\u00e9 observ\u00e9es dans des \u00e9tudes de laboratoire non men\u00e9es sur des humains et sont fournies \u00e0 titre informatif uniquement. Aucune des informations contenues dans les descriptions n\u2019est approuv\u00e9e par l\u2019Autorit\u00e9 europ\u00e9enne de s\u00e9curit\u00e9 des aliments (EFSA). Ce produit n\u2019est pas un m\u00e9dicament, un aliment ou un compl\u00e9ment alimentaire et ne convient pas \u00e0 la consommation humaine.   Le produit est class\u00e9 comme r\u00e9actif chimique\/mat\u00e9riau de r\u00e9f\u00e9rence autoris\u00e9 pour une utilisation dans l\u2019Union europ\u00e9enne et ne peut \u00eatre utilis\u00e9 que pour la recherche scientifique. D\u2019autres informations sur le produit sont contenues dans la fiche de donn\u00e9es de s\u00e9curit\u00e9, que nous mettons \u00e0 disposition pour inspection. Les produits ne sont disponibles que pour les institutions ou les personnes associ\u00e9es \u00e0 des activit\u00e9s de recherche ou de laboratoire.<\/p>\n\t\t\t\t\t<\/div>\n\t\t\t\t\t\t<\/div>\n\t\t\t\t<\/div>\n\t\t\t\t<\/div>\n\t\t\t\t\t<\/div>\n\t\t\t\t<\/div>\n\t\t\t\t<\/div>\n\t\t","protected":false},"excerpt":{"rendered":"<p>Les peptides <strong>GHK-Cu<\/strong> sont un compos\u00e9 chimique contenant trois acides amin\u00e9s (glycine, histidine et lysine) et du cuivre. Ces compos\u00e9s jouent un r\u00f4le important dans les processus de r\u00e9g\u00e9n\u00e9ration cutan\u00e9e en stimulant la synth\u00e8se du collag\u00e8ne, de l\u2019\u00e9lastine et des glycosaminoglycans. Gr\u00e2ce \u00e0 ces propri\u00e9t\u00e9s, les peptides GHK-Cu sont largement utilis\u00e9s en cosm\u00e9tologie, notamment dans les produits anti-\u00e2ge tels que les cr\u00e8mes, s\u00e9rums ou masques. Ils contribuent \u00e0 am\u00e9liorer l\u2019\u00e9lasticit\u00e9 de la peau, \u00e0 r\u00e9duire les rides et \u00e0 acc\u00e9l\u00e9rer la cicatrisation. Notre gamme de produits comprend \u00e9galement des peptides pour la perte de poids.    <\/p>\n<p><strong>Recherche scientifique sur les peptides GHK-Cu<\/strong> Ces derni\u00e8res ann\u00e9es, de nombreuses \u00e9tudes scientifiques ont \u00e9t\u00e9 men\u00e9es pour confirmer l\u2019efficacit\u00e9 des peptides GHK-Cu dans l\u2019am\u00e9lioration de l\u2019affection cutan\u00e9e. Les r\u00e9sultats ont montr\u00e9 que l\u2019utilisation de ces compos\u00e9s peut entra\u00eener une am\u00e9lioration significative de l\u2019apparence de la peau, tant en termes de fermet\u00e9 que de visibilit\u00e9 r\u00e9duite des rides. De plus, des recherches ont \u00e9galement prouv\u00e9 les actions anti-inflammatoires et antibact\u00e9riennes des peptides GHK-Cu, qui peuvent \u00eatre particuli\u00e8rement b\u00e9n\u00e9fiques pour la peau sujette \u00e0 l\u2019acn\u00e9 ou \u00e0 l\u2019irritation. Cependant, il est important de se rappeler que les peptides de GHK-Cu ne sont pas une substance universelle, et leur efficacit\u00e9 peut varier selon les besoins cutan\u00e9s et les produits utilis\u00e9s.   <\/p>\n","protected":false},"featured_media":15753,"comment_status":"closed","ping_status":"closed","template":"","meta":[],"product_brand":[315],"product_cat":[277,279],"product_tag":[],"class_list":{"0":"post-17953","1":"product","2":"type-product","3":"status-publish","4":"has-post-thumbnail","6":"product_brand-pepto-med","7":"product_cat-injectables","8":"product_cat-peptides","10":"first","11":"instock","12":"shipping-taxable","13":"purchasable","14":"product-type-simple"},"_links":{"self":[{"href":"https:\/\/gymanabolic.com\/fr\/wp-json\/wp\/v2\/product\/17953","targetHints":{"allow":["GET"]}}],"collection":[{"href":"https:\/\/gymanabolic.com\/fr\/wp-json\/wp\/v2\/product"}],"about":[{"href":"https:\/\/gymanabolic.com\/fr\/wp-json\/wp\/v2\/types\/product"}],"replies":[{"embeddable":true,"href":"https:\/\/gymanabolic.com\/fr\/wp-json\/wp\/v2\/comments?post=17953"}],"version-history":[{"count":1,"href":"https:\/\/gymanabolic.com\/fr\/wp-json\/wp\/v2\/product\/17953\/revisions"}],"predecessor-version":[{"id":17956,"href":"https:\/\/gymanabolic.com\/fr\/wp-json\/wp\/v2\/product\/17953\/revisions\/17956"}],"wp:featuredmedia":[{"embeddable":true,"href":"https:\/\/gymanabolic.com\/fr\/wp-json\/wp\/v2\/media\/15753"}],"wp:attachment":[{"href":"https:\/\/gymanabolic.com\/fr\/wp-json\/wp\/v2\/media?parent=17953"}],"wp:term":[{"taxonomy":"product_brand","embeddable":true,"href":"https:\/\/gymanabolic.com\/fr\/wp-json\/wp\/v2\/product_brand?post=17953"},{"taxonomy":"product_cat","embeddable":true,"href":"https:\/\/gymanabolic.com\/fr\/wp-json\/wp\/v2\/product_cat?post=17953"},{"taxonomy":"product_tag","embeddable":true,"href":"https:\/\/gymanabolic.com\/fr\/wp-json\/wp\/v2\/product_tag?post=17953"}],"curies":[{"name":"wp","href":"https:\/\/api.w.org\/{rel}","templated":true}]}}