{"id":17816,"date":"2025-02-04T00:26:09","date_gmt":"2025-02-03T23:26:09","guid":{"rendered":"https:\/\/gymanabolic.com\/shop\/dhb\/"},"modified":"2025-02-04T00:26:09","modified_gmt":"2025-02-03T23:26:09","slug":"dhb","status":"publish","type":"product","link":"https:\/\/gymanabolic.com\/fr\/shop\/dhb\/","title":{"rendered":"DHB"},"content":{"rendered":"<div class=\"flex flex-col text-sm pb-25\">\n<article class=\"text-token-text-primary w-full focus:outline-none [--shadow-height:45px] has-data-writing-block:pointer-events-none has-data-writing-block:-mt-(--shadow-height) has-data-writing-block:pt-(--shadow-height) [&amp;:has([data-writing-block])&gt;*]:pointer-events-auto scroll-mt-[calc(var(--header-height)+min(200px,max(70px,20svh)))]\" dir=\"auto\" tabindex=\"-1\" data-turn-id=\"request-697fdd01-88a0-8386-a951-be378f3f0e3d-34\" data-testid=\"conversation-turn-92\" data-scroll-anchor=\"true\" data-turn=\"assistant\">\n<div class=\"text-base my-auto mx-auto pb-10 [--thread-content-margin:var(--thread-content-margin-xs,calc(var(--spacing)*4))] @w-sm\/main:[--thread-content-margin:var(--thread-content-margin-sm,calc(var(--spacing)*6))] @w-lg\/main:[--thread-content-margin:var(--thread-content-margin-lg,calc(var(--spacing)*16))] px-(--thread-content-margin)\">\n<div class=\"[--thread-content-max-width:40rem] @w-lg\/main:[--thread-content-max-width:48rem] mx-auto max-w-(--thread-content-max-width) flex-1 group\/turn-messages focus-visible:outline-hidden relative flex w-full min-w-0 flex-col agent-turn\" tabindex=\"-1\">\n<div class=\"flex max-w-full flex-col gap-4 grow\">\n<div class=\"min-h-8 text-message relative flex w-full flex-col items-end gap-2 text-start break-words whitespace-normal [.text-message+&amp;]:mt-1\" dir=\"auto\" data-message-author-role=\"assistant\" data-message-id=\"e7500d5d-8ef5-49f6-8792-11a6dc38ab33\" data-message-model-slug=\"gpt-5-4-thinking\">\n<div class=\"flex w-full flex-col gap-1 empty:hidden\">\n<div class=\"markdown prose dark:prose-invert w-full wrap-break-word dark markdown-new-styling\">\n<h2 data-section-id=\"1hryjbf\" data-start=\"102\" data-end=\"108\">DHB<\/h2>\n<p data-start=\"110\" data-end=\"476\">Le DHB de Moldavian Pharma contient <strong data-start=\"143\" data-end=\"163\">de la dihydrobold\u00e9none<\/strong>, un st\u00e9ro\u00efde androg\u00e9nique anabolisant synth\u00e9tique \u00e9galement couramment identifi\u00e9 comme <strong data-start=\"241\" data-end=\"259\">1-testost\u00e9rone<\/strong>. PubChem classe la 1-testost\u00e9rone comme un st\u00e9ro\u00efde anabolisant, et DrugBank la d\u00e9crit comme un st\u00e9ro\u00efde qui diff\u00e8re de la testost\u00e9rone par la position de la double liaison dans l\u2019anneau A. <\/p>\n<p data-start=\"478\" data-end=\"906\">La DHB est souvent \u00e9voqu\u00e9e en m\u00eame temps que <strong data-start=\"511\" data-end=\"524\">la bold\u00e9nonne<\/strong> en raison de sa relation chimique avec ce compos\u00e9. C\u2019est pourquoi le nom <strong data-start=\"601\" data-end=\"621\">d\u00e9hydrobold\u00e9nonne<\/strong> est couramment utilis\u00e9 dans la terminologie des produits et du bodybuilding. En termes pratiques, le DHB est reconnu comme un compos\u00e9 \u00e0 part enti\u00e8re, avec sa propre identit\u00e9 dans les discussions sur les st\u00e9ro\u00efdes anabolisants, m\u00eame s\u2019il est structurellement li\u00e9 \u00e0 la fois \u00e0 la testost\u00e9rone et \u00e0 la bold\u00e9none.  <\/p>\n<h2 data-section-id=\"dokn8y\" data-start=\"908\" data-end=\"928\">Identit\u00e9 compos\u00e9e<\/h2>\n<h3 data-section-id=\"13bdd9l\" data-start=\"930\" data-end=\"950\">Dihydrobold\u00e9nonne<\/h3>\n<p data-start=\"952\" data-end=\"1290\">L\u2019ingr\u00e9dient principal de ce produit est la <strong data-start=\"995\" data-end=\"1015\">dihydrobold\u00e9none<\/strong>. Ce compos\u00e9 est commun\u00e9ment appel\u00e9 <strong data-start=\"1058\" data-end=\"1065\">DHB<\/strong>, tandis que le nom <strong data-start=\"1082\" data-end=\"1100\">1-testost\u00e9rone<\/strong> est \u00e9galement largement utilis\u00e9 dans les r\u00e9f\u00e9rences chimiques et pharmacologiques. Le point le plus important est que ces noms font r\u00e9f\u00e9rence \u00e0 la m\u00eame famille de compos\u00e9s st\u00e9ro\u00efdes.  <\/p>\n<h3 data-section-id=\"15our0n\" data-start=\"1292\" data-end=\"1324\">\u00c9galement appel\u00e9 1-testost\u00e9rone<\/h3>\n<p data-start=\"1326\" data-end=\"1760\">PubChem identifie la 1-testost\u00e9rone comme un st\u00e9ro\u00efde anabolisant, et DrugBank note qu\u2019elle agit via le <strong data-start=\"1428\" data-end=\"1449\">r\u00e9cepteur aux androg\u00e8nes<\/strong>. Ce r\u00e9cepteur est la principale voie de signalisation par laquelle les st\u00e9ro\u00efdes anabolisants androg\u00e9niques exercent leur activit\u00e9 biologique. Cela place le DHB fermement dans la cat\u00e9gorie des st\u00e9ro\u00efdes anabolisants plut\u00f4t que dans la cat\u00e9gorie des peptides, stimulants, SERM ou compl\u00e9ments sportifs ordinaires.  <\/p>\n<h2 data-section-id=\"d74lx0\" data-start=\"1762\" data-end=\"1803\">Lien avec la testost\u00e9rone et la bold\u00e9nonne<\/h2>\n<p data-start=\"1805\" data-end=\"2153\">Le DHB est structurellement li\u00e9 \u00e0 la testost\u00e9rone, mais ce n\u2019est pas simplement un autre nom pour la testost\u00e9rone. DrugBank note sp\u00e9cifiquement que la 1-testost\u00e9rone diff\u00e8re de la testost\u00e9rone par la position d\u2019une double liaison dans la structure de l\u2019anneau st\u00e9ro\u00efde. Cette distinction chimique est centrale dans la fa\u00e7on dont le compos\u00e9 est class\u00e9.  <\/p>\n<p data-start=\"2155\" data-end=\"2575\">Sa relation avec la <strong data-start=\"2175\" data-end=\"2188\">bold\u00e9nine<\/strong> est \u00e9galement importante. Le terme <strong data-start=\"2217\" data-end=\"2237\">dihydrobold\u00e9nonne<\/strong> refl\u00e8te ce lien, c\u2019est pourquoi ce compos\u00e9 est souvent d\u00e9crit dans les discussions sur le bodybuilding comme li\u00e9 \u00e0 la chimie de type Equipoise. Cela explique pourquoi le DHB est souvent mentionn\u00e9 dans la m\u00eame cat\u00e9gorie plus large que la bold\u00e9none, tout en restant consid\u00e9r\u00e9 comme un compos\u00e9 anabolisant distinct des st\u00e9ro\u00efdes.  <\/p>\n<h2 data-section-id=\"1swnzni\" data-start=\"2577\" data-end=\"2596\">Cat\u00e9gorie de produits<\/h2>\n<h3 data-section-id=\"13jrzk1\" data-start=\"2598\" data-end=\"2629\">St\u00e9ro\u00efdes androg\u00e9niques anabolisants<\/h3>\n<p data-start=\"2631\" data-end=\"3041\">Le DHB appartient \u00e0 la classe <strong data-start=\"2650\" data-end=\"2681\">des st\u00e9ro\u00efdes androg\u00e9niques anabolisants<\/strong> . Cette cat\u00e9gorie inclut les compos\u00e9s synth\u00e9tiques qui interagissent avec les r\u00e9cepteurs androg\u00e8nes et sont associ\u00e9s \u00e0 la recherche m\u00e9dicale et \u00e0 des usages non m\u00e9dicaux am\u00e9liorant la performance. DrugBank identifie la 1-testost\u00e9rone comme liant le r\u00e9cepteur androg\u00e8ne, qui est la caract\u00e9ristique pharmacologique centrale d\u00e9finissant cette classe de compos\u00e9s.  <\/p>\n<h3 data-section-id=\"19je6ac\" data-start=\"3043\" data-end=\"3072\">Ce n\u2019est pas un compl\u00e9ment standard<\/h3>\n<p data-start=\"3074\" data-end=\"3450\">Le DHB n\u2019est pas comparable aux poudres de prot\u00e9ines, aux pr\u00e9-entra\u00eenements, aux acides amin\u00e9s ou aux compl\u00e9ments g\u00e9n\u00e9raux de soutien hormonal. Elle appartient \u00e0 une classe de substances distincte sur le plan m\u00e9dical et l\u00e9gal. Cette distinction est importante car les st\u00e9ro\u00efdes anabolisants sont r\u00e9glement\u00e9s diff\u00e9remment et comportent un profil de risque tr\u00e8s diff\u00e9rent de celui des produits de nutrition sportive conventionnels.  <\/p>\n<h2 data-section-id=\"10o3dkm\" data-start=\"3452\" data-end=\"3476\">Pourquoi DHB est bien connu<\/h2>\n<p data-start=\"3478\" data-end=\"4093\">Le DHB reste largement reconnu dans les discussions ax\u00e9es sur le musculation et le physique car il est souvent associ\u00e9 \u00e0 <strong data-start=\"3596\" data-end=\"3609\">la masse maigre<\/strong>, <strong data-start=\"3611\" data-end=\"3629\">\u00e0 la densit\u00e9 musculaire<\/strong> et \u00e0 une <strong data-start=\"3637\" data-end=\"3660\">vision plus dure<\/strong> dans les discussions non m\u00e9dicales. Ces descriptions proviennent principalement de communaut\u00e9s orient\u00e9es vers le corps plut\u00f4t que d\u2019\u00e9tiquetage m\u00e9dical approuv\u00e9, mais elles constituent une des principales raisons pour lesquelles ce compos\u00e9 reste visible sur le march\u00e9 et parmi les utilisateurs exp\u00e9riment\u00e9s qui \u00e9tudient les agents anabolisants. Cela ne change pas l\u2019identit\u00e9 factuelle centrale du produit, qui reste la dihydrobold\u00e9none, \u00e9galement appel\u00e9e 1-testost\u00e9rone.  <\/p>\n<h2 data-section-id=\"11fafqt\" data-start=\"4474\" data-end=\"4495\">Informations sur la s\u00e9curit\u00e9<\/h2>\n<p data-start=\"4497\" data-end=\"4903\">La DHB doit \u00eatre comprise dans le contexte plus large de s\u00e9curit\u00e9 des <strong data-start=\"4559\" data-end=\"4591\">st\u00e9ro\u00efdes anabolisants androg\u00e9niques<\/strong> en tant que classe. Les revues sur l\u2019utilisation de st\u00e9ro\u00efdes anabolisants d\u00e9crivent des risques pouvant concerner le syst\u00e8me cardiovasculaire, la fonction endocrinienne, la fertilit\u00e9, l\u2019\u00e9quilibre lipidique, l\u2019humeur, la fonction sexuelle et les effets li\u00e9s au foie, selon la substance, le mode d\u2019utilisation et l\u2019\u00e9tat de sant\u00e9 individuel. <\/p>\n<p data-start=\"4905\" data-end=\"5263\">Parce que le DHB est un st\u00e9ro\u00efde anabolisant, il ne doit pas \u00eatre trait\u00e9 comme un produit de fitness occasionnel. Les produits de cette cat\u00e9gorie pr\u00e9sentent des consid\u00e9rations de sant\u00e9 fondamentalement diff\u00e9rentes des compl\u00e9ments sportifs en vente libre classiques. Cela s\u2019applique que le compos\u00e9 soit appel\u00e9 DHB, dihydrobold\u00e9nonne ou 1-testost\u00e9rone.  <\/p>\n<h2 data-section-id=\"1r3gdur\" data-start=\"5265\" data-end=\"5296\">Contexte sportif et r\u00e9glementaire<\/h2>\n<p data-start=\"5298\" data-end=\"5627\">Le DHB n\u2019est pas compatible avec <strong data-start=\"5325\" data-end=\"5346\">le sport test\u00e9 par drogue<\/strong>. L\u2019AMA inclut <strong data-start=\"5362\" data-end=\"5380\">la 1-testost\u00e9rone<\/strong> sur la liste des st\u00e9ro\u00efdes androg\u00e9niques anabolisants, ce qui la place clairement dans la cat\u00e9gorie des agents anabolisants interdits. Pour les athl\u00e8tes soumis aux r\u00e8gles antidopage, ce statut est un crit\u00e8re majeur.  <\/p>\n<p data-start=\"5629\" data-end=\"5895\">Le statut r\u00e9glementaire des st\u00e9ro\u00efdes anabolisants peut \u00e9galement varier selon la juridiction. Par cons\u00e9quent, les compos\u00e9s tels que le DHB doivent \u00eatre consid\u00e9r\u00e9s non pas comme des ingr\u00e9dients de compl\u00e9ments ordinaires, mais comme des substances ayant une pertinence l\u00e9gale, sportive et m\u00e9dicale. <\/p>\n<h2 data-section-id=\"jxh74a\" data-start=\"5897\" data-end=\"5914\">Aper\u00e7u final<\/h2>\n<p data-start=\"5916\" data-end=\"6347\">Le DHB de Moldavian Pharma contient <strong data-start=\"5949\" data-end=\"5969\">de la dihydrobold\u00e9none<\/strong>, \u00e9galement appel\u00e9e <strong data-start=\"5985\" data-end=\"6003\">1-testost\u00e9rone<\/strong>. C\u2019est un st\u00e9ro\u00efde androg\u00e9nique anabolisant synth\u00e9tique, structurellement li\u00e9 \u00e0 la fois \u00e0 la testost\u00e9rone et \u00e0 la bold\u00e9none, et agit via le r\u00e9cepteur androg\u00e8ne. <\/p>\n<\/div>\n<\/div>\n<\/div>\n<\/div>\n<\/div>\n<\/div>\n<\/article>\n<\/div>\n<p>Le produit est disponible \u00e0 la vente pour les particuliers et les instituts de recherche, les laboratoires, les universit\u00e9s ou les cercles d\u2019\u00e9tudes chimiques destin\u00e9s \u00e0 mener des recherches.<\/p>\n<p>Le produit n\u2019est pas un produit alimentaire ou un compl\u00e9ment alimentaire, et n\u2019est pas adapt\u00e9 \u00e0 la consommation humaine.<\/p>\n<p>Si vous ne vous sentez pas bien ou si vous ressentez des effets secondaires au contact de la substance, consultez votre m\u00e9decin.<\/p>\n<p><strong>Conditions de stockage particuli\u00e8res :<\/strong><\/p>\n<p>Conservez le flacon non dilu\u00e9 de poudre lyophilis\u00e9e dans un endroit frais, sec et sombre. Apr\u00e8s reconstitution, la substance doit \u00eatre stock\u00e9e \u00e0 une temp\u00e9rature comprise entre <em>2<\/em> et 8 \u00b0C. <\/p>\n<p>Toutes les propri\u00e9t\u00e9s ci-dessus ont \u00e9t\u00e9 observ\u00e9es dans des \u00e9tudes de laboratoire non men\u00e9es sur des humains et sont fournies \u00e0 titre informatif uniquement. Aucune des informations contenues dans les descriptions n\u2019est approuv\u00e9e par l\u2019Autorit\u00e9 europ\u00e9enne de s\u00e9curit\u00e9 des aliments (EFSA). Ce produit n\u2019est pas un m\u00e9dicament, un aliment ou un compl\u00e9ment alimentaire et ne convient pas \u00e0 la consommation humaine.   Le produit est class\u00e9 comme r\u00e9actif chimique\/mat\u00e9riau de r\u00e9f\u00e9rence autoris\u00e9 pour une utilisation dans l\u2019Union europ\u00e9enne et ne peut \u00eatre utilis\u00e9 que pour la recherche scientifique. D\u2019autres informations sur le produit sont contenues dans la fiche de donn\u00e9es de s\u00e9curit\u00e9, que nous mettons \u00e0 disposition pour inspection. Les produits ne sont disponibles que pour les institutions ou les personnes associ\u00e9es \u00e0 des activit\u00e9s de recherche ou de laboratoire.<\/p>\n","protected":false},"excerpt":{"rendered":"<div class=\"flex-shrink-0 flex flex-col relative items-end\">\n<div class=\"pt-0\">\n<div class=\"gizmo-bot-avatar flex h-8 w-8 items-center justify-center overflow-hidden rounded-full\">\n<div class=\"relative p-1 rounded-sm flex items-center justify-center bg-token-main-surface-primary text-token-text-primary h-8 w-8\">\n<div class=\"flex-shrink-0 flex flex-col relative items-end\">\n<div class=\"pt-0\">\n<div class=\"gizmo-bot-avatar flex h-8 w-8 items-center justify-center overflow-hidden rounded-full\">\n<div class=\"flex-shrink-0 flex flex-col relative items-end\">\n<div class=\"pt-0\">\n<div class=\"gizmo-bot-avatar flex h-8 w-8 items-center justify-center overflow-hidden rounded-full\">\n<div class=\"relative p-1 rounded-sm flex items-center justify-center bg-token-main-surface-primary text-token-text-primary h-8 w-8\">\n<article class=\"w-full scroll-mb-[var(--thread-trailing-height,150px)] text-token-text-primary focus-visible:outline-2 focus-visible:outline-offset-[-4px]\" dir=\"auto\" data-testid=\"conversation-turn-62\" data-scroll-anchor=\"false\">\n<div class=\"m-auto text-base py-[18px] px-3 md:px-4 w-full md:px-5 lg:px-4 xl:px-5\">\n<div class=\"mx-auto flex flex-1 gap-4 text-base md:gap-5 lg:gap-6 md:max-w-3xl\">\n<div class=\"group\/conversation-turn relative flex w-full min-w-0 flex-col\">\n<div class=\"flex-col gap-1 md:gap-3\">\n<div class=\"flex max-w-full flex-col flex-grow\">\n<div class=\"min-h-8 text-message flex w-full flex-col items-end gap-2 whitespace-normal break-words text-start [.text-message+&amp;]:mt-5\" dir=\"auto\" data-message-author-role=\"user\" data-message-id=\"aaa283b9-7b85-47fc-902a-858d633e9f71\">\n<div class=\"flex w-full flex-col gap-1 empty:hidden items-end rtl:items-start\">\n<div class=\"relative max-w-[var(--user-chat-width,70%)] rounded-3xl bg-token-message-surface px-5 py-2.5\">\n<div class=\"whitespace-pre-wrap\">\n<div class=\"flex-shrink-0 flex flex-col relative items-end\">\n<div class=\"pt-0\">\n<div class=\"gizmo-bot-avatar flex h-8 w-8 items-center justify-center overflow-hidden rounded-full\">\n<div class=\"relative p-1 rounded-sm flex items-center justify-center bg-token-main-surface-primary text-token-text-primary h-8 w-8\">\n<div class=\"flex-shrink-0 flex flex-col relative items-end\">\n<div class=\"pt-0\">\n<div class=\"gizmo-bot-avatar flex h-8 w-8 items-center justify-center overflow-hidden rounded-full\">\n<p><strong>Le DHB (D\u00e9shydrobold\u00e9none)<\/strong> est un puissant st\u00e9ro\u00efde anabolisant qui partage des similitudes avec <strong>la Bold\u00e9nonne (Equipoise)<\/strong> mais poss\u00e8de une structure chimique l\u00e9g\u00e8rement modifi\u00e9e qui renforce ses effets anabolisants tout en minimisant ses propri\u00e9t\u00e9s \u0153strog\u00e9niques. Reconnu pour sa capacit\u00e9 \u00e0 favoriser la croissance musculaire maigre et \u00e0 am\u00e9liorer la densit\u00e9 musculaire, le DHB est souvent utilis\u00e9 par les athl\u00e8tes et les bodybuilders lors des cycles de masse et de force. Contrairement \u00e0 d\u2019autres st\u00e9ro\u00efdes qui entra\u00eenent une r\u00e9tention d\u2019eau importante, le DHB favorise une silhouette plus dure et plus d\u00e9finie avec un gain de graisse minimal, ce qui en fait un choix incontournable pour les athl\u00e8tes souhaitant prendre de la masse musculaire tout en restant minces.  <\/p>\n<h4><\/h4>\n<\/div>\n<\/div>\n<\/div>\n<\/div>\n<\/div>\n<\/div>\n<\/div>\n<\/div>\n<\/div>\n<\/div>\n<\/div>\n<\/div>\n<\/div>\n<\/div>\n<\/div>\n<\/div>\n<\/article>\n<\/div>\n<\/div>\n<\/div>\n<\/div>\n<\/div>\n<\/div>\n<\/div>\n<\/div>\n<\/div>\n<\/div>\n<\/div>\n","protected":false},"featured_media":16056,"comment_status":"open","ping_status":"closed","template":"","meta":[],"product_brand":[313],"product_cat":[277],"product_tag":[286],"class_list":{"0":"post-17816","1":"product","2":"type-product","3":"status-publish","4":"has-post-thumbnail","6":"product_brand-pharma-moldave","7":"product_cat-injectables","8":"product_tag-dhb","10":"first","11":"instock","12":"shipping-taxable","13":"purchasable","14":"product-type-simple"},"_links":{"self":[{"href":"https:\/\/gymanabolic.com\/fr\/wp-json\/wp\/v2\/product\/17816","targetHints":{"allow":["GET"]}}],"collection":[{"href":"https:\/\/gymanabolic.com\/fr\/wp-json\/wp\/v2\/product"}],"about":[{"href":"https:\/\/gymanabolic.com\/fr\/wp-json\/wp\/v2\/types\/product"}],"replies":[{"embeddable":true,"href":"https:\/\/gymanabolic.com\/fr\/wp-json\/wp\/v2\/comments?post=17816"}],"version-history":[{"count":0,"href":"https:\/\/gymanabolic.com\/fr\/wp-json\/wp\/v2\/product\/17816\/revisions"}],"wp:featuredmedia":[{"embeddable":true,"href":"https:\/\/gymanabolic.com\/fr\/wp-json\/wp\/v2\/media\/16056"}],"wp:attachment":[{"href":"https:\/\/gymanabolic.com\/fr\/wp-json\/wp\/v2\/media?parent=17816"}],"wp:term":[{"taxonomy":"product_brand","embeddable":true,"href":"https:\/\/gymanabolic.com\/fr\/wp-json\/wp\/v2\/product_brand?post=17816"},{"taxonomy":"product_cat","embeddable":true,"href":"https:\/\/gymanabolic.com\/fr\/wp-json\/wp\/v2\/product_cat?post=17816"},{"taxonomy":"product_tag","embeddable":true,"href":"https:\/\/gymanabolic.com\/fr\/wp-json\/wp\/v2\/product_tag?post=17816"}],"curies":[{"name":"wp","href":"https:\/\/api.w.org\/{rel}","templated":true}]}}