{"id":17809,"date":"2025-02-04T02:31:16","date_gmt":"2025-02-04T01:31:16","guid":{"rendered":"https:\/\/gymanabolic.com\/shop\/cabasyr\/"},"modified":"2025-02-04T02:31:16","modified_gmt":"2025-02-04T01:31:16","slug":"cabasyr","status":"publish","type":"product","link":"https:\/\/gymanabolic.com\/fr\/shop\/cabasyr\/","title":{"rendered":"CABASYR"},"content":{"rendered":"<h2 data-start=\"269\" data-end=\"279\" data-section-id=\"1md835o\">CABASYR<\/h2>\n<p data-start=\"281\" data-end=\"618\">CABASYR de Moldavian Pharma contient de <strong data-start=\"318\" data-end=\"333\">la cabergoline<\/strong>, un <strong data-start=\"349\" data-end=\"378\">agoniste des r\u00e9cepteurs dopaminergiques<\/strong> \u00e0 action prolong\u00e9e utilis\u00e9 m\u00e9dicalement pour r\u00e9duire les niveaux \u00e9lev\u00e9s de prolactine. Les informations officielles de prescription et MedlinePlus d\u00e9crivent la cabergoline comme un agoniste dopaminergique indiqu\u00e9 pour <strong data-start=\"537\" data-end=\"569\">les troubles de l\u2019hyperprolactin\u00e9mie<\/strong> chez l\u2019adulte. <\/p>\n<h2 data-start=\"620\" data-end=\"638\" data-section-id=\"3o3dgs\">Ce qu\u2019est CABASYR<\/h2>\n<p data-start=\"640\" data-end=\"1028\">L\u2019ingr\u00e9dient actif de CABASYR est la <strong data-start=\"676\" data-end=\"691\">cabergoline<\/strong>. La cabergoline appartient \u00e0 la classe des agonistes de la dopamine et agit en <strong data-start=\"756\" data-end=\"790\">diminuant la s\u00e9cr\u00e9tion de prolactine<\/strong> dans l\u2019hypophyse. L\u2019\u00e9tiquetage officiel de la FDA indique qu\u2019il s\u2019agit d\u2019un d\u00e9riv\u00e9 de l\u2019ergot indiqu\u00e9 pour le traitement des troubles de l\u2019hyperprolactin\u00e9mie, y compris les cas idiopathiques ou ceux dus \u00e0 des ad\u00e9nomes hypophysaires.  <\/p>\n<p data-start=\"1030\" data-end=\"1290\">La cabergoline n\u2019est pas un st\u00e9ro\u00efde anabolisant. C\u2019est un <strong data-start=\"1078\" data-end=\"1113\">agoniste pharmaceutique de la dopamine<\/strong> , mais avec un m\u00e9canisme et un r\u00f4le m\u00e9dical diff\u00e9rents. Son identit\u00e9 est d\u00e9finie par le compos\u00e9 actif cabergoline et son action de r\u00e9duction de la prolactine.  <\/p>\n<h2 data-start=\"1292\" data-end=\"1312\" data-section-id=\"1rsa30\">Ingr\u00e9dient actif<\/h2>\n<h3 data-start=\"1314\" data-end=\"1329\" data-section-id=\"1hfki2f\">Cabergoline<\/h3>\n<p data-start=\"1331\" data-end=\"1568\">La cabergoline est l\u2019ingr\u00e9dient embl\u00e9matique de CABASYR. L\u2019\u00e9tiquetage de la FDA le d\u00e9crit comme un <strong data-start=\"1413\" data-end=\"1454\">agoniste des r\u00e9cepteurs dopaminergiques \u00e0 longue dur\u00e9e<\/strong>, et MedlinePlus indique qu\u2019il r\u00e9duit la quantit\u00e9 de prolactine dans l\u2019organisme. <\/p>\n<h3 data-start=\"1570\" data-end=\"1602\" data-section-id=\"2zwds3\">M\u00e9canisme de r\u00e9duction de la prolactine<\/h3>\n<p data-start=\"1604\" data-end=\"1890\">Le m\u00e9canisme derri\u00e8re la cabergoline est directement li\u00e9 \u00e0 la r\u00e9gulation de la prolactine. L\u2019\u00e9tiquette de la FDA explique que la s\u00e9cr\u00e9tion de prolactine est principalement contr\u00f4l\u00e9e par la dopamine et que la cabergoline exerce un effet inhibiteur direct sur la s\u00e9cr\u00e9tion de prolactine. <\/p>\n<h2 data-start=\"1892\" data-end=\"1910\" data-section-id=\"1mubl4h\">Contexte m\u00e9dical<\/h2>\n<p data-start=\"1912\" data-end=\"2224\">CABASYR est mieux compris comme un produit de cabergoline destin\u00e9 aux <strong data-start=\"1977\" data-end=\"2015\">contextes m\u00e9dicaux li\u00e9s \u00e0 la prolactine<\/strong>, et non comme un compl\u00e9ment sportif g\u00e9n\u00e9ral. MedlinePlus liste la cabergoline pour l\u2019hyperprolactin\u00e9mie, et l\u2019\u00e9tiquetage FDA d\u00e9crit son utilisation chez les adultes atteints de troubles hyperprolactin\u00e9miques. <\/p>\n<p data-start=\"2226\" data-end=\"2509\">Parce qu\u2019il s\u2019agit d\u2019un ingr\u00e9dient pharmaceutique r\u00e9glement\u00e9, la cabergoline doit \u00eatre consid\u00e9r\u00e9e diff\u00e9remment des produits de nutrition sportive ordinaires. Il appartient \u00e0 une cat\u00e9gorie de m\u00e9dicaments sur ordonnance sur de nombreux march\u00e9s et comporte des consid\u00e9rations m\u00e9dicales importantes. <\/p>\n<h2 data-start=\"2511\" data-end=\"2542\" data-section-id=\"9weaj7\">Informations importantes sur la s\u00e9curit\u00e9<\/h2>\n<p data-start=\"2544\" data-end=\"2877\">La cabergoline est un m\u00e9dicament sur ordonnance et ne doit pas \u00eatre trait\u00e9e comme un compl\u00e9ment occasionnel. L\u2019\u00e9tiquetage actuel de la FDA recommande une \u00e9valuation des <strong data-start=\"2678\" data-end=\"2704\">maladies cardiaques valvulaires<\/strong>, y compris l\u2019\u00e9chocardiographie, avant d\u2019initier le traitement, et pr\u00e9cise que le m\u00e9dicament ne doit pas \u00eatre utilis\u00e9 si une maladie valvulaire est d\u00e9tect\u00e9e. <\/p>\n<p data-start=\"2879\" data-end=\"3066\">L\u2019\u00e9tiquette de la FDA d\u00e9conseille \u00e9galement d\u2019utiliser la cabergoline pour la suppression de la lactation post-partum normale en raison du risque d\u2019effets ind\u00e9sirables graves.<\/p>\n<h2 data-start=\"3068\" data-end=\"3099\" data-section-id=\"1r3gdur\">Contexte sportif et r\u00e9glementaire<\/h2>\n<p data-start=\"3101\" data-end=\"3589\">La cabergoline est surtout connue pour son usage m\u00e9dical dans les troubles li\u00e9s \u00e0 la prolactine plut\u00f4t que par la suppl\u00e9mentation sportive. Si les acheteurs sont soumis aux r\u00e8gles antidopage ou aux contr\u00f4les sur ordonnance, les r\u00e9glementations locales et les r\u00e8gles sportives doivent \u00eatre v\u00e9rifi\u00e9es directement, car le statut r\u00e9glementaire peut varier selon la juridiction et le cadre de comp\u00e9tition. La FDA et MedlinePlus pr\u00e9sentent toutes deux la cabergoline comme un produit m\u00e9dicamenteux \u00e0 usage m\u00e9dical, et non comme un produit de bien-\u00eatre en vente libre.  <\/p>\n<h2 data-section-id=\"1k5q749\" data-start=\"3591\" data-end=\"3601\">R\u00e9sum\u00e9<\/h2>\n<p data-start=\"3603\" data-end=\"4057\">CABASYR de Moldavian Pharma contient de <strong data-start=\"3640\" data-end=\"3655\">la cabergoline<\/strong>, un agoniste dopaminergique \u00e0 action prolong\u00e9e utilis\u00e9 pour r\u00e9duire la prolactine chez les adultes souffrant de troubles hyperprolactin\u00e9miques. Les faits fondamentaux sont l\u2019ingr\u00e9dient actif, la classification des agonistes de la dopamine, et le contexte m\u00e9dical autour de la r\u00e9gulation de la prolactine. Il faut le comprendre comme un produit pharmaceutique r\u00e9glement\u00e9 avec des consid\u00e9rations importantes de s\u00e9curit\u00e9, et non comme un compl\u00e9ment g\u00e9n\u00e9ral.  <\/p>\n<p>Le produit est disponible \u00e0 la vente pour les particuliers et les instituts de recherche, les laboratoires, les universit\u00e9s ou les cercles d\u2019\u00e9tudes chimiques destin\u00e9s \u00e0 mener des recherches.<\/p>\n<p>Le produit n\u2019est pas un produit alimentaire ou un compl\u00e9ment alimentaire, et n\u2019est pas adapt\u00e9 \u00e0 la consommation humaine.<\/p>\n<p>Si vous ne vous sentez pas bien ou si vous ressentez des effets secondaires au contact de la substance, consultez votre m\u00e9decin.<\/p>\n<p><strong>Conditions de stockage particuli\u00e8res :<\/strong><\/p>\n<p>Conservez le flacon non dilu\u00e9 de poudre lyophilis\u00e9e dans un endroit frais, sec et sombre. Apr\u00e8s reconstitution, la substance doit \u00eatre stock\u00e9e \u00e0 une temp\u00e9rature comprise entre <em>2<\/em> et 8 \u00b0C. <\/p>\n<p>Toutes les propri\u00e9t\u00e9s ci-dessus ont \u00e9t\u00e9 observ\u00e9es dans des \u00e9tudes de laboratoire non men\u00e9es sur des humains et sont fournies \u00e0 titre informatif uniquement. Aucune des informations contenues dans les descriptions n\u2019est approuv\u00e9e par l\u2019Autorit\u00e9 europ\u00e9enne de s\u00e9curit\u00e9 des aliments (EFSA). Ce produit n\u2019est pas un m\u00e9dicament, un aliment ou un compl\u00e9ment alimentaire et ne convient pas \u00e0 la consommation humaine.   Le produit est class\u00e9 comme r\u00e9actif chimique\/mat\u00e9riau de r\u00e9f\u00e9rence autoris\u00e9 pour une utilisation dans l\u2019Union europ\u00e9enne et ne peut \u00eatre utilis\u00e9 que pour la recherche scientifique. D\u2019autres informations sur le produit sont contenues dans la fiche de donn\u00e9es de s\u00e9curit\u00e9, que nous mettons \u00e0 disposition pour inspection. Les produits ne sont disponibles que pour les institutions ou les personnes associ\u00e9es \u00e0 des activit\u00e9s de recherche ou de laboratoire.<\/p>\n","protected":false},"excerpt":{"rendered":"<div class=\"flex-shrink-0 flex flex-col relative items-end\">\n<div class=\"pt-0\">\n<div class=\"gizmo-bot-avatar flex h-8 w-8 items-center justify-center overflow-hidden rounded-full\">\n<div class=\"relative p-1 rounded-sm flex items-center justify-center bg-token-main-surface-primary text-token-text-primary h-8 w-8\">\n<div class=\"flex-shrink-0 flex flex-col relative items-end\">\n<div class=\"pt-0\">\n<div class=\"gizmo-bot-avatar flex h-8 w-8 items-center justify-center overflow-hidden rounded-full\">\n<div class=\"flex-shrink-0 flex flex-col relative items-end\">\n<div class=\"pt-0\">\n<div class=\"gizmo-bot-avatar flex h-8 w-8 items-center justify-center overflow-hidden rounded-full\">\n<div class=\"relative p-1 rounded-sm flex items-center justify-center bg-token-main-surface-primary text-token-text-primary h-8 w-8\">\n<article class=\"w-full scroll-mb-[var(--thread-trailing-height,150px)] text-token-text-primary focus-visible:outline-2 focus-visible:outline-offset-[-4px]\" dir=\"auto\" data-testid=\"conversation-turn-62\" data-scroll-anchor=\"false\">\n<div class=\"m-auto text-base py-[18px] px-3 md:px-4 w-full md:px-5 lg:px-4 xl:px-5\">\n<div class=\"mx-auto flex flex-1 gap-4 text-base md:gap-5 lg:gap-6 md:max-w-3xl\">\n<div class=\"group\/conversation-turn relative flex w-full min-w-0 flex-col\">\n<div class=\"flex-col gap-1 md:gap-3\">\n<div class=\"flex max-w-full flex-col flex-grow\">\n<div class=\"min-h-8 text-message flex w-full flex-col items-end gap-2 whitespace-normal break-words text-start [.text-message+&amp;]:mt-5\" dir=\"auto\" data-message-author-role=\"user\" data-message-id=\"aaa283b9-7b85-47fc-902a-858d633e9f71\">\n<div class=\"flex w-full flex-col gap-1 empty:hidden items-end rtl:items-start\">\n<div class=\"relative max-w-[var(--user-chat-width,70%)] rounded-3xl bg-token-message-surface px-5 py-2.5\">\n<div class=\"whitespace-pre-wrap\">\n<div class=\"flex-shrink-0 flex flex-col relative items-end\">\n<div class=\"pt-0\">\n<div class=\"gizmo-bot-avatar flex h-8 w-8 items-center justify-center overflow-hidden rounded-full\">\n<div class=\"relative p-1 rounded-sm flex items-center justify-center bg-token-main-surface-primary text-token-text-primary h-8 w-8\">\n<div class=\"flex-shrink-0 flex flex-col relative items-end\">\n<div class=\"pt-0\">\n<div class=\"gizmo-bot-avatar flex h-8 w-8 items-center justify-center overflow-hidden rounded-full\">\n<p><strong>La cabergoline<\/strong> est un puissant agoniste de la dopamine, couramment utilis\u00e9 dans le culturisme et le sport pour g\u00e9rer les niveaux <strong>de prolactine<\/strong> , qui peuvent augmenter lors de certains cycles de cortico\u00efdes anabolisants. La prolactine est une hormone qui peut contribuer \u00e0 des effets secondaires ind\u00e9sirables tels <strong>que la gyn\u00e9comastie<\/strong> (croissance du tissu mammaire masculin), la r\u00e9tention d\u2019eau et un dysfonctionnement sexuel lorsqu\u2019elle est d\u00e9s\u00e9quilibr\u00e9e. <strong>La cabergoline<\/strong> aide \u00e0 pr\u00e9venir et \u00e0 g\u00e9rer ces effets en bloquant la s\u00e9cr\u00e9tion de prolactine, garantissant ainsi un \u00e9quilibre hormonal pendant un cycle de cortico\u00efdes. <\/p>\n<\/div>\n<\/div>\n<\/div>\n<\/div>\n<\/div>\n<\/div>\n<\/div>\n<\/div>\n<\/div>\n<\/div>\n<\/div>\n<\/div>\n<\/div>\n<\/div>\n<\/div>\n<\/div>\n<\/article>\n<\/div>\n<\/div>\n<\/div>\n<\/div>\n<\/div>\n<\/div>\n<\/div>\n<\/div>\n<\/div>\n<\/div>\n<\/div>\n","protected":false},"featured_media":16078,"comment_status":"open","ping_status":"closed","template":"","meta":[],"product_brand":[313],"product_cat":[280],"product_tag":[302],"class_list":{"0":"post-17809","1":"product","2":"type-product","3":"status-publish","4":"has-post-thumbnail","6":"product_brand-pharma-moldave","7":"product_cat-steroides-oraux","8":"product_tag-cabergoline","10":"first","11":"instock","12":"shipping-taxable","13":"purchasable","14":"product-type-simple"},"_links":{"self":[{"href":"https:\/\/gymanabolic.com\/fr\/wp-json\/wp\/v2\/product\/17809","targetHints":{"allow":["GET"]}}],"collection":[{"href":"https:\/\/gymanabolic.com\/fr\/wp-json\/wp\/v2\/product"}],"about":[{"href":"https:\/\/gymanabolic.com\/fr\/wp-json\/wp\/v2\/types\/product"}],"replies":[{"embeddable":true,"href":"https:\/\/gymanabolic.com\/fr\/wp-json\/wp\/v2\/comments?post=17809"}],"version-history":[{"count":0,"href":"https:\/\/gymanabolic.com\/fr\/wp-json\/wp\/v2\/product\/17809\/revisions"}],"wp:featuredmedia":[{"embeddable":true,"href":"https:\/\/gymanabolic.com\/fr\/wp-json\/wp\/v2\/media\/16078"}],"wp:attachment":[{"href":"https:\/\/gymanabolic.com\/fr\/wp-json\/wp\/v2\/media?parent=17809"}],"wp:term":[{"taxonomy":"product_brand","embeddable":true,"href":"https:\/\/gymanabolic.com\/fr\/wp-json\/wp\/v2\/product_brand?post=17809"},{"taxonomy":"product_cat","embeddable":true,"href":"https:\/\/gymanabolic.com\/fr\/wp-json\/wp\/v2\/product_cat?post=17809"},{"taxonomy":"product_tag","embeddable":true,"href":"https:\/\/gymanabolic.com\/fr\/wp-json\/wp\/v2\/product_tag?post=17809"}],"curies":[{"name":"wp","href":"https:\/\/api.w.org\/{rel}","templated":true}]}}