{"id":17799,"date":"2025-02-04T02:09:14","date_gmt":"2025-02-04T01:09:14","guid":{"rendered":"https:\/\/gymanabolic.com\/shop\/citrate-de-clomiphene\/"},"modified":"2025-02-04T02:09:14","modified_gmt":"2025-02-04T01:09:14","slug":"citrate-de-clomiphene","status":"publish","type":"product","link":"https:\/\/gymanabolic.com\/fr\/shop\/citrate-de-clomiphene\/","title":{"rendered":"Citrate de clomiph\u00e8ne"},"content":{"rendered":"<h2 data-section-id=\"g0k6uj\" data-start=\"265\" data-end=\"286\">Citrate de clomiph\u00e8ne<\/h2>\n<p data-start=\"288\" data-end=\"639\">Le citrate de clomiph\u00e8ne de Moldavian Pharma contient du <strong data-start=\"336\" data-end=\"358\">citrate de clomiph\u00e8ne<\/strong>, un modulateur s\u00e9lectif des r\u00e9cepteurs \u0153strog\u00e8nes, \u00e9galement appel\u00e9 <strong data-start=\"417\" data-end=\"425\">SERM<\/strong>. Les informations officielles sur les m\u00e9dicaments d\u00e9crivent le clomiph\u00e8ne comme un stimulant ovulateur qui interagit avec les tissus contenant les r\u00e9cepteurs d\u2019\u0153strog\u00e8nes et agit via les voies li\u00e9es aux \u0153strog\u00e8nes. <\/p>\n<h2 data-section-id=\"2nt04b\" data-start=\"641\" data-end=\"670\">Qu\u2019est-ce que le citrate de clomiph\u00e8ne<\/h2>\n<p data-start=\"672\" data-end=\"1047\">L\u2019ingr\u00e9dient actif de ce produit est le <strong data-start=\"713\" data-end=\"735\">citrate de clomiph\u00e8ne<\/strong>. C\u2019est un compos\u00e9 pharmaceutique, pas un st\u00e9ro\u00efde anabolisant, et il appartient \u00e0 la cat\u00e9gorie SERM. Le marquage de la FDA indique que le citrate de clomiph\u00e8ne peut interagir avec les tissus contenant les r\u00e9cepteurs d\u2019\u0153strog\u00e8nes, notamment l\u2019hypothalamus, l\u2019hypophyse, l\u2019ovaire, l\u2019endom\u00e8tre, le vagin et le col de l\u2019ut\u00e9rus.  <\/p>\n<p data-start=\"1049\" data-end=\"1320\">Le clomiph\u00e8ne est surtout connu m\u00e9dicalement pour une utilisation chez les femmes souffrant de certaines affections infertiles li\u00e9es \u00e0 l\u2019ovulation. MedlinePlus le d\u00e9crit comme un m\u00e9dicament utilis\u00e9 pour induire l\u2019ovulation chez les femmes qui ne produisent pas d\u2019ovules et souhaitent tomber enceintes. <\/p>\n<h2 data-section-id=\"1rsa30\" data-start=\"1322\" data-end=\"1342\">Ingr\u00e9dient actif<\/h2>\n<h3 data-section-id=\"1eclpew\" data-start=\"1344\" data-end=\"1366\">Citrate de clomiph\u00e8ne<\/h3>\n<p data-start=\"1368\" data-end=\"1674\">Le citrate de clomiph\u00e8ne est l\u2019ingr\u00e9dient principal de ce produit. Il est largement connu sous le nom <strong data-start=\"1471\" data-end=\"1481\">de marque Clomid<\/strong>, bien que le compos\u00e9 pharmaceutique principal soit le citrate de clomiph\u00e8ne lui-m\u00eame. L\u2019\u00e9tiquetage de la FDA identifie les comprim\u00e9s standards comme des comprim\u00e9s de <strong data-start=\"1599\" data-end=\"1627\">50 mg de citrate de clomif\u00e8ne<\/strong> .  <\/p>\n<h3 data-section-id=\"t6p1g9\" data-start=\"1676\" data-end=\"1699\">Classification SERM<\/h3>\n<p data-start=\"1701\" data-end=\"2042\">Le clomiph\u00e8ne appartient \u00e0 la classe <strong data-start=\"1727\" data-end=\"1768\">des modulateurs s\u00e9lectifs des r\u00e9cepteurs d\u2019\u0153strog\u00e8nes<\/strong> . Cela signifie qu\u2019il agit par les voies des r\u00e9cepteurs d\u2019\u0153strog\u00e8nes plut\u00f4t que par une action anabolisante ou androg\u00e9nique directe. C\u2019est le point cl\u00e9 qui le distingue des st\u00e9ro\u00efdes anabolisants, des esters de testost\u00e9rone et des compl\u00e9ments sportifs en g\u00e9n\u00e9ral.  <\/p>\n<h2 data-section-id=\"1mubl4h\" data-start=\"2044\" data-end=\"2062\">Contexte m\u00e9dical<\/h2>\n<p data-start=\"2064\" data-end=\"2422\">Le citrate de clomiph\u00e8ne doit \u00eatre compris comme un produit m\u00e9dicamenteux r\u00e9glement\u00e9 ayant un r\u00f4le m\u00e9dical d\u00e9fini. Son utilisation principale reconnue est dans les traitements m\u00e9dicaux li\u00e9s \u00e0 la fertilit\u00e9, et non dans la nutrition sportive ordinaire. Pour cette raison, il ne faut pas le confondre avec les produits de soutien hormonal en vente libre ou les formules de compl\u00e9ments basiques.  <\/p>\n<h2 data-section-id=\"9weaj7\" data-start=\"2424\" data-end=\"2455\">Informations importantes sur la s\u00e9curit\u00e9<\/h2>\n<p data-start=\"2457\" data-end=\"2732\">Le citrate de clomiph\u00e8ne est un m\u00e9dicament et ne doit pas \u00eatre trait\u00e9 comme un compl\u00e9ment ordinaire. L\u2019\u00e9tiquetage approuv\u00e9 par la FDA inclut des avertissements et des contre-indications, et il doit \u00eatre pris en compte \u00e0 la lumi\u00e8re des normes m\u00e9dicales locales et des r\u00e8gles de prescription. <\/p>\n<h2 data-section-id=\"1k5q749\" data-start=\"2734\" data-end=\"2744\">R\u00e9sum\u00e9<\/h2>\n<p data-start=\"2746\" data-end=\"3087\">Le citrate de clomiph\u00e8ne produit par Moldavian Pharma contient du <strong data-start=\"2794\" data-end=\"2816\">citrate de clomiph\u00e8ne<\/strong>, un <strong data-start=\"2820\" data-end=\"2861\">modulateur s\u00e9lectif des r\u00e9cepteurs \u0153strog\u00e8nes<\/strong>. Les faits fondamentaux sont l\u2019ingr\u00e9dient actif, la classification SERM, et son contexte m\u00e9dical \u00e9tabli en tant que produit pharmaceutique plut\u00f4t qu\u2019un compos\u00e9 anabolisant ou un compl\u00e9ment g\u00e9n\u00e9ral. <\/p>\n<p data-start=\"2746\" data-end=\"3087\">Le produit est disponible \u00e0 la vente pour les particuliers et les instituts de recherche, les laboratoires, les universit\u00e9s ou les cercles d\u2019\u00e9tudes chimiques destin\u00e9s \u00e0 mener des recherches.<\/p>\n<p>Le produit n\u2019est pas un produit alimentaire ou un compl\u00e9ment alimentaire, et n\u2019est pas adapt\u00e9 \u00e0 la consommation humaine.<\/p>\n<p>Si vous ne vous sentez pas bien ou si vous ressentez des effets secondaires au contact de la substance, consultez votre m\u00e9decin.<\/p>\n<p><strong>Conditions de stockage particuli\u00e8res :<\/strong><\/p>\n<p>Conservez le flacon non dilu\u00e9 de poudre lyophilis\u00e9e dans un endroit frais, sec et sombre. Apr\u00e8s reconstitution, la substance doit \u00eatre stock\u00e9e \u00e0 une temp\u00e9rature comprise entre <em>2<\/em> et 8 \u00b0C. <\/p>\n<p>Toutes les propri\u00e9t\u00e9s ci-dessus ont \u00e9t\u00e9 observ\u00e9es dans des \u00e9tudes de laboratoire non men\u00e9es sur des humains et sont fournies \u00e0 titre informatif uniquement. Aucune des informations contenues dans les descriptions n\u2019est approuv\u00e9e par l\u2019Autorit\u00e9 europ\u00e9enne de s\u00e9curit\u00e9 des aliments (EFSA). Ce produit n\u2019est pas un m\u00e9dicament, un aliment ou un compl\u00e9ment alimentaire et ne convient pas \u00e0 la consommation humaine.   Le produit est class\u00e9 comme r\u00e9actif chimique\/mat\u00e9riau de r\u00e9f\u00e9rence autoris\u00e9 pour une utilisation dans l\u2019Union europ\u00e9enne et ne peut \u00eatre utilis\u00e9 que pour la recherche scientifique. D\u2019autres informations sur le produit sont contenues dans la fiche de donn\u00e9es de s\u00e9curit\u00e9, que nous mettons \u00e0 disposition pour inspection. Les produits ne sont disponibles que pour les institutions ou les personnes associ\u00e9es \u00e0 des activit\u00e9s de recherche ou de laboratoire.<\/p>\n","protected":false},"excerpt":{"rendered":"<div class=\"flex-shrink-0 flex flex-col relative items-end\">\n<div class=\"pt-0\">\n<div class=\"gizmo-bot-avatar flex h-8 w-8 items-center justify-center overflow-hidden rounded-full\">\n<div class=\"relative p-1 rounded-sm flex items-center justify-center bg-token-main-surface-primary text-token-text-primary h-8 w-8\">\n<div class=\"flex-shrink-0 flex flex-col relative items-end\">\n<div class=\"pt-0\">\n<div class=\"gizmo-bot-avatar flex h-8 w-8 items-center justify-center overflow-hidden rounded-full\">\n<div class=\"flex-shrink-0 flex flex-col relative items-end\">\n<div class=\"pt-0\">\n<div class=\"gizmo-bot-avatar flex h-8 w-8 items-center justify-center overflow-hidden rounded-full\">\n<div class=\"relative p-1 rounded-sm flex items-center justify-center bg-token-main-surface-primary text-token-text-primary h-8 w-8\">\n<article class=\"w-full scroll-mb-[var(--thread-trailing-height,150px)] text-token-text-primary focus-visible:outline-2 focus-visible:outline-offset-[-4px]\" dir=\"auto\" data-testid=\"conversation-turn-62\" data-scroll-anchor=\"false\">\n<div class=\"m-auto text-base py-[18px] px-3 md:px-4 w-full md:px-5 lg:px-4 xl:px-5\">\n<div class=\"mx-auto flex flex-1 gap-4 text-base md:gap-5 lg:gap-6 md:max-w-3xl\">\n<div class=\"group\/conversation-turn relative flex w-full min-w-0 flex-col\">\n<div class=\"flex-col gap-1 md:gap-3\">\n<div class=\"flex max-w-full flex-col flex-grow\">\n<div class=\"min-h-8 text-message flex w-full flex-col items-end gap-2 whitespace-normal break-words text-start [.text-message+&amp;]:mt-5\" dir=\"auto\" data-message-author-role=\"user\" data-message-id=\"aaa283b9-7b85-47fc-902a-858d633e9f71\">\n<div class=\"flex w-full flex-col gap-1 empty:hidden items-end rtl:items-start\">\n<div class=\"relative max-w-[var(--user-chat-width,70%)] rounded-3xl bg-token-message-surface px-5 py-2.5\">\n<div class=\"whitespace-pre-wrap\">\n<div class=\"flex-shrink-0 flex flex-col relative items-end\">\n<div class=\"pt-0\">\n<div class=\"gizmo-bot-avatar flex h-8 w-8 items-center justify-center overflow-hidden rounded-full\">\n<div class=\"relative p-1 rounded-sm flex items-center justify-center bg-token-main-surface-primary text-token-text-primary h-8 w-8\">\n<div class=\"flex-shrink-0 flex flex-col relative items-end\">\n<div class=\"pt-0\">\n<div class=\"gizmo-bot-avatar flex h-8 w-8 items-center justify-center overflow-hidden rounded-full\">\n<p><strong>Le citrate de clomif\u00e8ne<\/strong>, commun\u00e9ment connu sous son nom <strong>commercial Clomid<\/strong>, est un modulateur s\u00e9lectif des r\u00e9cepteurs d\u2019\u0153strog\u00e8nes (SERM) largement utilis\u00e9 dans la communaut\u00e9 du culturisme pour la th\u00e9rapie post-cycle (PCT). C\u2019est un compos\u00e9 essentiel pour les athl\u00e8tes et les bodybuilders qui sortent de cycles de cortico\u00efdes anabolisants, aidant \u00e0 restaurer la production naturelle de testost\u00e9rone, am\u00e9liorer la fertilit\u00e9 et pr\u00e9venir les effets secondaires li\u00e9s aux \u0153strog\u00e8nes. <strong>Le clomid<\/strong> agit en bloquant les r\u00e9cepteurs \u00e0 l\u2019\u0153strog\u00e8ne dans l\u2019hypothalamus, stimulant la lib\u00e9ration de gonadotrophines (LH et FSH), ce qui favorise \u00e0 son tour la production naturelle de testost\u00e9rone. <\/p>\n<\/div>\n<\/div>\n<\/div>\n<\/div>\n<\/div>\n<\/div>\n<\/div>\n<\/div>\n<\/div>\n<\/div>\n<\/div>\n<\/div>\n<\/div>\n<\/div>\n<\/div>\n<\/div>\n<\/article>\n<\/div>\n<\/div>\n<\/div>\n<\/div>\n<\/div>\n<\/div>\n<\/div>\n<\/div>\n<\/div>\n<\/div>\n<\/div>\n","protected":false},"featured_media":16066,"comment_status":"open","ping_status":"closed","template":"","meta":[],"product_brand":[313],"product_cat":[278,280],"product_tag":[282],"class_list":{"0":"post-17799","1":"product","2":"type-product","3":"status-publish","4":"has-post-thumbnail","6":"product_brand-pharma-moldave","7":"product_cat-pct","8":"product_cat-steroides-oraux","9":"product_tag-supplements-de-musculation","11":"first","12":"instock","13":"shipping-taxable","14":"purchasable","15":"product-type-simple"},"_links":{"self":[{"href":"https:\/\/gymanabolic.com\/fr\/wp-json\/wp\/v2\/product\/17799","targetHints":{"allow":["GET"]}}],"collection":[{"href":"https:\/\/gymanabolic.com\/fr\/wp-json\/wp\/v2\/product"}],"about":[{"href":"https:\/\/gymanabolic.com\/fr\/wp-json\/wp\/v2\/types\/product"}],"replies":[{"embeddable":true,"href":"https:\/\/gymanabolic.com\/fr\/wp-json\/wp\/v2\/comments?post=17799"}],"version-history":[{"count":0,"href":"https:\/\/gymanabolic.com\/fr\/wp-json\/wp\/v2\/product\/17799\/revisions"}],"wp:featuredmedia":[{"embeddable":true,"href":"https:\/\/gymanabolic.com\/fr\/wp-json\/wp\/v2\/media\/16066"}],"wp:attachment":[{"href":"https:\/\/gymanabolic.com\/fr\/wp-json\/wp\/v2\/media?parent=17799"}],"wp:term":[{"taxonomy":"product_brand","embeddable":true,"href":"https:\/\/gymanabolic.com\/fr\/wp-json\/wp\/v2\/product_brand?post=17799"},{"taxonomy":"product_cat","embeddable":true,"href":"https:\/\/gymanabolic.com\/fr\/wp-json\/wp\/v2\/product_cat?post=17799"},{"taxonomy":"product_tag","embeddable":true,"href":"https:\/\/gymanabolic.com\/fr\/wp-json\/wp\/v2\/product_tag?post=17799"}],"curies":[{"name":"wp","href":"https:\/\/api.w.org\/{rel}","templated":true}]}}