{"id":17795,"date":"2025-02-04T00:28:23","date_gmt":"2025-02-03T23:28:23","guid":{"rendered":"https:\/\/gymanabolic.com\/shop\/boldenonne-decylenate-2\/"},"modified":"2025-02-04T00:28:23","modified_gmt":"2025-02-03T23:28:23","slug":"boldenonne-decylenate-2","status":"publish","type":"product","link":"https:\/\/gymanabolic.com\/fr\/shop\/boldenonne-decylenate-2\/","title":{"rendered":"BOLD\u00c9NONNE D\u00c9CYL\u00c9NATE"},"content":{"rendered":"<h2 data-section-id=\"110lt3x\" data-start=\"124\" data-end=\"148\">Bold\u00e9nonate d\u2019undyl\u00e9nate de Moldavian Pharma<\/h2>\n<p data-start=\"150\" data-end=\"651\">Le bold\u00e9nonate d\u2019undyl\u00e9nate de Moldavian Pharma contient <strong data-start=\"201\" data-end=\"227\">du bold\u00e9nonne undaclenate<\/strong>, un st\u00e9ro\u00efde anabolique androg\u00e9nique injectable. Les sources scientifiques et de r\u00e9f\u00e9rence m\u00e9dicamenteuse d\u00e9crivent la bold\u00e9nonne comme un st\u00e9ro\u00efde anabolisant d\u00e9riv\u00e9 de la testost\u00e9rone, et notent que l\u2019ester d\u2019undyl\u00e9nate cr\u00e9e une forme injectable \u00e0 longue dur\u00e9e d\u2019action. Les critiques d\u00e9crivent \u00e9galement le bold\u00e9nonate undyl\u00e9nate comme un produit principalement d\u00e9velopp\u00e9 pour <strong data-start=\"531\" data-end=\"549\">un usage v\u00e9t\u00e9rinaire<\/strong>, en particulier chez les chevaux, plut\u00f4t que comme m\u00e9decine humaine de routine.  <\/p>\n<p data-start=\"653\" data-end=\"1034\">Ce compos\u00e9 est largement connu sous le nom <strong data-start=\"698\" data-end=\"711\">d\u2019Equipoise<\/strong>, bien que la substance active elle-m\u00eame soit la bold\u00e9nonate und\u00e9cyl\u00e9nate. En termes de produit, les faits d\u00e9terminants sont l\u2019ingr\u00e9dient actif, le format injectable et l\u2019ester long attach\u00e9 \u00e0 la mol\u00e9cule de bold\u00e9none. Ce sont les d\u00e9tails cl\u00e9s qui identifient le produit de mani\u00e8re directe et pr\u00e9cise.  <\/p>\n<h2 data-section-id=\"1pvjk27\" data-start=\"1036\" data-end=\"1055\">Profil compos\u00e9<\/h2>\n<p data-start=\"1057\" data-end=\"1428\">La bold\u00e9nonne est une <strong data-start=\"1072\" data-end=\"1116\">hormone st\u00e9ro\u00efde \u00e0 activit\u00e9 androg\u00e9nique<\/strong>. DrugBank le d\u00e9crit comme agissant via le r\u00e9cepteur des androg\u00e8nes, qui r\u00e9gule la transcription g\u00e9nique. Cela place le bold\u00e9nonne undyl\u00e9nate dans la cat\u00e9gorie des st\u00e9ro\u00efdes anabolisants androg\u00e9niques plut\u00f4t que dans celle des compl\u00e9ments sportifs standards ou des produits g\u00e9n\u00e9raux de soutien hormonal.  <\/p>\n<p data-start=\"1430\" data-end=\"1888\">L\u2019ester d\u2019undexyl\u00e9nate est important car il influence la dur\u00e9e d\u2019activit\u00e9 du compos\u00e9 apr\u00e8s l\u2019injection. DrugBank indique une <strong data-start=\"1556\" data-end=\"1586\">demi-vie d\u2019environ 14 jours<\/strong> pour l\u2019undacyl\u00e9nate de bold\u00e9none, ce qui correspond \u00e0 sa r\u00e9putation de produit injectable \u00e0 longue dur\u00e9e d\u2019action. Ce profil ester plus long est l\u2019une des principales raisons pour lesquelles l\u2019undexyl\u00e9nate de bold\u00e9nonate est discut\u00e9 diff\u00e9remment des esters plus courts comme les injectables \u00e0 base de propionate.  <\/p>\n<h2 data-section-id=\"1rsa30\" data-start=\"1890\" data-end=\"1910\">Ingr\u00e9dient actif<\/h2>\n<h3 data-section-id=\"1p9s1p7\" data-start=\"1912\" data-end=\"1938\">Und\u0113cyl\u00e9nate de bold\u00e9nonne<\/h3>\n<p data-start=\"1940\" data-end=\"2368\">L\u2019ingr\u00e9dient actif de ce produit est le <strong data-start=\"1981\" data-end=\"2007\">bold\u00e9none, undyl\u00e9nate<\/strong>. La bold\u00e9nonne elle-m\u00eame est parfois appel\u00e9e <strong data-start=\"2052\" data-end=\"2071\">\u03941-testost\u00e9rone<\/strong>, ce qui signifie qu\u2019elle est structurellement li\u00e9e \u00e0 la testost\u00e9rone. Une revue pharmacologique note que la bold\u00e9nonne est disponible sous forme d\u2019ester d\u2019undyl\u00e9nate et a \u00e9t\u00e9 <strong data-start=\"2225\" data-end=\"2263\">utilis\u00e9e exclusivement en m\u00e9decine v\u00e9t\u00e9rinaire<\/strong> plut\u00f4t qu\u2019en tant que th\u00e9rapeutique humain approuv\u00e9 aux \u00c9tats-Unis.  <\/p>\n<h3 data-section-id=\"15ol1dc\" data-start=\"2370\" data-end=\"2395\">Forme esterique injectable<\/h3>\n<p data-start=\"2397\" data-end=\"2759\">Parce que le bold\u00e9nonate d\u2019undyl\u00e9nate est un <strong data-start=\"2434\" data-end=\"2454\">ester injectable<\/strong>, il appartient \u00e0 une classe de produits diff\u00e9rente des st\u00e9ro\u00efdes anabolisants oraux. Ce n\u2019est pas un compos\u00e9 \u00e0 base de comprim\u00e9s. L\u2019ester long est l\u2019une des caract\u00e9ristiques centrales du produit et explique en partie pourquoi il reste bien connu dans les discussions autour du bodybuilding et de la performance.  <\/p>\n<h2 data-section-id=\"dlrj3\" data-start=\"2761\" data-end=\"2795\">Pourquoi ce compos\u00e9 est-il bien connu<\/h2>\n<p data-start=\"2797\" data-end=\"3233\">Le bold\u00e9nonate d\u2019undyl\u00e9nate est rest\u00e9 tr\u00e8s visible dans les discussions sur le bodybuilding depuis des ann\u00e9es, principalement gr\u00e2ce \u00e0 son exp\u00e9rience v\u00e9t\u00e9rinaire, son format injectable \u00e0 esters longs et sa r\u00e9putation de compos\u00e9 classique de st\u00e9ro\u00efdes anabolisants. En m\u00eame temps, des sources fiables sont claires : son d\u00e9veloppement formel et son historique d\u2019utilisation sont enracin\u00e9s dans la m\u00e9decine v\u00e9t\u00e9rinaire, et non dans la pratique th\u00e9rapeutique humaine dominante. <\/p>\n<p data-start=\"3235\" data-end=\"3613\">Sa visibilit\u00e9 a \u00e9galement \u00e9t\u00e9 renforc\u00e9e par les r\u00e8gles antidopage. L\u2019AMA inclut la <strong data-start=\"3311\" data-end=\"3324\">bold\u00e9nonne<\/strong> sur la liste des substances interdites sous le nom d\u2019agents anabolisants, ce qui signifie qu\u2019elle n\u2019est pas compatible avec les sports soumis \u00e0 des tests antidopage. C\u2019est un aspect important du profil du compos\u00e9 et l\u2019une des raisons pour lesquelles il continue d\u2019\u00eatre largement reconnu au-del\u00e0 des march\u00e9s ordinaires des compl\u00e9ments.  <\/p>\n<h2 data-section-id=\"t1s28o\" data-start=\"3615\" data-end=\"3647\">Nature injectable \u00e0 longue dur\u00e9e d\u2019action<\/h2>\n<p data-start=\"3649\" data-end=\"4061\">L\u2019une des principales caract\u00e9ristiques de Bold\u00e9nona Undecyl\u00e9nate est son <strong data-start=\"3706\" data-end=\"3745\">profil injectable \u00e0 lib\u00e9ration prolong\u00e9e<\/strong>. Compar\u00e9s aux st\u00e9ro\u00efdes injectables \u00e0 court-ester, les esters longs sont g\u00e9n\u00e9ralement associ\u00e9s \u00e0 une lib\u00e9ration plus lente et \u00e0 une persistance plus longue dans l\u2019organisme. En termes pratiques de produit, c\u2019est l\u2019une des distinctions les plus importantes entre l\u2019undexyl\u00e9nate de bold\u00e9nonate et les compos\u00e9s \u00e0 \u00e9limination plus rapide.  <\/p>\n<p data-start=\"4063\" data-end=\"4405\">La nature \u00e0 action prolong\u00e9e de l\u2019ester d\u2019undexyl\u00e9nate explique \u00e9galement pourquoi ce produit est souvent \u00e9voqu\u00e9 en lien avec une exposition prolong\u00e9e aux st\u00e9ro\u00efdes anabolisants plut\u00f4t qu\u2019\u00e0 des effets \u00e0 apparition rapide et courte. Cela ne modifie pas le compos\u00e9 de base, mais cela modifie la fa\u00e7on dont le produit est cat\u00e9goris\u00e9 et compris. <\/p>\n<h2 data-section-id=\"ww3eac\" data-start=\"4407\" data-end=\"4440\">Consid\u00e9rations de s\u00e9curit\u00e9 et de risque<\/h2>\n<p data-start=\"4442\" data-end=\"5019\">L\u2019undexyl\u00e9nate de bold\u00e9nonne appartient \u00e0 une cat\u00e9gorie de compos\u00e9s qui comporte des consid\u00e9rations sanitaires importantes. Des \u00e9tudes exp\u00e9rimentales et des revues ont examin\u00e9 les effets ind\u00e9sirables li\u00e9s \u00e0 l\u2019undexyl\u00e9nate de bold\u00e9none, incluant des r\u00e9sultats li\u00e9s \u00e0 la toxicit\u00e9 reproductive, \u00e0 la l\u00e9sion h\u00e9pator\u00e9nale, \u00e0 la toxicit\u00e9 cardiaque et aux changements neurocomportementaux chez des mod\u00e8les animaux. Ces \u00e9tudes ne rendent pas appropri\u00e9 la g\u00e9n\u00e9ralisation des r\u00e9sultats exacts \u00e0 chaque cas d\u2019usage humain, mais elles renforcent que la bold\u00e9nonne n\u2019est pas un compl\u00e9ment inoffensif et ne doit pas \u00eatre d\u00e9crite \u00e0 la l\u00e9g\u00e8re.  <\/p>\n<p data-start=\"5021\" data-end=\"5347\">Plus largement, les revues sur les st\u00e9ro\u00efdes androg\u00e9niques anabolisants associent cette classe \u00e0 des risques cardiovasculaires, endocriniens, reproductifs et psychiatriques, notamment dans les cas non m\u00e9dicaux. Ce contexte plus large est important ici car le bold\u00e9nonate d\u2019uncycl\u00e9nate fait partie de la m\u00eame cat\u00e9gorie des st\u00e9ro\u00efdes anabolisants. <\/p>\n<h2 data-section-id=\"1oc3ytf\" data-start=\"5349\" data-end=\"5380\">Contexte r\u00e9glementaire et sportif<\/h2>\n<p data-start=\"5382\" data-end=\"5751\">Le bold\u00e9nonate d\u2019undyl\u00e9nate n\u2019est pas un produit de bien-\u00eatre standard. Des sources d\u00e9crivant ce m\u00e9dicament le classent comme <strong data-start=\"5484\" data-end=\"5534\">exp\u00e9rimental, illicite et approuv\u00e9 par le v\u00e9t\u00e9rinaire<\/strong>, et la WADA liste la bold\u00e9nonne parmi les agents anabolisants interdits. Ces deux faits seuls le rendent tr\u00e8s diff\u00e9rent des produits de nutrition sportive courants ou des compl\u00e9ments en vente libre.  <\/p>\n<p data-start=\"5753\" data-end=\"5973\">Pour les athl\u00e8tes exp\u00e9riment\u00e9s, cela compte directement. Pour les acheteurs ordinaires, cela est \u00e9galement important car le statut l\u00e9gal et r\u00e9glementaire des st\u00e9ro\u00efdes anabolisants peut varier consid\u00e9rablement selon la juridiction. <\/p>\n<h2 data-section-id=\"1k5q749\" data-start=\"5975\" data-end=\"5985\">R\u00e9sum\u00e9<\/h2>\n<p data-start=\"5987\" data-end=\"6534\">Le bold\u00e9nonate d\u2019undyl\u00e9nate de Moldavian Pharma contient du <strong data-start=\"6038\" data-end=\"6064\">bold\u00e9nonate und\u00e9cil\u00e9nate<\/strong>, un st\u00e9ro\u00efde anabolisant androg\u00e9nique injectable \u00e0 longue action d\u00e9riv\u00e9 de la testost\u00e9rone et historiquement d\u00e9velopp\u00e9 pour un usage v\u00e9t\u00e9rinaire. Il est surtout connu pour son compos\u00e9 actif, son ester injectable d\u2019undacyl\u00e9nate, et sa pr\u00e9sence de longue date dans les discussions sur le bodybuilding et l\u2019antidopage. Il faut le comprendre comme un produit s\u00e9rieux \u00e0 base de st\u00e9ro\u00efdes anabolisants ayant des implications importantes pour la sant\u00e9, le droit et le sport, et non comme un compl\u00e9ment standard.  <\/p>\n<p>Le produit est disponible \u00e0 la vente pour les particuliers et les instituts de recherche, les laboratoires, les universit\u00e9s ou les cercles d\u2019\u00e9tudes chimiques destin\u00e9s \u00e0 mener des recherches.<\/p>\n<p>Le produit n\u2019est pas un produit alimentaire ou un compl\u00e9ment alimentaire, et n\u2019est pas adapt\u00e9 \u00e0 la consommation humaine.<\/p>\n<p>Si vous ne vous sentez pas bien ou si vous ressentez des effets secondaires au contact de la substance, consultez votre m\u00e9decin.<\/p>\n<p><strong>Conditions de stockage particuli\u00e8res :<\/strong><\/p>\n<p>Conservez le flacon non dilu\u00e9 de poudre lyophilis\u00e9e dans un endroit frais, sec et sombre. Apr\u00e8s reconstitution, la substance doit \u00eatre stock\u00e9e \u00e0 une temp\u00e9rature comprise entre <em>2<\/em> et 8 \u00b0C. <\/p>\n<p>Toutes les propri\u00e9t\u00e9s ci-dessus ont \u00e9t\u00e9 observ\u00e9es dans des \u00e9tudes de laboratoire non men\u00e9es sur des humains et sont fournies \u00e0 titre informatif uniquement. Aucune des informations contenues dans les descriptions n\u2019est approuv\u00e9e par l\u2019Autorit\u00e9 europ\u00e9enne de s\u00e9curit\u00e9 des aliments (EFSA). Ce produit n\u2019est pas un m\u00e9dicament, un aliment ou un compl\u00e9ment alimentaire et ne convient pas \u00e0 la consommation humaine.   Le produit est class\u00e9 comme r\u00e9actif chimique\/mat\u00e9riau de r\u00e9f\u00e9rence autoris\u00e9 pour une utilisation dans l\u2019Union europ\u00e9enne et ne peut \u00eatre utilis\u00e9 que pour la recherche scientifique. D\u2019autres informations sur le produit sont contenues dans la fiche de donn\u00e9es de s\u00e9curit\u00e9, que nous mettons \u00e0 disposition pour inspection. Les produits ne sont disponibles que pour les institutions ou les personnes associ\u00e9es \u00e0 des activit\u00e9s de recherche ou de laboratoire.<\/p>\n","protected":false},"excerpt":{"rendered":"<div class=\"flex-shrink-0 flex flex-col relative items-end\">\n<div class=\"pt-0\">\n<div class=\"gizmo-bot-avatar flex h-8 w-8 items-center justify-center overflow-hidden rounded-full\">\n<div class=\"relative p-1 rounded-sm flex items-center justify-center bg-token-main-surface-primary text-token-text-primary h-8 w-8\">\n<div class=\"flex-shrink-0 flex flex-col relative items-end\">\n<div class=\"pt-0\">\n<div class=\"gizmo-bot-avatar flex h-8 w-8 items-center justify-center overflow-hidden rounded-full\">\n<div class=\"flex-shrink-0 flex flex-col relative items-end\">\n<div class=\"pt-0\">\n<div class=\"gizmo-bot-avatar flex h-8 w-8 items-center justify-center overflow-hidden rounded-full\">\n<div class=\"relative p-1 rounded-sm flex items-center justify-center bg-token-main-surface-primary text-token-text-primary h-8 w-8\">\n<article class=\"w-full scroll-mb-[var(--thread-trailing-height,150px)] text-token-text-primary focus-visible:outline-2 focus-visible:outline-offset-[-4px]\" dir=\"auto\" data-testid=\"conversation-turn-62\" data-scroll-anchor=\"false\">\n<div class=\"m-auto text-base py-[18px] px-3 md:px-4 w-full md:px-5 lg:px-4 xl:px-5\">\n<div class=\"mx-auto flex flex-1 gap-4 text-base md:gap-5 lg:gap-6 md:max-w-3xl\">\n<div class=\"group\/conversation-turn relative flex w-full min-w-0 flex-col\">\n<div class=\"flex-col gap-1 md:gap-3\">\n<div class=\"flex max-w-full flex-col flex-grow\">\n<div class=\"min-h-8 text-message flex w-full flex-col items-end gap-2 whitespace-normal break-words text-start [.text-message+&amp;]:mt-5\" dir=\"auto\" data-message-author-role=\"user\" data-message-id=\"aaa283b9-7b85-47fc-902a-858d633e9f71\">\n<div class=\"flex w-full flex-col gap-1 empty:hidden items-end rtl:items-start\">\n<div class=\"relative max-w-[var(--user-chat-width,70%)] rounded-3xl bg-token-message-surface px-5 py-2.5\">\n<div class=\"whitespace-pre-wrap\">\n<div class=\"flex-shrink-0 flex flex-col relative items-end\">\n<div class=\"pt-0\">\n<div class=\"gizmo-bot-avatar flex h-8 w-8 items-center justify-center overflow-hidden rounded-full\">\n<div class=\"relative p-1 rounded-sm flex items-center justify-center bg-token-main-surface-primary text-token-text-primary h-8 w-8\">\n<div class=\"flex-shrink-0 flex flex-col relative items-end\">\n<div class=\"pt-0\">\n<div class=\"gizmo-bot-avatar flex h-8 w-8 items-center justify-center overflow-hidden rounded-full\">\n<p><strong>Le bold\u00e9none-undecyl\u00e9nate<\/strong>, plus commun\u00e9ment appel\u00e9 <strong>Equipoise<\/strong>, est un puissant st\u00e9ro\u00efde anabolisant largement utilis\u00e9 par les athl\u00e8tes et les bodybuilders pour sa capacit\u00e9 \u00e0 favoriser la croissance musculaire maigre, la force et l\u2019endurance. Initialement d\u00e9velopp\u00e9e pour un usage v\u00e9t\u00e9rinaire, <strong>la bold\u00e9nonne<\/strong> a gagn\u00e9 en popularit\u00e9 aupr\u00e8s des bodybuilders gr\u00e2ce \u00e0 sa capacit\u00e9 \u00e0 g\u00e9n\u00e9rer des gains significatifs de masse musculaire sans r\u00e9tention excessive d\u2019eau ni accumulation de graisse. Reconnu pour ses effets durables, <strong>le Boldenone Undecylenate<\/strong> est parfait pour les athl\u00e8tes souhaitant am\u00e9liorer leur physique tout en maintenant un aspect \u00e9quilibr\u00e9 et esth\u00e9tique.  <\/p>\n<\/div>\n<\/div>\n<\/div>\n<\/div>\n<\/div>\n<\/div>\n<\/div>\n<\/div>\n<\/div>\n<\/div>\n<\/div>\n<\/div>\n<\/div>\n<\/div>\n<\/div>\n<\/div>\n<\/article>\n<\/div>\n<\/div>\n<\/div>\n<\/div>\n<\/div>\n<\/div>\n<\/div>\n<\/div>\n<\/div>\n<\/div>\n<\/div>\n","protected":false},"featured_media":16059,"comment_status":"closed","ping_status":"closed","template":"","meta":[],"product_brand":[313],"product_cat":[277],"product_tag":[283,301,282],"class_list":{"0":"post-17795","1":"product","2":"type-product","3":"status-publish","4":"has-post-thumbnail","6":"product_brand-pharma-moldave","7":"product_cat-injectables","8":"product_tag-boldenone","9":"product_tag-musculation-et-force","10":"product_tag-supplements-de-musculation","12":"first","13":"outofstock","14":"shipping-taxable","15":"purchasable","16":"product-type-simple"},"_links":{"self":[{"href":"https:\/\/gymanabolic.com\/fr\/wp-json\/wp\/v2\/product\/17795","targetHints":{"allow":["GET"]}}],"collection":[{"href":"https:\/\/gymanabolic.com\/fr\/wp-json\/wp\/v2\/product"}],"about":[{"href":"https:\/\/gymanabolic.com\/fr\/wp-json\/wp\/v2\/types\/product"}],"replies":[{"embeddable":true,"href":"https:\/\/gymanabolic.com\/fr\/wp-json\/wp\/v2\/comments?post=17795"}],"version-history":[{"count":0,"href":"https:\/\/gymanabolic.com\/fr\/wp-json\/wp\/v2\/product\/17795\/revisions"}],"wp:featuredmedia":[{"embeddable":true,"href":"https:\/\/gymanabolic.com\/fr\/wp-json\/wp\/v2\/media\/16059"}],"wp:attachment":[{"href":"https:\/\/gymanabolic.com\/fr\/wp-json\/wp\/v2\/media?parent=17795"}],"wp:term":[{"taxonomy":"product_brand","embeddable":true,"href":"https:\/\/gymanabolic.com\/fr\/wp-json\/wp\/v2\/product_brand?post=17795"},{"taxonomy":"product_cat","embeddable":true,"href":"https:\/\/gymanabolic.com\/fr\/wp-json\/wp\/v2\/product_cat?post=17795"},{"taxonomy":"product_tag","embeddable":true,"href":"https:\/\/gymanabolic.com\/fr\/wp-json\/wp\/v2\/product_tag?post=17795"}],"curies":[{"name":"wp","href":"https:\/\/api.w.org\/{rel}","templated":true}]}}