{"id":17792,"date":"2026-01-09T10:25:13","date_gmt":"2026-01-09T09:25:13","guid":{"rendered":"https:\/\/gymanabolic.com\/shop\/seringue-a-insuline-aiguille\/"},"modified":"2026-01-09T10:25:13","modified_gmt":"2026-01-09T09:25:13","slug":"seringue-a-insuline-aiguille","status":"publish","type":"product","link":"https:\/\/gymanabolic.com\/fr\/shop\/seringue-a-insuline-aiguille\/","title":{"rendered":"Seringue \u00e0 insuline (aiguille)"},"content":{"rendered":"","protected":false},"excerpt":{"rendered":"<p>Cette <strong>seringue \u00e0 insuline<\/strong> est con\u00e7ue pour <strong>un dosage pr\u00e9cis et pr\u00e9cis<\/strong>, avec des marquages clairs d\u2019unit\u00e9s <strong>jusqu\u2019\u00e0 100 unit\u00e9s<\/strong>. Il est couramment utilis\u00e9 pour les peptides, le HCG et d\u2019autres compos\u00e9s injectables o\u00f9 une mesure contr\u00f4l\u00e9e est essentielle. <\/p>\n","protected":false},"featured_media":16736,"comment_status":"closed","ping_status":"closed","template":"","meta":[],"product_brand":[],"product_cat":[277],"product_tag":[],"class_list":{"0":"post-17792","1":"product","2":"type-product","3":"status-publish","4":"has-post-thumbnail","6":"product_cat-injectables","8":"first","9":"instock","10":"shipping-taxable","11":"purchasable","12":"product-type-simple"},"_links":{"self":[{"href":"https:\/\/gymanabolic.com\/fr\/wp-json\/wp\/v2\/product\/17792","targetHints":{"allow":["GET"]}}],"collection":[{"href":"https:\/\/gymanabolic.com\/fr\/wp-json\/wp\/v2\/product"}],"about":[{"href":"https:\/\/gymanabolic.com\/fr\/wp-json\/wp\/v2\/types\/product"}],"replies":[{"embeddable":true,"href":"https:\/\/gymanabolic.com\/fr\/wp-json\/wp\/v2\/comments?post=17792"}],"version-history":[{"count":0,"href":"https:\/\/gymanabolic.com\/fr\/wp-json\/wp\/v2\/product\/17792\/revisions"}],"wp:featuredmedia":[{"embeddable":true,"href":"https:\/\/gymanabolic.com\/fr\/wp-json\/wp\/v2\/media\/16736"}],"wp:attachment":[{"href":"https:\/\/gymanabolic.com\/fr\/wp-json\/wp\/v2\/media?parent=17792"}],"wp:term":[{"taxonomy":"product_brand","embeddable":true,"href":"https:\/\/gymanabolic.com\/fr\/wp-json\/wp\/v2\/product_brand?post=17792"},{"taxonomy":"product_cat","embeddable":true,"href":"https:\/\/gymanabolic.com\/fr\/wp-json\/wp\/v2\/product_cat?post=17792"},{"taxonomy":"product_tag","embeddable":true,"href":"https:\/\/gymanabolic.com\/fr\/wp-json\/wp\/v2\/product_tag?post=17792"}],"curies":[{"name":"wp","href":"https:\/\/api.w.org\/{rel}","templated":true}]}}