{"id":17789,"date":"2026-01-09T09:42:20","date_gmt":"2026-01-09T08:42:20","guid":{"rendered":"https:\/\/gymanabolic.com\/shop\/vidalista-60-mg\/"},"modified":"2026-01-09T09:42:20","modified_gmt":"2026-01-09T08:42:20","slug":"vidalista-60-mg","status":"publish","type":"product","link":"https:\/\/gymanabolic.com\/fr\/shop\/vidalista-60-mg\/","title":{"rendered":"Vidalista 60 mg"},"content":{"rendered":"<h2>Vidalista 60 mg de Pharma Med<\/h2>\n<p data-start=\"0\" data-end=\"369\">Vidalista est un m\u00e9dicament largement utilis\u00e9 <strong>contre la dysfonction \u00e9rectile<\/strong> qui aide \u00e0 am\u00e9liorer la circulation sanguine et <strong>\u00e0 soutenir la performance sexuelle naturelle<\/strong>. Il contient du tadalafil, un compos\u00e9 \u00e0 action prolong\u00e9e connu pour son efficacit\u00e9 et sa dur\u00e9e d\u2019action prolong\u00e9e. Beaucoup de personnes choisissent Vidalista car ses effets peuvent durer jusqu\u2019\u00e0 36 heures, offrant plus de flexibilit\u00e9 que d\u2019autres traitements.  <\/p>\n<p data-start=\"371\" data-end=\"669\">Au-del\u00e0 de son usage principal, Vidalista est \u00e9galement pertinent pour les personnes actives et les athl\u00e8tes qui peuvent ressentir un stress ou une fatigue li\u00e9e \u00e0 la performance affectant la sant\u00e9 sexuelle. Comprendre comment fonctionne Vidalista, comment l\u2019utiliser en toute s\u00e9curit\u00e9 et \u00e0 quoi s\u2019attendre est important avant de l\u2019envisager comme option. <\/p>\n<p data-start=\"671\" data-end=\"780\" data-is-last-node=\"\" data-is-only-node=\"\"><span style=\"text-decoration: underline;\"><a href=\"https:\/\/gymanabolic.com\/what-is-vidalista-tadalafil\/\">Lisez le guide complet pour en savoir plus sur Vidalista, y compris le dosage, les effets, la s\u00e9curit\u00e9 et les points cl\u00e9s.<\/a><\/span><\/p>\n<p class=\"p1\">Le produit est disponible \u00e0 la vente pour les particuliers et les instituts de recherche, les laboratoires, les universit\u00e9s ou les cercles d\u2019\u00e9tudes chimiques destin\u00e9s \u00e0 mener des recherches.<\/p>\n<p class=\"p1\">Le produit n\u2019est pas un produit alimentaire ou un compl\u00e9ment alimentaire, et n\u2019est pas adapt\u00e9 \u00e0 la consommation humaine.<\/p>\n<p class=\"p1\">Si vous ne vous sentez pas bien ou si vous ressentez des effets secondaires au contact de la substance, consultez votre m\u00e9decin.<\/p>\n","protected":false},"excerpt":{"rendered":"<p><strong>Vidalista 60 mg<\/strong> de Pharma Med contient <strong>du tadalafil<\/strong>, un inhibiteur de la PDE5 \u00e0 action prolong\u00e9e fourni dans une bouteille de 10 comprim\u00e9s. Il est couramment utilis\u00e9 pour favoriser une meilleure circulation sanguine et une performance accrue, avec des effets pouvant durer <strong>jusqu\u2019\u00e0 36 heures<\/strong>. <\/p>\n","protected":false},"featured_media":16732,"comment_status":"closed","ping_status":"closed","template":"","meta":[],"product_brand":[314],"product_cat":[280],"product_tag":[311],"class_list":{"0":"post-17789","1":"product","2":"type-product","3":"status-publish","4":"has-post-thumbnail","6":"product_brand-pharma-med","7":"product_cat-steroides-oraux","8":"product_tag-tadalafil","10":"first","11":"instock","12":"shipping-taxable","13":"purchasable","14":"product-type-simple"},"_links":{"self":[{"href":"https:\/\/gymanabolic.com\/fr\/wp-json\/wp\/v2\/product\/17789","targetHints":{"allow":["GET"]}}],"collection":[{"href":"https:\/\/gymanabolic.com\/fr\/wp-json\/wp\/v2\/product"}],"about":[{"href":"https:\/\/gymanabolic.com\/fr\/wp-json\/wp\/v2\/types\/product"}],"replies":[{"embeddable":true,"href":"https:\/\/gymanabolic.com\/fr\/wp-json\/wp\/v2\/comments?post=17789"}],"version-history":[{"count":0,"href":"https:\/\/gymanabolic.com\/fr\/wp-json\/wp\/v2\/product\/17789\/revisions"}],"wp:featuredmedia":[{"embeddable":true,"href":"https:\/\/gymanabolic.com\/fr\/wp-json\/wp\/v2\/media\/16732"}],"wp:attachment":[{"href":"https:\/\/gymanabolic.com\/fr\/wp-json\/wp\/v2\/media?parent=17789"}],"wp:term":[{"taxonomy":"product_brand","embeddable":true,"href":"https:\/\/gymanabolic.com\/fr\/wp-json\/wp\/v2\/product_brand?post=17789"},{"taxonomy":"product_cat","embeddable":true,"href":"https:\/\/gymanabolic.com\/fr\/wp-json\/wp\/v2\/product_cat?post=17789"},{"taxonomy":"product_tag","embeddable":true,"href":"https:\/\/gymanabolic.com\/fr\/wp-json\/wp\/v2\/product_tag?post=17789"}],"curies":[{"name":"wp","href":"https:\/\/api.w.org\/{rel}","templated":true}]}}