{"id":17788,"date":"2026-03-16T11:46:36","date_gmt":"2026-03-16T10:46:36","guid":{"rendered":"https:\/\/gymanabolic.com\/shop\/boldenonne-decylenate\/"},"modified":"2026-03-16T11:46:36","modified_gmt":"2026-03-16T10:46:36","slug":"boldenonne-decylenate","status":"publish","type":"product","link":"https:\/\/gymanabolic.com\/fr\/shop\/boldenonne-decylenate\/","title":{"rendered":"BOLD\u00c9NONNE D\u00c9CYL\u00c9NATE"},"content":{"rendered":"<h2>BOLD\u00c9NONNE D\u00c9CYL\u00c9NATE de Pharma Med<\/h2>\n<p class=\"p1\">Le produit est disponible \u00e0 la vente pour les particuliers et les instituts de recherche, les laboratoires, les universit\u00e9s ou les cercles d\u2019\u00e9tudes chimiques destin\u00e9s \u00e0 mener des recherches.<\/p>\n<p class=\"p1\">Le produit n\u2019est pas un produit alimentaire ou un compl\u00e9ment alimentaire, et n\u2019est pas adapt\u00e9 \u00e0 la consommation humaine.<\/p>\n<p class=\"p1\">Si vous ne vous sentez pas bien ou si vous ressentez des effets secondaires au contact de la substance, consultez votre m\u00e9decin.<\/p>\n<p class=\"p1\"><strong>Conditions de stockage particuli\u00e8res :<\/strong><\/p>\n<p class=\"p1\">Conservez le flacon non dilu\u00e9 de poudre lyophilis\u00e9e dans un endroit frais, sec et sombre. Apr\u00e8s reconstitution, la substance doit \u00eatre stock\u00e9e \u00e0 une temp\u00e9rature comprise entre <em>2<\/em> et 8 \u00b0C. <\/p>\n<p class=\"p1\">Toutes les propri\u00e9t\u00e9s ci-dessus ont \u00e9t\u00e9 observ\u00e9es dans des \u00e9tudes de laboratoire non men\u00e9es sur des humains et sont fournies \u00e0 titre informatif uniquement. Aucune des informations contenues dans les descriptions n\u2019est approuv\u00e9e par l\u2019Autorit\u00e9 europ\u00e9enne de s\u00e9curit\u00e9 des aliments (EFSA). Ce produit n\u2019est pas un m\u00e9dicament, un aliment ou un compl\u00e9ment alimentaire et ne convient pas \u00e0 la consommation humaine. Le produit est class\u00e9 comme r\u00e9actif chimique\/mat\u00e9riau de r\u00e9f\u00e9rence autoris\u00e9 pour une utilisation dans l\u2019Union europ\u00e9enne et ne peut \u00eatre utilis\u00e9 que pour la recherche scientifique. D\u2019autres informations sur le produit sont contenues dans la fiche de donn\u00e9es de s\u00e9curit\u00e9, que nous mettons \u00e0 disposition pour inspection. Les produits ne sont disponibles que pour les institutions ou les personnes associ\u00e9es \u00e0 des activit\u00e9s de recherche ou de laboratoire.     <\/p>\n","protected":false},"excerpt":{"rendered":"<p data-start=\"0\" data-end=\"276\"><strong data-start=\"0\" data-end=\"51\"><span class=\"hover:entity-accent entity-underline inline cursor-pointer align-baseline\"><span class=\"whitespace-normal\">Le bold\u00e9nonate d\u2019undylenate<\/span><\/span> 250 mg\/ml<\/strong> de <strong data-start=\"57\" data-end=\"98\"><span class=\"hover:entity-accent entity-underline inline cursor-pointer align-baseline\"><span class=\"whitespace-normal\">Pharma Med<\/span><\/span><\/strong> est une pr\u00e9paration injectable anabolique-androg\u00e9nique contenant 250 milligrammes d\u2019undyl\u00e9nate de bold\u00e9nine par millilitre de solution \u00e0 base d\u2019huile, fournie dans un flacon d\u2019injection.<\/p>\n<p data-start=\"278\" data-end=\"592\">L\u2019undexyl\u00e9nate de bold\u00e9nonate est un <strong data-start=\"306\" data-end=\"340\">ester \u00e0 action prolong\u00e9e con\u00e7u<\/strong> pour l\u2019administration intramusculaire avec une lib\u00e9ration progressive dans la circulation sanguine. Son ester prolong\u00e9 permet au compos\u00e9 de rester actif plus longtemps, ce qui entra\u00eene <strong data-start=\"525\" data-end=\"553\">g\u00e9n\u00e9ralement des injections moins fr\u00e9quentes<\/strong> que les st\u00e9ro\u00efdes \u00e0 action plus courte. <\/p>\n","protected":false},"featured_media":17469,"comment_status":"open","ping_status":"closed","template":"","meta":[],"product_brand":[314],"product_cat":[277],"product_tag":[283],"class_list":{"0":"post-17788","1":"product","2":"type-product","3":"status-publish","4":"has-post-thumbnail","6":"product_brand-pharma-med","7":"product_cat-injectables","8":"product_tag-boldenone","10":"first","11":"instock","12":"shipping-taxable","13":"purchasable","14":"product-type-simple"},"_links":{"self":[{"href":"https:\/\/gymanabolic.com\/fr\/wp-json\/wp\/v2\/product\/17788","targetHints":{"allow":["GET"]}}],"collection":[{"href":"https:\/\/gymanabolic.com\/fr\/wp-json\/wp\/v2\/product"}],"about":[{"href":"https:\/\/gymanabolic.com\/fr\/wp-json\/wp\/v2\/types\/product"}],"replies":[{"embeddable":true,"href":"https:\/\/gymanabolic.com\/fr\/wp-json\/wp\/v2\/comments?post=17788"}],"version-history":[{"count":0,"href":"https:\/\/gymanabolic.com\/fr\/wp-json\/wp\/v2\/product\/17788\/revisions"}],"wp:featuredmedia":[{"embeddable":true,"href":"https:\/\/gymanabolic.com\/fr\/wp-json\/wp\/v2\/media\/17469"}],"wp:attachment":[{"href":"https:\/\/gymanabolic.com\/fr\/wp-json\/wp\/v2\/media?parent=17788"}],"wp:term":[{"taxonomy":"product_brand","embeddable":true,"href":"https:\/\/gymanabolic.com\/fr\/wp-json\/wp\/v2\/product_brand?post=17788"},{"taxonomy":"product_cat","embeddable":true,"href":"https:\/\/gymanabolic.com\/fr\/wp-json\/wp\/v2\/product_cat?post=17788"},{"taxonomy":"product_tag","embeddable":true,"href":"https:\/\/gymanabolic.com\/fr\/wp-json\/wp\/v2\/product_tag?post=17788"}],"curies":[{"name":"wp","href":"https:\/\/api.w.org\/{rel}","templated":true}]}}