{"id":17779,"date":"2026-03-16T11:30:47","date_gmt":"2026-03-16T10:30:47","guid":{"rendered":"https:\/\/gymanabolic.com\/shop\/acetate-de-trenbolone\/"},"modified":"2026-03-16T11:30:47","modified_gmt":"2026-03-16T10:30:47","slug":"acetate-de-trenbolone","status":"publish","type":"product","link":"https:\/\/gymanabolic.com\/fr\/shop\/acetate-de-trenbolone\/","title":{"rendered":"AC\u00c9TATE DE TRENBOLONE"},"content":{"rendered":"<h2>AC\u00c9TATE DE TRENBOLONE DE PHARMA MED<\/h2>\n<p>Lisez-en plus sur <span style=\"text-decoration: underline;\"><a href=\"https:\/\/gymanabolic.com\/what-is-trenbolone\/\">le trenbolone pour les bodybuilders<\/a><\/span>.<br \/>\nEn savoir plus sur <span style=\"text-decoration: underline;\"><a href=\"https:\/\/gymanabolic.com\/trenbolone-side-effects\/\">les effets secondaires du trenbolone<\/a><\/span>.<\/p>\n<p class=\"p1\">Le produit est disponible \u00e0 la vente pour les particuliers et les instituts de recherche, les laboratoires, les universit\u00e9s ou les cercles d\u2019\u00e9tudes chimiques destin\u00e9s \u00e0 mener des recherches.<\/p>\n<p class=\"p1\">Le produit n\u2019est pas un produit alimentaire ou un compl\u00e9ment alimentaire, et n\u2019est pas adapt\u00e9 \u00e0 la consommation humaine.<\/p>\n<p class=\"p1\">Si vous ne vous sentez pas bien ou si vous ressentez des effets secondaires au contact de la substance, consultez votre m\u00e9decin.<\/p>\n<p class=\"p1\"><strong>Conditions de stockage particuli\u00e8res :<\/strong><\/p>\n<p class=\"p1\">Conservez le flacon non dilu\u00e9 de poudre lyophilis\u00e9e dans un endroit frais, sec et sombre. Apr\u00e8s reconstitution, la substance doit \u00eatre stock\u00e9e \u00e0 une temp\u00e9rature comprise entre <em>2<\/em> et 8 \u00b0C. <\/p>\n<p class=\"p1\">Toutes les propri\u00e9t\u00e9s ci-dessus ont \u00e9t\u00e9 observ\u00e9es dans des \u00e9tudes de laboratoire non men\u00e9es sur des humains et sont fournies \u00e0 titre informatif uniquement. Aucune des informations contenues dans les descriptions n\u2019est approuv\u00e9e par l\u2019Autorit\u00e9 europ\u00e9enne de s\u00e9curit\u00e9 des aliments (EFSA). Ce produit n\u2019est pas un m\u00e9dicament, un aliment ou un compl\u00e9ment alimentaire et ne convient pas \u00e0 la consommation humaine.   Le produit est class\u00e9 comme r\u00e9actif chimique\/mat\u00e9riau de r\u00e9f\u00e9rence autoris\u00e9 pour une utilisation dans l\u2019Union europ\u00e9enne et ne peut \u00eatre utilis\u00e9 que pour la recherche scientifique. D\u2019autres informations sur le produit sont contenues dans la fiche de donn\u00e9es de s\u00e9curit\u00e9, que nous mettons \u00e0 disposition pour inspection. Les produits ne sont disponibles que pour les institutions ou les personnes associ\u00e9es \u00e0 des activit\u00e9s de recherche ou de laboratoire.<\/p>\n","protected":false},"excerpt":{"rendered":"<p data-start=\"0\" data-end=\"257\"><strong data-start=\"0\" data-end=\"51\"><span class=\"hover:entity-accent entity-underline inline cursor-pointer align-baseline\"><span class=\"whitespace-normal\">L\u2019ac\u00e9tate de trenbolone<\/span><\/span> 100 mg\/ml<\/strong> de <strong data-start=\"57\" data-end=\"98\"><span class=\"hover:entity-accent entity-underline inline cursor-pointer align-baseline\"><span class=\"whitespace-normal\">Pharma Med<\/span><\/span><\/strong> est une pr\u00e9paration injectable de st\u00e9ro\u00efdes anabolisants-androg\u00e9niques fournie dans un flacon contenant de l\u2019ac\u00e9tate de trenbolone \u00e0 une concentration de 100 milligrammes par millilitre.<\/p>\n<p data-start=\"259\" data-end=\"675\">L\u2019ac\u00e9tate de trenbolone est un <strong data-start=\"283\" data-end=\"318\">ester \u00e0 action rapide du trenbolone<\/strong>, con\u00e7u pour l\u2019injection intramusculaire. En raison de l\u2019ester d\u2019ac\u00e9tate court, il entre rapidement dans la circulation sanguine et n\u00e9cessite g\u00e9n\u00e9ralement <strong data-start=\"447\" data-end=\"479\">une administration plus fr\u00e9quente<\/strong> que les compos\u00e9s \u00e0 action prolong\u00e9e. Dans les contextes du bodybuilding, il est utilis\u00e9 lors des phases de d\u00e9veloppement corporel o\u00f9 les athl\u00e8tes cherchent \u00e0 soutenir <strong data-start=\"620\" data-end=\"674\">la duret\u00e9 musculaire, la force et la r\u00e9tention de la masse maigre<\/strong>.  <\/p>\n","protected":false},"featured_media":17456,"comment_status":"open","ping_status":"closed","template":"","meta":[],"product_brand":[314],"product_cat":[277],"product_tag":[308],"class_list":{"0":"post-17779","1":"product","2":"type-product","3":"status-publish","4":"has-post-thumbnail","6":"product_brand-pharma-med","7":"product_cat-injectables","8":"product_tag-trenbolone","10":"first","11":"instock","12":"shipping-taxable","13":"purchasable","14":"product-type-simple"},"_links":{"self":[{"href":"https:\/\/gymanabolic.com\/fr\/wp-json\/wp\/v2\/product\/17779","targetHints":{"allow":["GET"]}}],"collection":[{"href":"https:\/\/gymanabolic.com\/fr\/wp-json\/wp\/v2\/product"}],"about":[{"href":"https:\/\/gymanabolic.com\/fr\/wp-json\/wp\/v2\/types\/product"}],"replies":[{"embeddable":true,"href":"https:\/\/gymanabolic.com\/fr\/wp-json\/wp\/v2\/comments?post=17779"}],"version-history":[{"count":0,"href":"https:\/\/gymanabolic.com\/fr\/wp-json\/wp\/v2\/product\/17779\/revisions"}],"wp:featuredmedia":[{"embeddable":true,"href":"https:\/\/gymanabolic.com\/fr\/wp-json\/wp\/v2\/media\/17456"}],"wp:attachment":[{"href":"https:\/\/gymanabolic.com\/fr\/wp-json\/wp\/v2\/media?parent=17779"}],"wp:term":[{"taxonomy":"product_brand","embeddable":true,"href":"https:\/\/gymanabolic.com\/fr\/wp-json\/wp\/v2\/product_brand?post=17779"},{"taxonomy":"product_cat","embeddable":true,"href":"https:\/\/gymanabolic.com\/fr\/wp-json\/wp\/v2\/product_cat?post=17779"},{"taxonomy":"product_tag","embeddable":true,"href":"https:\/\/gymanabolic.com\/fr\/wp-json\/wp\/v2\/product_tag?post=17779"}],"curies":[{"name":"wp","href":"https:\/\/api.w.org\/{rel}","templated":true}]}}