{"id":17778,"date":"2026-01-09T08:30:10","date_gmt":"2026-01-09T07:30:10","guid":{"rendered":"https:\/\/gymanabolic.com\/shop\/trizepatide-mounjaro\/"},"modified":"2026-01-09T08:30:10","modified_gmt":"2026-01-09T07:30:10","slug":"trizepatide-mounjaro","status":"publish","type":"product","link":"https:\/\/gymanabolic.com\/fr\/shop\/trizepatide-mounjaro\/","title":{"rendered":"Triz\u00e9patide (mounjaro)"},"content":{"rendered":"<p class=\"p1\">Le produit est disponible \u00e0 la vente pour les particuliers et les instituts de recherche, les laboratoires, les universit\u00e9s ou les cercles d\u2019\u00e9tudes chimiques destin\u00e9s \u00e0 mener des recherches.<\/p>\n<p class=\"p1\">Le produit n\u2019est pas un produit alimentaire ou un compl\u00e9ment alimentaire, et n\u2019est pas adapt\u00e9 \u00e0 la consommation humaine.<\/p>\n<p class=\"p1\">Si vous ne vous sentez pas bien ou si vous ressentez des effets secondaires au contact de la substance, consultez votre m\u00e9decin.<\/p>\n","protected":false},"excerpt":{"rendered":"<p><strong>Le tirz\u00e9patide 5 mg<\/strong> par X Lab est un peptide de haute qualit\u00e9 fourni en un seul flacon avec de l\u2019eau st\u00e9rile pour la reconstitution, con\u00e7u pour un dosage pr\u00e9cis et contr\u00f4l\u00e9. Il est couramment utilis\u00e9 pour soutenir le contr\u00f4le de l\u2019app\u00e9tit, la fonction m\u00e9tabolique et les objectifs de composition corporelle dans des protocoles ax\u00e9s sur la performance et le bien-\u00eatre. <\/p>\n","protected":false},"featured_media":16725,"comment_status":"closed","ping_status":"closed","template":"","meta":[],"product_brand":[316],"product_cat":[277],"product_tag":[290],"class_list":{"0":"post-17778","1":"product","2":"type-product","3":"status-publish","4":"has-post-thumbnail","6":"product_brand-x-lab","7":"product_cat-injectables","8":"product_tag-bruleurs-de-graisse","10":"first","11":"instock","12":"shipping-taxable","13":"purchasable","14":"product-type-simple"},"_links":{"self":[{"href":"https:\/\/gymanabolic.com\/fr\/wp-json\/wp\/v2\/product\/17778","targetHints":{"allow":["GET"]}}],"collection":[{"href":"https:\/\/gymanabolic.com\/fr\/wp-json\/wp\/v2\/product"}],"about":[{"href":"https:\/\/gymanabolic.com\/fr\/wp-json\/wp\/v2\/types\/product"}],"replies":[{"embeddable":true,"href":"https:\/\/gymanabolic.com\/fr\/wp-json\/wp\/v2\/comments?post=17778"}],"version-history":[{"count":0,"href":"https:\/\/gymanabolic.com\/fr\/wp-json\/wp\/v2\/product\/17778\/revisions"}],"wp:featuredmedia":[{"embeddable":true,"href":"https:\/\/gymanabolic.com\/fr\/wp-json\/wp\/v2\/media\/16725"}],"wp:attachment":[{"href":"https:\/\/gymanabolic.com\/fr\/wp-json\/wp\/v2\/media?parent=17778"}],"wp:term":[{"taxonomy":"product_brand","embeddable":true,"href":"https:\/\/gymanabolic.com\/fr\/wp-json\/wp\/v2\/product_brand?post=17778"},{"taxonomy":"product_cat","embeddable":true,"href":"https:\/\/gymanabolic.com\/fr\/wp-json\/wp\/v2\/product_cat?post=17778"},{"taxonomy":"product_tag","embeddable":true,"href":"https:\/\/gymanabolic.com\/fr\/wp-json\/wp\/v2\/product_tag?post=17778"}],"curies":[{"name":"wp","href":"https:\/\/api.w.org\/{rel}","templated":true}]}}