{"id":17760,"date":"2026-01-08T22:27:18","date_gmt":"2026-01-08T21:27:18","guid":{"rendered":"https:\/\/gymanabolic.com\/shop\/trenagen-a\/"},"modified":"2026-01-08T22:27:18","modified_gmt":"2026-01-08T21:27:18","slug":"trenagen-a","status":"publish","type":"product","link":"https:\/\/gymanabolic.com\/fr\/shop\/trenagen-a\/","title":{"rendered":"TRENAGEN A"},"content":{"rendered":"<p>Le produit est disponible \u00e0 la vente pour des particuliers et des institutions de recherche, des laboratoires, des universit\u00e9s ou des cercles d\u2019\u00e9tudes chimiques destin\u00e9s \u00e0 mener des recherches.<\/p>\n<p>Ce produit n\u2019est ni un aliment ni un compl\u00e9ment alimentaire, et n\u2019est pas adapt\u00e9 \u00e0 la consommation humaine.<\/p>\n<p>Si vous vous sentez mal ou ressentez des effets secondaires li\u00e9s au contact avec la substance, consultez votre m\u00e9decin.<\/p>\n","protected":false},"excerpt":{"rendered":"<p><strong>Le trenagen A<\/strong> d\u2019Egzo Gen Pharma est un st\u00e9ro\u00efde injectable contenant <strong data-start=\"66\" data-end=\"101\">100 mg\/ml d\u2019ac\u00e9tate de trenbolone<\/strong> en ampoules de 10\u00d71 ml, reconnu pour ses <strong data-start=\"144\" data-end=\"167\">puissantes propri\u00e9t\u00e9s anabolisantes<\/strong> , id\u00e9ales pour la force avanc\u00e9e et les cycles corporels. Il est utilis\u00e9 en musculation pour soutenir <strong data-start=\"292\" data-end=\"377\">des gains significatifs de muscle maigre, une meilleure r\u00e9tention d\u2019azote et une meilleure r\u00e9cup\u00e9ration<\/strong> , lorsqu\u2019il est associ\u00e9 \u00e0 un programme d\u2019entra\u00eenement et de nutrition appropri\u00e9. <\/p>\n","protected":false},"featured_media":16701,"comment_status":"closed","ping_status":"closed","template":"","meta":[],"product_brand":[312],"product_cat":[277],"product_tag":[308],"class_list":{"0":"post-17760","1":"product","2":"type-product","3":"status-publish","4":"has-post-thumbnail","6":"product_brand-egzo-gen-pharma","7":"product_cat-injectables","8":"product_tag-trenbolone","10":"first","11":"instock","12":"shipping-taxable","13":"purchasable","14":"product-type-simple"},"_links":{"self":[{"href":"https:\/\/gymanabolic.com\/fr\/wp-json\/wp\/v2\/product\/17760","targetHints":{"allow":["GET"]}}],"collection":[{"href":"https:\/\/gymanabolic.com\/fr\/wp-json\/wp\/v2\/product"}],"about":[{"href":"https:\/\/gymanabolic.com\/fr\/wp-json\/wp\/v2\/types\/product"}],"replies":[{"embeddable":true,"href":"https:\/\/gymanabolic.com\/fr\/wp-json\/wp\/v2\/comments?post=17760"}],"version-history":[{"count":0,"href":"https:\/\/gymanabolic.com\/fr\/wp-json\/wp\/v2\/product\/17760\/revisions"}],"wp:featuredmedia":[{"embeddable":true,"href":"https:\/\/gymanabolic.com\/fr\/wp-json\/wp\/v2\/media\/16701"}],"wp:attachment":[{"href":"https:\/\/gymanabolic.com\/fr\/wp-json\/wp\/v2\/media?parent=17760"}],"wp:term":[{"taxonomy":"product_brand","embeddable":true,"href":"https:\/\/gymanabolic.com\/fr\/wp-json\/wp\/v2\/product_brand?post=17760"},{"taxonomy":"product_cat","embeddable":true,"href":"https:\/\/gymanabolic.com\/fr\/wp-json\/wp\/v2\/product_cat?post=17760"},{"taxonomy":"product_tag","embeddable":true,"href":"https:\/\/gymanabolic.com\/fr\/wp-json\/wp\/v2\/product_tag?post=17760"}],"curies":[{"name":"wp","href":"https:\/\/api.w.org\/{rel}","templated":true}]}}