{"id":18182,"date":"2026-05-13T01:19:27","date_gmt":"2026-05-12T23:19:27","guid":{"rendered":"https:\/\/gymanabolic.com\/politique-dexpedition\/"},"modified":"2026-05-13T01:55:56","modified_gmt":"2026-05-12T23:55:56","slug":"politique-dexpedition","status":"publish","type":"page","link":"https:\/\/gymanabolic.com\/fr\/politique-dexpedition\/","title":{"rendered":"Politique d&rsquo;exp\u00e9dition"},"content":{"rendered":"\t\t<div data-elementor-type=\"wp-page\" data-elementor-id=\"18182\" class=\"elementor elementor-18182 elementor-18169\">\n\t\t\t\t<div class=\"wd-negative-gap elementor-element elementor-element-2641eb7 e-flex e-con-boxed e-con e-parent\" data-id=\"2641eb7\" data-element_type=\"container\" data-e-type=\"container\">\n\t\t\t\t\t<div class=\"e-con-inner\">\n\t\t\t\t<div class=\"elementor-element elementor-element-33ebcfde color-scheme-inherit text-left elementor-widget elementor-widget-text-editor\" data-id=\"33ebcfde\" data-element_type=\"widget\" data-e-type=\"widget\" data-widget_type=\"text-editor.default\">\n\t\t\t\t<div class=\"elementor-widget-container\">\n\t\t\t\t\t\t\t\t\t\n<h1>Politique d&rsquo;exp\u00e9dition<\/h1>\n<p>Toutes les commandes sont pr\u00e9par\u00e9es depuis notre entrep\u00f4t en Europe et exp\u00e9di\u00e9es dans les 24 heures suivant la confirmation du paiement.<\/p>\n<p><strong>D\u00e9lais de traitement des paiements :<br\/><\/strong><span style=\"text-decoration: underline;\">Cryptomonnaie<\/span> : g\u00e9n\u00e9ralement confirm\u00e9e en quelques minutes<br\/><span style=\"text-decoration: underline;\">Virement bancaire<\/span> : g\u00e9n\u00e9ralement 1 \u00e0 2 jours ouvrables, selon votre banque<\/p>\n\n<p>Une fois votre paiement confirm\u00e9, nous emballons et exp\u00e9dions votre commande dans les 24 heures (jours ouvrables).<\/p>\n<p><strong>Destinations d&rsquo;exp\u00e9dition<\/strong><br\/>Pour l&rsquo;instant, nous livrons uniquement en Europe. Les commandes pass\u00e9es depuis l&rsquo;ext\u00e9rieur de l&rsquo;Europe ne peuvent pas \u00eatre trait\u00e9es. <br><br><strong>Co\u00fbts d\u2019exp\u00e9dition<\/strong><br\/>Les frais de livraison d\u00e9pendent du pays de destination et sont calcul\u00e9s automatiquement lors du paiement ; vous verrez donc le montant exact avant de finaliser votre commande.<br><br><strong>D\u00e9lais de livraison<\/strong><br\/>Les d\u00e9lais de livraison varient selon les pays et les transporteurs. Vous recevrez un num\u00e9ro de suivi par e-mail d\u00e8s que votre colis aura quitt\u00e9 notre entrep\u00f4t.<br\/>Si vous avez des questions concernant votre commande ou votre livraison, n&rsquo;h\u00e9sitez pas \u00e0 <a href=\"https:\/\/telegram.me\/eurosterydy\" target=\"_blank\" rel=\"noopener\"><span style=\"text-decoration: underline;\"><span style=\"color: #0000ff; text-decoration: underline;\">nous contacter sur Telegram<\/span><\/span><\/a>. <\/p>\n<p><strong>Colis perdus<\/strong><br\/>Si votre colis n&rsquo;est pas arriv\u00e9 dans les d\u00e9lais pr\u00e9vus, ou si vous pensez qu&rsquo;il a pu se perdre en cours de route, veuillez nous contacter. Nous examinerons la situation et ferons tout notre possible pour r\u00e9soudre le probl\u00e8me dans les meilleurs d\u00e9lais. <\/p>\n\t\t\t\t\t\t\t\t<\/div>\n\t\t\t\t<\/div>\n\t\t\t\t\t<\/div>\n\t\t\t\t<\/div>\n\t\t\t\t<\/div>\n\t\t","protected":false},"excerpt":{"rendered":"<p>Politique d&rsquo;exp\u00e9dition Toutes les commandes sont pr\u00e9par\u00e9es depuis notre entrep\u00f4t en Europe et exp\u00e9di\u00e9es dans les 24 heures suivant la<\/p>\n","protected":false},"author":1,"featured_media":0,"parent":0,"menu_order":0,"comment_status":"closed","ping_status":"closed","template":"","meta":{"footnotes":""},"class_list":["post-18182","page","type-page","status-publish","hentry"],"_links":{"self":[{"href":"https:\/\/gymanabolic.com\/fr\/wp-json\/wp\/v2\/pages\/18182","targetHints":{"allow":["GET"]}}],"collection":[{"href":"https:\/\/gymanabolic.com\/fr\/wp-json\/wp\/v2\/pages"}],"about":[{"href":"https:\/\/gymanabolic.com\/fr\/wp-json\/wp\/v2\/types\/page"}],"author":[{"embeddable":true,"href":"https:\/\/gymanabolic.com\/fr\/wp-json\/wp\/v2\/users\/1"}],"replies":[{"embeddable":true,"href":"https:\/\/gymanabolic.com\/fr\/wp-json\/wp\/v2\/comments?post=18182"}],"version-history":[{"count":1,"href":"https:\/\/gymanabolic.com\/fr\/wp-json\/wp\/v2\/pages\/18182\/revisions"}],"predecessor-version":[{"id":18183,"href":"https:\/\/gymanabolic.com\/fr\/wp-json\/wp\/v2\/pages\/18182\/revisions\/18183"}],"wp:attachment":[{"href":"https:\/\/gymanabolic.com\/fr\/wp-json\/wp\/v2\/media?parent=18182"}],"curies":[{"name":"wp","href":"https:\/\/api.w.org\/{rel}","templated":true}]}}