{"id":17623,"date":"2025-01-26T05:04:40","date_gmt":"2025-01-26T04:04:40","guid":{"rendered":"https:\/\/gymanabolic.com\/politique-de-confidentialite\/"},"modified":"2026-04-18T14:09:09","modified_gmt":"2026-04-18T12:09:09","slug":"politique-de-confidentialite","status":"publish","type":"page","link":"https:\/\/gymanabolic.com\/fr\/politique-de-confidentialite\/","title":{"rendered":"Politique de confidentialit\u00e9"},"content":{"rendered":"\n<h2 class=\"wp-block-heading\"><strong>Politique de confidentialit\u00e9<\/strong><\/h2>\n\n<p>Cette boutique respecte la confidentialit\u00e9 des clients et g\u00e8re toutes les commandes avec <strong>toute la discr\u00e9tion.<\/strong><\/p>\n\n<p>Seules les informations n\u00e9cessaires au traitement et \u00e0 l\u2019envoi d\u2019une commande sont recueillies, telles que le nom, l\u2019adresse de livraison, les coordonn\u00e9es et les informations de paiement. Ces donn\u00e9es sont utilis\u00e9es uniquement pour le traitement des commandes, l\u2019exp\u00e9dition et la communication de base avec les clients. <\/p>\n\n<p>Les informations clients <strong>ne sont pas stock\u00e9es apr\u00e8s la commande termin\u00e9e et exp\u00e9di\u00e9e<\/strong>. Aucune donn\u00e9e client n\u2019est vendue, partag\u00e9e ou utilis\u00e9e \u00e0 des fins marketing. <\/p>\n\n<p>Les prestataires de paiement et d\u2019exp\u00e9dition peuvent recevoir les informations minimales requises pour effectuer les transactions et livraisons. Ces services fonctionnent selon leurs propres politiques de confidentialit\u00e9. <\/p>\n\n<p>Des mesures de s\u00e9curit\u00e9 raisonnables sont utilis\u00e9es pour prot\u00e9ger toutes les informations pendant le processus de commande.<\/p>\n\n<p>En passant commande via cette boutique, vous acceptez cette politique de confidentialit\u00e9.<\/p>\n\n<p><\/p>\n","protected":false},"excerpt":{"rendered":"<p>Politique de confidentialit\u00e9 Cette boutique respecte la confidentialit\u00e9 des clients et g\u00e8re toutes les commandes avec toute la discr\u00e9tion. Seules<\/p>\n","protected":false},"author":1,"featured_media":0,"parent":0,"menu_order":0,"comment_status":"closed","ping_status":"closed","template":"","meta":{"footnotes":""},"class_list":["post-17623","page","type-page","status-publish","hentry"],"_links":{"self":[{"href":"https:\/\/gymanabolic.com\/fr\/wp-json\/wp\/v2\/pages\/17623","targetHints":{"allow":["GET"]}}],"collection":[{"href":"https:\/\/gymanabolic.com\/fr\/wp-json\/wp\/v2\/pages"}],"about":[{"href":"https:\/\/gymanabolic.com\/fr\/wp-json\/wp\/v2\/types\/page"}],"author":[{"embeddable":true,"href":"https:\/\/gymanabolic.com\/fr\/wp-json\/wp\/v2\/users\/1"}],"replies":[{"embeddable":true,"href":"https:\/\/gymanabolic.com\/fr\/wp-json\/wp\/v2\/comments?post=17623"}],"version-history":[{"count":1,"href":"https:\/\/gymanabolic.com\/fr\/wp-json\/wp\/v2\/pages\/17623\/revisions"}],"predecessor-version":[{"id":17626,"href":"https:\/\/gymanabolic.com\/fr\/wp-json\/wp\/v2\/pages\/17623\/revisions\/17626"}],"wp:attachment":[{"href":"https:\/\/gymanabolic.com\/fr\/wp-json\/wp\/v2\/media?parent=17623"}],"curies":[{"name":"wp","href":"https:\/\/api.w.org\/{rel}","templated":true}]}}