{"id":17486,"date":"2026-03-16T11:30:47","date_gmt":"2026-03-16T10:30:47","guid":{"rendered":"https:\/\/gymanabolic.com\/shop\/trenbolon-acetat-3\/"},"modified":"2026-03-16T12:17:27","modified_gmt":"2026-03-16T11:17:27","slug":"trenbolon-acetat-pharma-med","status":"publish","type":"product","link":"https:\/\/gymanabolic.com\/de\/shop\/trenbolon-acetat-pharma-med\/","title":{"rendered":"TRENBOLON-ACETAT"},"content":{"rendered":"<h2>TRENBOLON-ACETAT von Pharma Med<\/h2>\n<p>Lesen Sie mehr \u00fcber <span style=\"text-decoration: underline;\"><a href=\"https:\/\/gymanabolic.com\/what-is-trenbolone\/\">Trenbolon f\u00fcr Bodybuilder.<\/a><\/span><br \/>\nLesen Sie mehr \u00fcber die <span style=\"text-decoration: underline;\"><a href=\"https:\/\/gymanabolic.com\/trenbolone-side-effects\/\">Nebenwirkungen von Trenbolon<\/a><\/span>.<\/p>\n<p class=\"p1\">Das Produkt steht Einzelpersonen und Forschungseinrichtungen, Laboren, Universit\u00e4ten oder chemischen Studienkreisen zum Verkauf zur Verf\u00fcgung, die Forschung betreiben.<\/p>\n<p class=\"p1\">Das Produkt ist kein Lebensmittel oder ein Nahrungserg\u00e4nzungsmittel und nicht f\u00fcr den menschlichen Verzehr geeignet.<\/p>\n<p class=\"p1\">Wenn Sie sich unwohl f\u00fchlen oder Nebenwirkungen durch Kontakt mit der Substanz haben, konsultieren Sie Ihren Arzt.<\/p>\n<p class=\"p1\"><strong>Besondere Lagerbedingungen:<\/strong><\/p>\n<p class=\"p1\">Bewahren Sie das unverd\u00fcnnte Fl\u00e4schchen mit lyophilisiertem Pulver an einem k\u00fchlen, trockenen und dunklen Ort auf. Nach der Rekonstitution sollte die Substanz bei einer Temperatur zwischen <em>2<\/em> und 8 \u00b0C gelagert werden.<\/p>\n<p class=\"p1\">Alle oben genannten Eigenschaften wurden in Laborstudien beobachtet, die nicht an Menschen durchgef\u00fchrt wurden, und dienen ausschlie\u00dflich Informationszwecken. Keine der in den Beschreibungen enthaltenen Informationen ist von der Europ\u00e4ischen Lebensmittelsicherheitsbeh\u00f6rde (EFSA) genehmigt. Dieses Produkt ist kein Medikament, kein Lebensmittel oder Nahrungserg\u00e4nzungsmittel und nicht f\u00fcr den menschlichen Verzehr geeignet. Das Produkt ist als chemisches Reagenzmaterial\/Referenzmaterial klassifiziert, das f\u00fcr die Verwendung in der Europ\u00e4ischen Union zugelassen ist und darf nur f\u00fcr wissenschaftliche Forschung verwendet werden. Weitere Informationen zum Produkt sind im Sicherheitsdatenblatt enthalten, das wir zur Inspektion zur Verf\u00fcgung stellen. Die Produkte stehen nur Institutionen oder Einzelpersonen zur Verf\u00fcgung, die mit Forschungs- oder Laboraktivit\u00e4ten verbunden sind.<\/p>\n","protected":false},"excerpt":{"rendered":"<p data-start=\"0\" data-end=\"257\"><strong data-start=\"0\" data-end=\"51\"><span class=\"hover:entity-accent entity-underline inline cursor-pointer align-baseline\"><span class=\"whitespace-normal\">Trenbolonacetat<\/span><\/span> 100 mg\/ml<\/strong> von <strong data-start=\"57\" data-end=\"98\"><span class=\"hover:entity-accent entity-underline inline cursor-pointer align-baseline\"><span class=\"whitespace-normal\">Pharma Med<\/span><\/span><\/strong> ist ein injizierbares anabol\u2013androgenes Steroidpr\u00e4parat, das in einem Fl\u00e4schchen mit Trenbolonacetat in einer Konzentration von 100 Milligramm pro Milliliter geliefert wird.<\/p>\n<p data-start=\"259\" data-end=\"675\">Trenbolonacetat ist ein <strong data-start=\"283\" data-end=\"318\">schnell wirkender Ester von Trenbolon<\/strong>, der f\u00fcr die intramuskul\u00e4re Injektion entwickelt wurde. Aufgrund des kurzen Acetatesters gelangt es schnell in den Blutkreislauf und erfordert in der Regel <strong data-start=\"447\" data-end=\"479\">h\u00e4ufigere Verabreichung<\/strong> als l\u00e4nger wirkende Substanzen. Im Bodybuilding-Kontext wird es w\u00e4hrend der Phasen der K\u00f6rperentwicklung eingesetzt, in denen Athleten darauf abzielen <strong data-start=\"620\" data-end=\"674\">, Muskelh\u00e4rte, Kraft und den Erhalt der Muskelmasse<\/strong> zu unterst\u00fctzen.<\/p>\n","protected":false},"featured_media":17485,"comment_status":"open","ping_status":"closed","template":"","meta":[],"product_brand":[269],"product_cat":[226],"product_tag":[258],"class_list":{"0":"post-17486","1":"product","2":"type-product","3":"status-publish","4":"has-post-thumbnail","6":"product_brand-pharma-med","7":"product_cat-injektionen","8":"product_tag-trenbolon","10":"first","11":"instock","12":"shipping-taxable","13":"purchasable","14":"product-type-simple"},"_links":{"self":[{"href":"https:\/\/gymanabolic.com\/de\/wp-json\/wp\/v2\/product\/17486","targetHints":{"allow":["GET"]}}],"collection":[{"href":"https:\/\/gymanabolic.com\/de\/wp-json\/wp\/v2\/product"}],"about":[{"href":"https:\/\/gymanabolic.com\/de\/wp-json\/wp\/v2\/types\/product"}],"replies":[{"embeddable":true,"href":"https:\/\/gymanabolic.com\/de\/wp-json\/wp\/v2\/comments?post=17486"}],"version-history":[{"count":2,"href":"https:\/\/gymanabolic.com\/de\/wp-json\/wp\/v2\/product\/17486\/revisions"}],"predecessor-version":[{"id":17490,"href":"https:\/\/gymanabolic.com\/de\/wp-json\/wp\/v2\/product\/17486\/revisions\/17490"}],"wp:featuredmedia":[{"embeddable":true,"href":"https:\/\/gymanabolic.com\/de\/wp-json\/wp\/v2\/media\/17485"}],"wp:attachment":[{"href":"https:\/\/gymanabolic.com\/de\/wp-json\/wp\/v2\/media?parent=17486"}],"wp:term":[{"taxonomy":"product_brand","embeddable":true,"href":"https:\/\/gymanabolic.com\/de\/wp-json\/wp\/v2\/product_brand?post=17486"},{"taxonomy":"product_cat","embeddable":true,"href":"https:\/\/gymanabolic.com\/de\/wp-json\/wp\/v2\/product_cat?post=17486"},{"taxonomy":"product_tag","embeddable":true,"href":"https:\/\/gymanabolic.com\/de\/wp-json\/wp\/v2\/product_tag?post=17486"}],"curies":[{"name":"wp","href":"https:\/\/api.w.org\/{rel}","templated":true}]}}