{"id":17484,"date":"2026-03-16T11:35:28","date_gmt":"2026-03-16T10:35:28","guid":{"rendered":"https:\/\/gymanabolic.com\/shop\/trenbolon-enanthate-3\/"},"modified":"2026-04-17T01:26:39","modified_gmt":"2026-04-16T23:26:39","slug":"trenbolon-enanthate-pharma-med","status":"publish","type":"product","link":"https:\/\/gymanabolic.com\/de\/shop\/trenbolon-enanthate-pharma-med\/","title":{"rendered":"TRENBOLON ENANTAT"},"content":{"rendered":"<h2>Trenbolon Enantat &#8211; Pharma Med<\/h2>\n<p>Lesen Sie mehr \u00fcber <span style=\"text-decoration: underline;\"><a href=\"https:\/\/gymanabolic.com\/what-is-trenbolone\/\">Trenbolon f\u00fcr Bodybuilder.<\/a><\/span><br \/>\nLesen Sie mehr \u00fcber die <a href=\"https:\/\/gymanabolic.com\/trenbolone-side-effects\/\"><span style=\"text-decoration: underline;\">Nebenwirkungen von Trenbolon<\/span><\/a>.<\/p>\n<p class=\"p1\">Das Produkt steht Einzelpersonen und Forschungseinrichtungen, Laboren, Universit\u00e4ten oder chemischen Studienkreisen zum Verkauf zur Verf\u00fcgung, die Forschung betreiben.<\/p>\n<p class=\"p1\">Das Produkt ist kein Lebensmittel oder ein Nahrungserg\u00e4nzungsmittel und nicht f\u00fcr den menschlichen Verzehr geeignet.<\/p>\n<p class=\"p1\">Wenn Sie sich unwohl f\u00fchlen oder Nebenwirkungen durch Kontakt mit der Substanz haben, konsultieren Sie Ihren Arzt.<\/p>\n<p class=\"p1\"><strong>Besondere Lagerbedingungen:<\/strong><\/p>\n<p class=\"p1\">Bewahren Sie das unverd\u00fcnnte Fl\u00e4schchen mit lyophilisiertem Pulver an einem k\u00fchlen, trockenen und dunklen Ort auf. Nach der Rekonstitution sollte die Substanz bei einer Temperatur zwischen <em>2<\/em> und 8 \u00b0C gelagert werden. <\/p>\n<p class=\"p1\">Alle oben genannten Eigenschaften wurden in Laborstudien beobachtet, die nicht an Menschen durchgef\u00fchrt wurden, und dienen ausschlie\u00dflich Informationszwecken. Keine der in den Beschreibungen enthaltenen Informationen ist von der Europ\u00e4ischen Lebensmittelsicherheitsbeh\u00f6rde (EFSA) genehmigt. Dieses Produkt ist kein Medikament, kein Lebensmittel oder Nahrungserg\u00e4nzungsmittel und nicht f\u00fcr den menschlichen Verzehr geeignet. Das Produkt ist als chemisches Reagenzmaterial\/Referenzmaterial klassifiziert, das f\u00fcr die Verwendung in der Europ\u00e4ischen Union zugelassen ist und darf nur f\u00fcr wissenschaftliche Forschung verwendet werden. Weitere Informationen zum Produkt sind im Sicherheitsdatenblatt enthalten, das wir zur Inspektion zur Verf\u00fcgung stellen. Die Produkte stehen nur Institutionen oder Einzelpersonen zur Verf\u00fcgung, die mit Forschungs- oder Laboraktivit\u00e4ten verbunden sind.     <\/p>\n","protected":false},"excerpt":{"rendered":"<p data-start=\"0\" data-end=\"274\"><strong data-start=\"0\" data-end=\"51\"><span class=\"hover:entity-accent entity-underline inline cursor-pointer align-baseline\"><span class=\"whitespace-normal\">Trenbolon Enantat<\/span><\/span> 200 mg\/ml<\/strong> von <strong data-start=\"57\" data-end=\"98\"><span class=\"hover:entity-accent entity-underline inline cursor-pointer align-baseline\"><span class=\"whitespace-normal\">Pharma Med<\/span><\/span><\/strong> ist ein injizierbares anabol\u2013androgenes Steroidpr\u00e4parat mit 200 Milligramm Trenbolon Enantate pro Milliliter \u00f6lbasierter L\u00f6sung, das in einem Injektionsfl\u00e4schchen bereitgestellt wird.<\/p>\n<p data-start=\"276\" data-end=\"590\">Trenbolon Enantat ist ein <strong data-start=\"302\" data-end=\"339\">l\u00e4nger wirkender Ester von Trenbolon<\/strong>, der f\u00fcr intramuskul\u00e4re Verabreichung mit einem langsameren Wirkungsprofil im Vergleich zu k\u00fcrzeren Estern entwickelt wurde. Diese verl\u00e4ngerte Freisetzung erm\u00f6glicht es der Verbindung, \u00fcber l\u00e4ngere Zeit stabile Hormonspiegel zu halten, was in der Regel <strong data-start=\"561\" data-end=\"589\">seltenere Injektionen<\/strong> erfordert. <\/p>\n","protected":false},"featured_media":17483,"comment_status":"open","ping_status":"closed","template":"","meta":[],"product_brand":[269],"product_cat":[226],"product_tag":[258],"class_list":{"0":"post-17484","1":"product","2":"type-product","3":"status-publish","4":"has-post-thumbnail","6":"product_brand-pharma-med","7":"product_cat-injektionen","8":"product_tag-trenbolon","10":"first","11":"instock","12":"shipping-taxable","13":"purchasable","14":"product-type-simple"},"_links":{"self":[{"href":"https:\/\/gymanabolic.com\/de\/wp-json\/wp\/v2\/product\/17484","targetHints":{"allow":["GET"]}}],"collection":[{"href":"https:\/\/gymanabolic.com\/de\/wp-json\/wp\/v2\/product"}],"about":[{"href":"https:\/\/gymanabolic.com\/de\/wp-json\/wp\/v2\/types\/product"}],"replies":[{"embeddable":true,"href":"https:\/\/gymanabolic.com\/de\/wp-json\/wp\/v2\/comments?post=17484"}],"version-history":[{"count":5,"href":"https:\/\/gymanabolic.com\/de\/wp-json\/wp\/v2\/product\/17484\/revisions"}],"predecessor-version":[{"id":17584,"href":"https:\/\/gymanabolic.com\/de\/wp-json\/wp\/v2\/product\/17484\/revisions\/17584"}],"wp:featuredmedia":[{"embeddable":true,"href":"https:\/\/gymanabolic.com\/de\/wp-json\/wp\/v2\/media\/17483"}],"wp:attachment":[{"href":"https:\/\/gymanabolic.com\/de\/wp-json\/wp\/v2\/media?parent=17484"}],"wp:term":[{"taxonomy":"product_brand","embeddable":true,"href":"https:\/\/gymanabolic.com\/de\/wp-json\/wp\/v2\/product_brand?post=17484"},{"taxonomy":"product_cat","embeddable":true,"href":"https:\/\/gymanabolic.com\/de\/wp-json\/wp\/v2\/product_cat?post=17484"},{"taxonomy":"product_tag","embeddable":true,"href":"https:\/\/gymanabolic.com\/de\/wp-json\/wp\/v2\/product_tag?post=17484"}],"curies":[{"name":"wp","href":"https:\/\/api.w.org\/{rel}","templated":true}]}}