{"id":17474,"date":"2026-03-16T11:46:36","date_gmt":"2026-03-16T10:46:36","guid":{"rendered":"https:\/\/gymanabolic.com\/shop\/boldenon-undecylenieren-3\/"},"modified":"2026-03-16T11:58:51","modified_gmt":"2026-03-16T10:58:51","slug":"boldenon-undecylenat-pharma-med","status":"publish","type":"product","link":"https:\/\/gymanabolic.com\/de\/shop\/boldenon-undecylenat-pharma-med\/","title":{"rendered":"BOLDENON UNDECYLENAT"},"content":{"rendered":"<h2>BOLDENON UNDECYLENAT von Pharma Med<\/h2>\n<p class=\"p1\">Das Produkt steht Einzelpersonen und Forschungseinrichtungen, Laboren, Universit\u00e4ten oder chemischen Studienkreisen zum Verkauf zur Verf\u00fcgung, die Forschung betreiben.<\/p>\n<p class=\"p1\">Das Produkt ist kein Lebensmittel oder ein Nahrungserg\u00e4nzungsmittel und nicht f\u00fcr den menschlichen Verzehr geeignet.<\/p>\n<p class=\"p1\">Wenn Sie sich unwohl f\u00fchlen oder Nebenwirkungen durch Kontakt mit der Substanz haben, konsultieren Sie Ihren Arzt.<\/p>\n<p class=\"p1\"><strong>Besondere Lagerbedingungen:<\/strong><\/p>\n<p class=\"p1\">Bewahren Sie das unverd\u00fcnnte Fl\u00e4schchen mit lyophilisiertem Pulver an einem k\u00fchlen, trockenen und dunklen Ort auf. Nach der Rekonstitution sollte die Substanz bei einer Temperatur zwischen <em>2<\/em> und 8 \u00b0C gelagert werden.<\/p>\n<p class=\"p1\">Alle oben genannten Eigenschaften wurden in Laborstudien beobachtet, die nicht an Menschen durchgef\u00fchrt wurden, und dienen ausschlie\u00dflich Informationszwecken. Keine der in den Beschreibungen enthaltenen Informationen ist von der Europ\u00e4ischen Lebensmittelsicherheitsbeh\u00f6rde (EFSA) genehmigt. Dieses Produkt ist kein Medikament, kein Lebensmittel oder Nahrungserg\u00e4nzungsmittel und nicht f\u00fcr den menschlichen Verzehr geeignet. Das Produkt ist als chemisches Reagenzmaterial\/Referenzmaterial klassifiziert, das f\u00fcr die Verwendung in der Europ\u00e4ischen Union zugelassen ist und darf nur f\u00fcr wissenschaftliche Forschung verwendet werden. Weitere Informationen zum Produkt sind im Sicherheitsdatenblatt enthalten, das wir zur Inspektion zur Verf\u00fcgung stellen. Die Produkte stehen nur Institutionen oder Einzelpersonen zur Verf\u00fcgung, die mit Forschungs- oder Laboraktivit\u00e4ten verbunden sind.<\/p>\n","protected":false},"excerpt":{"rendered":"<p data-start=\"0\" data-end=\"276\">Boldenon-Undecylenat 250 mg\/ml von Pharma Med ist ein injizierbares anabol-androgenes Steroidpr\u00e4parat, das 250 Milligramm Boldenon-Undecylenat pro Milliliter einer \u00f6lbasierenden L\u00f6sung enth\u00e4lt und in einer Injektionsflasche geliefert wird.<\/p>\n<p data-start=\"278\" data-end=\"592\">Boldenon-Undecylenat ist ein lang wirkender Ester von Boldenon, der f\u00fcr die intramuskul\u00e4re Anwendung mit langsamer Freisetzung in den Blutkreislauf entwickelt wurde. Durch den verl\u00e4ngerten Ester bleibt der Wirkstoff \u00fcber einen l\u00e4ngeren Zeitraum aktiv, was im Vergleich zu kurz wirkenden Steroiden in der Regel weniger h\u00e4ufige Injektionen erfordert.<\/p>\n","protected":false},"featured_media":17473,"comment_status":"open","ping_status":"closed","template":"","meta":[],"product_brand":[269],"product_cat":[226],"product_tag":[238],"class_list":{"0":"post-17474","1":"product","2":"type-product","3":"status-publish","4":"has-post-thumbnail","6":"product_brand-pharma-med","7":"product_cat-injektionen","8":"product_tag-boldenon","10":"first","11":"instock","12":"shipping-taxable","13":"purchasable","14":"product-type-simple"},"_links":{"self":[{"href":"https:\/\/gymanabolic.com\/de\/wp-json\/wp\/v2\/product\/17474","targetHints":{"allow":["GET"]}}],"collection":[{"href":"https:\/\/gymanabolic.com\/de\/wp-json\/wp\/v2\/product"}],"about":[{"href":"https:\/\/gymanabolic.com\/de\/wp-json\/wp\/v2\/types\/product"}],"replies":[{"embeddable":true,"href":"https:\/\/gymanabolic.com\/de\/wp-json\/wp\/v2\/comments?post=17474"}],"version-history":[{"count":3,"href":"https:\/\/gymanabolic.com\/de\/wp-json\/wp\/v2\/product\/17474\/revisions"}],"predecessor-version":[{"id":17478,"href":"https:\/\/gymanabolic.com\/de\/wp-json\/wp\/v2\/product\/17474\/revisions\/17478"}],"wp:featuredmedia":[{"embeddable":true,"href":"https:\/\/gymanabolic.com\/de\/wp-json\/wp\/v2\/media\/17473"}],"wp:attachment":[{"href":"https:\/\/gymanabolic.com\/de\/wp-json\/wp\/v2\/media?parent=17474"}],"wp:term":[{"taxonomy":"product_brand","embeddable":true,"href":"https:\/\/gymanabolic.com\/de\/wp-json\/wp\/v2\/product_brand?post=17474"},{"taxonomy":"product_cat","embeddable":true,"href":"https:\/\/gymanabolic.com\/de\/wp-json\/wp\/v2\/product_cat?post=17474"},{"taxonomy":"product_tag","embeddable":true,"href":"https:\/\/gymanabolic.com\/de\/wp-json\/wp\/v2\/product_tag?post=17474"}],"curies":[{"name":"wp","href":"https:\/\/api.w.org\/{rel}","templated":true}]}}