{"id":17409,"date":"2025-01-30T01:24:09","date_gmt":"2025-01-30T00:24:09","guid":{"rendered":"https:\/\/gymanabolic.com\/shop\/mk-2866-ostarine\/"},"modified":"2026-03-16T00:19:43","modified_gmt":"2026-03-15T23:19:43","slug":"mk-2866-ostarine","status":"publish","type":"product","link":"https:\/\/gymanabolic.com\/de\/shop\/mk-2866-ostarine\/","title":{"rendered":"MK-2866 OSTARINE"},"content":{"rendered":"\t\t<div data-elementor-type=\"wp-post\" data-elementor-id=\"17409\" class=\"elementor elementor-17409 elementor-15879\">\n\t\t\t\t<div class=\"wd-negative-gap elementor-element elementor-element-7ba917d e-flex e-con-boxed e-con e-parent\" data-id=\"7ba917d\" data-element_type=\"container\" data-e-type=\"container\">\n\t\t\t\t\t<div class=\"e-con-inner\">\n\t\t<div class=\"elementor-element elementor-element-836b10c e-con-full e-flex e-con e-child\" data-id=\"836b10c\" data-element_type=\"container\" data-e-type=\"container\">\n\t\t\t\t<div class=\"elementor-element elementor-element-1cb5edc elementor-widget elementor-widget-wd_text_block\" data-id=\"1cb5edc\" data-element_type=\"widget\" data-e-type=\"widget\" data-widget_type=\"wd_text_block.default\">\n\t\t\t\t<div class=\"elementor-widget-container\">\n\t\t\t\t\t\t\t<div class=\"wd-text-block reset-last-child text-left\">\n\t\t\t\n\t\t\t<h1 class=\"product_title entry-title wd-entities-title\">MK-2866 OSTARINE<\/h1><p class=\"p1\">Das Produkt ist f\u00fcr Privatpersonen und Forschungseinrichtungen, Laboratorien, Universit\u00e4ten oder chemische Studienkreise erh\u00e4ltlich, die Forschungszwecke erf\u00fcllen.<\/p><p class=\"p1\">Das Produkt ist kein Lebensmittel oder Nahrungserg\u00e4nzungsmittel und nicht f\u00fcr den menschlichen Verzehr geeignet.<\/p><p class=\"p1\">Wenn Sie sich unwohl f\u00fchlen oder Nebenwirkungen durch den Kontakt mit der Substanz bemerken, wenden Sie sich an Ihren Arzt.<\/p><p class=\"p1\"><strong>Besondere Lagerbedingungen:<\/strong><\/p><p class=\"p1\">Bewahren Sie die unverd\u00fcnnte Durchstechflasche mit lyophilisiertem Pulver an einem k\u00fchlen, trockenen und dunklen Ort auf. Nach der Rekonstitution sollte die Substanz bei einer Temperatur zwischen <em>2<\/em> und 8 \u00b0C gelagert werden. <\/p><p class=\"p1\">Alle oben genannten Eigenschaften wurden in Laborstudien beobachtet, die nicht am Menschen durchgef\u00fchrt wurden, und dienen nur zu Informationszwecken. Keine der in den Beschreibungen enthaltenen Informationen ist von der Europ\u00e4ischen Beh\u00f6rde f\u00fcr Lebensmittelsicherheit (EFSA) genehmigt.  Dieses Produkt ist kein Medikament, Lebensmittel oder Nahrungserg\u00e4nzungsmittel und nicht f\u00fcr den menschlichen Verzehr geeignet. Das Produkt ist als chemisches Reagenz\/Referenzmaterial eingestuft, das f\u00fcr die Verwendung in der Europ\u00e4ischen Union zugelassen ist und darf nur f\u00fcr die wissenschaftliche Forschung verwendet werden. Weitere Informationen zum Produkt sind im Sicherheitsdatenblatt enthalten, das wir zur Einsichtnahme zur Verf\u00fcgung stellen. Die Produkte sind nur f\u00fcr Institutionen oder Einzelpersonen erh\u00e4ltlich, die mit Forschungs- oder Laboraktivit\u00e4ten in Verbindung stehen.<\/p>\n\t\t\t\t\t<\/div>\n\t\t\t\t\t\t<\/div>\n\t\t\t\t<\/div>\n\t\t\t\t<\/div>\n\t\t\t\t\t<\/div>\n\t\t\t\t<\/div>\n\t\t\t\t<\/div>\n\t\t","protected":false},"excerpt":{"rendered":"<div class=\"flex-shrink-0 flex flex-col relative items-end\">\n<div class=\"pt-0\">\n<div class=\"gizmo-bot-avatar flex h-8 w-8 items-center justify-center overflow-hidden rounded-full\">\n<div class=\"relative p-1 rounded-sm flex items-center justify-center bg-token-main-surface-primary text-token-text-primary h-8 w-8\">\n<p><strong>Ostarine (MK-2866)<\/strong> \u2013 Enobosarm C19H14F3N3O3 Externe Kennzeichen: GTX 024; GTX-024; MK2866 Eine Verbindung, die zur Klasse der Trifluormethylbenzene geh\u00f6rt. Dies sind fluororganische Verbindungen, die einen Benzolring enthalten, der durch eine oder mehrere Trifluormethylgruppen ersetzt ist. Klinische Studien zu Arzneimitteln (durch Bewegung induzierte Harninkontinenz, dreifach negativer Brustkrebs, Muskelschwund, nicht-kleinzelliger Lungenkrebs) werden in den Phasen 1\u20133 durchgef\u00fchrt. (2S)-N-[4-Cyano-3-(Trifluormethyl)phenyl]-3-(4-Cyanophenoxy)-2-Hydroxy-2-Methylpropanamid   <\/p>\n<\/div>\n<\/div>\n<\/div>\n<\/div>\n","protected":false},"featured_media":17411,"comment_status":"closed","ping_status":"closed","template":"","meta":[],"product_brand":[268],"product_cat":[231,228],"product_tag":[252],"class_list":{"0":"post-17409","1":"product","2":"type-product","3":"status-publish","4":"has-post-thumbnail","6":"product_brand-pepto-med","7":"product_cat-peptide","8":"product_cat-pillen","9":"product_tag-peptid-pillen","11":"first","12":"instock","13":"shipping-taxable","14":"purchasable","15":"product-type-simple"},"_links":{"self":[{"href":"https:\/\/gymanabolic.com\/de\/wp-json\/wp\/v2\/product\/17409","targetHints":{"allow":["GET"]}}],"collection":[{"href":"https:\/\/gymanabolic.com\/de\/wp-json\/wp\/v2\/product"}],"about":[{"href":"https:\/\/gymanabolic.com\/de\/wp-json\/wp\/v2\/types\/product"}],"replies":[{"embeddable":true,"href":"https:\/\/gymanabolic.com\/de\/wp-json\/wp\/v2\/comments?post=17409"}],"version-history":[{"count":1,"href":"https:\/\/gymanabolic.com\/de\/wp-json\/wp\/v2\/product\/17409\/revisions"}],"predecessor-version":[{"id":17412,"href":"https:\/\/gymanabolic.com\/de\/wp-json\/wp\/v2\/product\/17409\/revisions\/17412"}],"wp:featuredmedia":[{"embeddable":true,"href":"https:\/\/gymanabolic.com\/de\/wp-json\/wp\/v2\/media\/17411"}],"wp:attachment":[{"href":"https:\/\/gymanabolic.com\/de\/wp-json\/wp\/v2\/media?parent=17409"}],"wp:term":[{"taxonomy":"product_brand","embeddable":true,"href":"https:\/\/gymanabolic.com\/de\/wp-json\/wp\/v2\/product_brand?post=17409"},{"taxonomy":"product_cat","embeddable":true,"href":"https:\/\/gymanabolic.com\/de\/wp-json\/wp\/v2\/product_cat?post=17409"},{"taxonomy":"product_tag","embeddable":true,"href":"https:\/\/gymanabolic.com\/de\/wp-json\/wp\/v2\/product_tag?post=17409"}],"curies":[{"name":"wp","href":"https:\/\/api.w.org\/{rel}","templated":true}]}}