{"id":17381,"date":"2025-01-28T01:29:00","date_gmt":"2025-01-28T00:29:00","guid":{"rendered":"https:\/\/gymanabolic.com\/shop\/ipamorelin\/"},"modified":"2026-03-16T00:19:44","modified_gmt":"2026-03-15T23:19:44","slug":"ipamorelin","status":"publish","type":"product","link":"https:\/\/gymanabolic.com\/de\/shop\/ipamorelin\/","title":{"rendered":"IPAMORELIN"},"content":{"rendered":"\t\t<div data-elementor-type=\"wp-post\" data-elementor-id=\"17381\" class=\"elementor elementor-17381 elementor-15811\">\n\t\t\t\t<div class=\"wd-negative-gap elementor-element elementor-element-7ba917d e-flex e-con-boxed e-con e-parent\" data-id=\"7ba917d\" data-element_type=\"container\" data-e-type=\"container\">\n\t\t\t\t\t<div class=\"e-con-inner\">\n\t\t<div class=\"elementor-element elementor-element-836b10c e-con-full e-flex e-con e-child\" data-id=\"836b10c\" data-element_type=\"container\" data-e-type=\"container\">\n\t\t\t\t<div class=\"elementor-element elementor-element-1cb5edc elementor-widget elementor-widget-wd_text_block\" data-id=\"1cb5edc\" data-element_type=\"widget\" data-e-type=\"widget\" data-widget_type=\"wd_text_block.default\">\n\t\t\t\t<div class=\"elementor-widget-container\">\n\t\t\t\t\t\t\t<div class=\"wd-text-block reset-last-child text-left\">\n\t\t\t\n\t\t\t<h1 style=\"margin-bottom: var(--wd-mb); font-style: normal; font-variant-ligatures: normal; font-variant-caps: normal; font-weight: var(--wd-entities-title-font-weight); font-family: 'Josefin Sans', Arial, Helvetica, sans-serif; display: var(--page-title-display); text-transform: none; --page-title-display: block; white-space-collapse: collapse;\">IPAMORELIN<\/h1><p>Zusammensetzung von Ipamorelin 5 mg<\/p><p>Das Ipamorelin 5 mg Pr\u00e4parat enth\u00e4lt 5 mg des Wirkstoffs. Die Vorbereitung zeichnet sich durch einen hohen Grad an chemischer Reinheit aus und unterzieht sich einer Qualit\u00e4tskontrolle. <\/p><p>Ipamorelin 5 mg ist eine chemische Substanz, die ausschlie\u00dflich zu Forschungszwecken bestimmt ist.<\/p><p class=\"p1\">Das Produkt ist f\u00fcr Privatpersonen und Forschungseinrichtungen, Laboratorien, Universit\u00e4ten oder chemische Studienkreise erh\u00e4ltlich, die Forschungszwecke erf\u00fcllen.<\/p><p class=\"p1\">Das Produkt ist kein Lebensmittel oder Nahrungserg\u00e4nzungsmittel und nicht f\u00fcr den menschlichen Verzehr geeignet.<\/p><p class=\"p1\">Wenn Sie sich unwohl f\u00fchlen oder Nebenwirkungen durch den Kontakt mit der Substanz bemerken, wenden Sie sich an Ihren Arzt.<\/p><p class=\"p1\"><strong>Besondere Lagerbedingungen:<\/strong><\/p><p class=\"p1\">Bewahren Sie die unverd\u00fcnnte Durchstechflasche mit lyophilisiertem Pulver an einem k\u00fchlen, trockenen und dunklen Ort auf. Nach der Rekonstitution sollte die Substanz bei einer Temperatur zwischen <em>2<\/em> und 8 \u00b0C gelagert werden. <\/p><p class=\"p1\">Alle oben genannten Eigenschaften wurden in Laborstudien beobachtet, die nicht am Menschen durchgef\u00fchrt wurden, und dienen nur zu Informationszwecken. Keine der in den Beschreibungen enthaltenen Informationen ist von der Europ\u00e4ischen Beh\u00f6rde f\u00fcr Lebensmittelsicherheit (EFSA) genehmigt.  Dieses Produkt ist kein Medikament, Lebensmittel oder Nahrungserg\u00e4nzungsmittel und nicht f\u00fcr den menschlichen Verzehr geeignet. Das Produkt ist als chemisches Reagenz\/Referenzmaterial eingestuft, das f\u00fcr die Verwendung in der Europ\u00e4ischen Union zugelassen ist und darf nur f\u00fcr die wissenschaftliche Forschung verwendet werden. Weitere Informationen zum Produkt sind im Sicherheitsdatenblatt enthalten, das wir zur Einsichtnahme zur Verf\u00fcgung stellen. Die Produkte sind nur f\u00fcr Institutionen oder Einzelpersonen erh\u00e4ltlich, die mit Forschungs- oder Laboraktivit\u00e4ten in Verbindung stehen.<\/p>\n\t\t\t\t\t<\/div>\n\t\t\t\t\t\t<\/div>\n\t\t\t\t<\/div>\n\t\t\t\t<\/div>\n\t\t\t\t\t<\/div>\n\t\t\t\t<\/div>\n\t\t\t\t<\/div>\n\t\t","protected":false},"excerpt":{"rendered":"<div class=\"flex-shrink-0 flex flex-col relative items-end\">\n<div>\n<div class=\"pt-0\">\n<div class=\"gizmo-bot-avatar flex h-8 w-8 items-center justify-center overflow-hidden rounded-full\">\n<div class=\"relative p-1 rounded-sm flex items-center justify-center bg-token-main-surface-primary text-token-text-primary h-8 w-8\">Ipamorelin ist ein starkes, hochwirksames synthetisches Peptid mit Eigenschaften, die denen des menschlichen Wachstumshormons (HGH) \u00e4hneln. Es besteht aus f\u00fcnf Aminos\u00e4uren. Das Peptid selbst ist kein Wachstumshormon, sondern regt die nat\u00fcrliche Produktion von Wachstumshormonen im K\u00f6rper an. Im Gegensatz zu anderen HGH-stimulierenden Hormonen erh\u00f6ht Ipamorelin nicht signifikant die Werte von Cortisol oder adrenokortikotropem Hormon (ACTH) im Blutplasma, was es zu einem einzigartigen Peptid macht, das f\u00fcr die Wachstumshormonstimulation verantwortlich ist.   <\/div>\n<\/div>\n<\/div>\n<\/div>\n<\/div>\n<div class=\"group\/conversation-turn relative flex w-full min-w-0 flex-col agent-turn\">\n<div class=\"flex-col gap-1 md:gap-3\">\n<div class=\"flex max-w-full flex-col flex-grow\">\n<div class=\"min-h-8 text-message flex w-full flex-col items-end gap-2 whitespace-normal break-words text-start [.text-message+&amp;]:mt-5\" dir=\"auto\" data-message-author-role=\"assistant\" data-message-id=\"81010814-706d-441e-ab52-edf96d1f96cb\" data-message-model-slug=\"gpt-4o-mini\">\n<div class=\"flex w-full flex-col gap-1 empty:hidden first:pt-[3px]\">\n<div class=\"markdown prose w-full break-words dark:prose-invert dark\">\n<p>Ipamorelin-Peptide gewinnen aufgrund ihrer gesundheitlichen Vorteile an Beliebtheit. Sie helfen im Kampf gegen Fettleibigkeit und Alterung sowie erh\u00f6hen das Energieniveau und den Stoffwechsel. Ipamorelin unterst\u00fctzt Anti-Aging-Ma\u00dfnahmen, indem es das Energieniveau steigert und die magere Muskelmasse erh\u00e4lt und aufbaut. Nach dem 30. Lebensjahr beginnt der Spiegel des menschlichen Wachstumshormons zu sinken, und Ipamorelin hilft, den erforderlichen Spiegel an Wachstumshormonen und Energie im K\u00f6rper aufrechtzuerhalten.   <\/p>\n<\/div>\n<\/div>\n<\/div>\n<\/div>\n<\/div>\n<\/div>\n","protected":false},"featured_media":17383,"comment_status":"closed","ping_status":"closed","template":"","meta":[],"product_brand":[268],"product_cat":[226,231],"product_tag":[246],"class_list":{"0":"post-17381","1":"product","2":"type-product","3":"status-publish","4":"has-post-thumbnail","6":"product_brand-pepto-med","7":"product_cat-injektionen","8":"product_cat-peptide","9":"product_tag-hgh","11":"first","12":"instock","13":"shipping-taxable","14":"purchasable","15":"product-type-simple"},"_links":{"self":[{"href":"https:\/\/gymanabolic.com\/de\/wp-json\/wp\/v2\/product\/17381","targetHints":{"allow":["GET"]}}],"collection":[{"href":"https:\/\/gymanabolic.com\/de\/wp-json\/wp\/v2\/product"}],"about":[{"href":"https:\/\/gymanabolic.com\/de\/wp-json\/wp\/v2\/types\/product"}],"replies":[{"embeddable":true,"href":"https:\/\/gymanabolic.com\/de\/wp-json\/wp\/v2\/comments?post=17381"}],"version-history":[{"count":1,"href":"https:\/\/gymanabolic.com\/de\/wp-json\/wp\/v2\/product\/17381\/revisions"}],"predecessor-version":[{"id":17389,"href":"https:\/\/gymanabolic.com\/de\/wp-json\/wp\/v2\/product\/17381\/revisions\/17389"}],"wp:featuredmedia":[{"embeddable":true,"href":"https:\/\/gymanabolic.com\/de\/wp-json\/wp\/v2\/media\/17383"}],"wp:attachment":[{"href":"https:\/\/gymanabolic.com\/de\/wp-json\/wp\/v2\/media?parent=17381"}],"wp:term":[{"taxonomy":"product_brand","embeddable":true,"href":"https:\/\/gymanabolic.com\/de\/wp-json\/wp\/v2\/product_brand?post=17381"},{"taxonomy":"product_cat","embeddable":true,"href":"https:\/\/gymanabolic.com\/de\/wp-json\/wp\/v2\/product_cat?post=17381"},{"taxonomy":"product_tag","embeddable":true,"href":"https:\/\/gymanabolic.com\/de\/wp-json\/wp\/v2\/product_tag?post=17381"}],"curies":[{"name":"wp","href":"https:\/\/api.w.org\/{rel}","templated":true}]}}