{"id":17375,"date":"2025-01-28T00:50:05","date_gmt":"2025-01-27T23:50:05","guid":{"rendered":"https:\/\/gymanabolic.com\/shop\/bpc-157\/"},"modified":"2026-03-16T00:19:44","modified_gmt":"2026-03-15T23:19:44","slug":"bpc-157","status":"publish","type":"product","link":"https:\/\/gymanabolic.com\/de\/shop\/bpc-157\/","title":{"rendered":"BPC-157"},"content":{"rendered":"\t\t<div data-elementor-type=\"wp-post\" data-elementor-id=\"17375\" class=\"elementor elementor-17375 elementor-15805\">\n\t\t\t\t<div class=\"wd-negative-gap elementor-element elementor-element-7ba917d e-flex e-con-boxed e-con e-parent\" data-id=\"7ba917d\" data-element_type=\"container\" data-e-type=\"container\">\n\t\t\t\t\t<div class=\"e-con-inner\">\n\t\t<div class=\"elementor-element elementor-element-836b10c e-con-full e-flex e-con e-child\" data-id=\"836b10c\" data-element_type=\"container\" data-e-type=\"container\">\n\t\t\t\t<div class=\"elementor-element elementor-element-1cb5edc elementor-widget elementor-widget-wd_text_block\" data-id=\"1cb5edc\" data-element_type=\"widget\" data-e-type=\"widget\" data-widget_type=\"wd_text_block.default\">\n\t\t\t\t<div class=\"elementor-widget-container\">\n\t\t\t\t\t\t\t<div class=\"wd-text-block reset-last-child text-left\">\n\t\t\t\n\t\t\t<h1 style=\"margin-bottom: var(--wd-mb); font-style: normal; font-variant-ligatures: normal; font-variant-caps: normal; font-weight: var(--wd-entities-title-font-weight); font-family: 'Josefin Sans', Arial, Helvetica, sans-serif; display: var(--page-title-display); text-transform: none; --page-title-display: block; white-space-collapse: collapse;\">BPC-157<\/h1><p>Zusammensetzung des Pr\u00e4parats BPC-157 10 mg<\/p><p>Pr\u00e4paration BPC-157 10 mg enth\u00e4lt 10 mg des Wirkstoffs. Die Vorbereitung zeichnet sich durch einen hohen Grad an chemischer Reinheit aus und unterliegt einer Qualit\u00e4tskontrolle. <\/p><p>BPC-157 10 mg ist eine Chemikalie, die ausschlie\u00dflich f\u00fcr Forschungszwecke bestimmt ist.<\/p><p class=\"p1\">Das Produkt steht Einzelpersonen und Forschungseinrichtungen, Laboren, Universit\u00e4ten oder chemischen Studienkreisen zum Verkauf zur Verf\u00fcgung, die Forschung betreiben.<\/p><p class=\"p1\">Das Produkt ist kein Lebensmittel oder ein Nahrungserg\u00e4nzungsmittel und nicht f\u00fcr den menschlichen Verzehr geeignet.<\/p><p class=\"p1\">Wenn Sie sich unwohl f\u00fchlen oder Nebenwirkungen durch Kontakt mit der Substanz haben, konsultieren Sie Ihren Arzt.<\/p><p class=\"p1\"><strong>Besondere Lagerbedingungen:<\/strong><\/p><p class=\"p1\">Bewahren Sie das unverd\u00fcnnte Fl\u00e4schchen mit lyophilisiertem Pulver an einem k\u00fchlen, trockenen und dunklen Ort auf. Nach der Rekonstitution sollte die Substanz bei einer Temperatur zwischen <em>2<\/em> und 8 \u00b0C gelagert werden. <\/p><p class=\"p1\">Alle oben genannten Eigenschaften wurden in Laborstudien beobachtet, die nicht an Menschen durchgef\u00fchrt wurden, und dienen ausschlie\u00dflich Informationszwecken. Keine der in den Beschreibungen enthaltenen Informationen ist von der Europ\u00e4ischen Lebensmittelsicherheitsbeh\u00f6rde (EFSA) genehmigt. Dieses Produkt ist kein Medikament, kein Lebensmittel oder Nahrungserg\u00e4nzungsmittel und nicht f\u00fcr den menschlichen Verzehr geeignet. Das Produkt ist als chemisches Reagenzmaterial\/Referenzmaterial klassifiziert, das f\u00fcr die Verwendung in der Europ\u00e4ischen Union zugelassen ist und darf nur f\u00fcr wissenschaftliche Forschung verwendet werden. Weitere Informationen zum Produkt sind im Sicherheitsdatenblatt enthalten, das wir zur Inspektion zur Verf\u00fcgung stellen. Die Produkte stehen nur Institutionen oder Einzelpersonen zur Verf\u00fcgung, die mit Forschungs- oder Laboraktivit\u00e4ten verbunden sind.     <\/p>\n\t\t\t\t\t<\/div>\n\t\t\t\t\t\t<\/div>\n\t\t\t\t<\/div>\n\t\t\t\t<\/div>\n\t\t\t\t\t<\/div>\n\t\t\t\t<\/div>\n\t\t\t\t<\/div>\n\t\t","protected":false},"excerpt":{"rendered":"<p>BPC-157 (<em>Body Protection Compound<\/em>) ist ein Protein, das in Magens\u00e4ure vorkommt und in den 1990er Jahren entdeckt wurde. BPC-157 ist ein 15-Aminos\u00e4ure-Fragment dieses Proteins, das synthetisch produziert wird. Wissenschaftler glauben, dass dies in naher Zukunft die Grundlage f\u00fcr eine v\u00f6llig neue Klasse von Medikamenten sein wird, die Organe sch\u00fctzen und Sch\u00e4den in ihnen behandeln. <\/p>\n","protected":false},"featured_media":17377,"comment_status":"closed","ping_status":"closed","template":"","meta":[],"product_brand":[268],"product_cat":[226,231],"product_tag":[240,233,254,243],"class_list":{"0":"post-17375","1":"product","2":"type-product","3":"status-publish","4":"has-post-thumbnail","6":"product_brand-pepto-med","7":"product_cat-injektionen","8":"product_cat-peptide","9":"product_tag-kampfsport","10":"product_tag-krafttraining","11":"product_tag-regeneration","12":"product_tag-steroide-fur-ausdauer","14":"first","15":"instock","16":"shipping-taxable","17":"purchasable","18":"product-type-simple"},"_links":{"self":[{"href":"https:\/\/gymanabolic.com\/de\/wp-json\/wp\/v2\/product\/17375","targetHints":{"allow":["GET"]}}],"collection":[{"href":"https:\/\/gymanabolic.com\/de\/wp-json\/wp\/v2\/product"}],"about":[{"href":"https:\/\/gymanabolic.com\/de\/wp-json\/wp\/v2\/types\/product"}],"replies":[{"embeddable":true,"href":"https:\/\/gymanabolic.com\/de\/wp-json\/wp\/v2\/comments?post=17375"}],"version-history":[{"count":2,"href":"https:\/\/gymanabolic.com\/de\/wp-json\/wp\/v2\/product\/17375\/revisions"}],"predecessor-version":[{"id":17419,"href":"https:\/\/gymanabolic.com\/de\/wp-json\/wp\/v2\/product\/17375\/revisions\/17419"}],"wp:featuredmedia":[{"embeddable":true,"href":"https:\/\/gymanabolic.com\/de\/wp-json\/wp\/v2\/media\/17377"}],"wp:attachment":[{"href":"https:\/\/gymanabolic.com\/de\/wp-json\/wp\/v2\/media?parent=17375"}],"wp:term":[{"taxonomy":"product_brand","embeddable":true,"href":"https:\/\/gymanabolic.com\/de\/wp-json\/wp\/v2\/product_brand?post=17375"},{"taxonomy":"product_cat","embeddable":true,"href":"https:\/\/gymanabolic.com\/de\/wp-json\/wp\/v2\/product_cat?post=17375"},{"taxonomy":"product_tag","embeddable":true,"href":"https:\/\/gymanabolic.com\/de\/wp-json\/wp\/v2\/product_tag?post=17375"}],"curies":[{"name":"wp","href":"https:\/\/api.w.org\/{rel}","templated":true}]}}