{"id":17363,"date":"2025-01-28T00:27:34","date_gmt":"2025-01-27T23:27:34","guid":{"rendered":"https:\/\/gymanabolic.com\/shop\/semax\/"},"modified":"2026-03-16T00:19:45","modified_gmt":"2026-03-15T23:19:45","slug":"semax","status":"publish","type":"product","link":"https:\/\/gymanabolic.com\/de\/shop\/semax\/","title":{"rendered":"SEMAX"},"content":{"rendered":"\t\t<div data-elementor-type=\"wp-post\" data-elementor-id=\"17363\" class=\"elementor elementor-17363 elementor-15791\">\n\t\t\t\t<div class=\"wd-negative-gap elementor-element elementor-element-7ba917d e-flex e-con-boxed e-con e-parent\" data-id=\"7ba917d\" data-element_type=\"container\" data-e-type=\"container\">\n\t\t\t\t\t<div class=\"e-con-inner\">\n\t\t<div class=\"elementor-element elementor-element-836b10c e-con-full e-flex e-con e-child\" data-id=\"836b10c\" data-element_type=\"container\" data-e-type=\"container\">\n\t\t\t\t<div class=\"elementor-element elementor-element-1cb5edc elementor-widget elementor-widget-wd_text_block\" data-id=\"1cb5edc\" data-element_type=\"widget\" data-e-type=\"widget\" data-widget_type=\"wd_text_block.default\">\n\t\t\t\t<div class=\"elementor-widget-container\">\n\t\t\t\t\t\t\t<div class=\"wd-text-block reset-last-child text-left\">\n\t\t\t\n\t\t\t<h1 style=\"margin-bottom: var(--wd-mb); font-style: normal; font-variant-ligatures: normal; font-variant-caps: normal; font-weight: var(--wd-entities-title-font-weight); font-family: 'Josefin Sans', Arial, Helvetica, sans-serif; display: var(--page-title-display); text-transform: none; --page-title-display: block; white-space-collapse: collapse;\">SEMAX<\/h1><p>Zusammensetzung des Pr\u00e4parats SEMAX 30 mg<\/p><p>Preparat SEMAX 30 mg enth\u00e4lt 30 mg des Wirkstoffs. Die Vorbereitung zeichnet sich durch einen hohen Grad an chemischer Reinheit aus und unterliegt einer Qualit\u00e4tskontrolle. <\/p><p>SEMAX 30 mg ist eine Chemikalie, die ausschlie\u00dflich zu Forschungszwecken gedacht ist.<\/p><p class=\"p1\">Das Produkt ist f\u00fcr Privatpersonen und Forschungseinrichtungen, Laboratorien, Universit\u00e4ten oder chemische Studienkreise erh\u00e4ltlich, die Forschungszwecke erf\u00fcllen.<\/p><p class=\"p1\">Das Produkt ist kein Lebensmittel oder Nahrungserg\u00e4nzungsmittel und nicht f\u00fcr den menschlichen Verzehr geeignet.<\/p><p class=\"p1\">Wenn Sie sich unwohl f\u00fchlen oder Nebenwirkungen durch den Kontakt mit der Substanz bemerken, wenden Sie sich an Ihren Arzt.<\/p><p class=\"p1\"><strong>Besondere Lagerbedingungen:<\/strong><\/p><p class=\"p1\">Bewahren Sie die unverd\u00fcnnte Durchstechflasche mit lyophilisiertem Pulver an einem k\u00fchlen, trockenen und dunklen Ort auf. Nach der Rekonstitution sollte die Substanz bei einer Temperatur zwischen <em>2<\/em> und 8 \u00b0C gelagert werden. <\/p><p class=\"p1\">Alle oben genannten Eigenschaften wurden in Laborstudien beobachtet, die nicht am Menschen durchgef\u00fchrt wurden, und dienen nur zu Informationszwecken. Keine der in den Beschreibungen enthaltenen Informationen ist von der Europ\u00e4ischen Beh\u00f6rde f\u00fcr Lebensmittelsicherheit (EFSA) genehmigt.  Dieses Produkt ist kein Medikament, Lebensmittel oder Nahrungserg\u00e4nzungsmittel und nicht f\u00fcr den menschlichen Verzehr geeignet. Das Produkt ist als chemisches Reagenz\/Referenzmaterial eingestuft, das f\u00fcr die Verwendung in der Europ\u00e4ischen Union zugelassen ist und darf nur f\u00fcr die wissenschaftliche Forschung verwendet werden. Weitere Informationen zum Produkt sind im Sicherheitsdatenblatt enthalten, das wir zur Einsichtnahme zur Verf\u00fcgung stellen. Die Produkte sind nur f\u00fcr Institutionen oder Einzelpersonen erh\u00e4ltlich, die mit Forschungs- oder Laboraktivit\u00e4ten in Verbindung stehen.<\/p>\n\t\t\t\t\t<\/div>\n\t\t\t\t\t\t<\/div>\n\t\t\t\t<\/div>\n\t\t\t\t<\/div>\n\t\t\t\t\t<\/div>\n\t\t\t\t<\/div>\n\t\t\t\t<\/div>\n\t\t","protected":false},"excerpt":{"rendered":"<p>SEMAX 30 mg ist eine synthetische Peptidpr\u00e4parat, die ein Analogon des adrenokortikotropen Hormonfragments ist. Es ist eine der gr\u00f6\u00dften Errungenschaften russischer Wissenschaftler; in Russland hat es den Status eines Medikaments und steht auf der Liste der unverzichtbaren Medikamente. Bemerkenswert ist, dass diese Verbindung keine hormonelle Aktivit\u00e4t hat. Es hat jedoch eine positive Wirkung auf das Nervensystem und ein starkes nootropisches Potenzial.   <\/p>\n<p>Es wurde festgestellt, dass SEMAX Vorteile bei Schlaganfall, kognitiver Beeintr\u00e4chtigung, Demenz und Sehnervbeeintr\u00e4chtigung hat. Es wurde au\u00dferdem als potenzieller Immunsystemverst\u00e4rker getestet und k\u00f6nnte antidepressive und angstl\u00f6sende Eigenschaften besitzen. Studien zeigen, dass SEMAX den Spiegel des vom Gehirn abgeleiteten neurotrophen Faktors (BDNF) im zentralen Nervensystem sowie den Serotonin- und Dopaminspiegel erh\u00f6ht.  <\/p>\n","protected":false},"featured_media":17365,"comment_status":"closed","ping_status":"closed","template":"","meta":[],"product_brand":[268],"product_cat":[226,231],"product_tag":[],"class_list":{"0":"post-17363","1":"product","2":"type-product","3":"status-publish","4":"has-post-thumbnail","6":"product_brand-pepto-med","7":"product_cat-injektionen","8":"product_cat-peptide","10":"first","11":"instock","12":"shipping-taxable","13":"purchasable","14":"product-type-simple"},"_links":{"self":[{"href":"https:\/\/gymanabolic.com\/de\/wp-json\/wp\/v2\/product\/17363","targetHints":{"allow":["GET"]}}],"collection":[{"href":"https:\/\/gymanabolic.com\/de\/wp-json\/wp\/v2\/product"}],"about":[{"href":"https:\/\/gymanabolic.com\/de\/wp-json\/wp\/v2\/types\/product"}],"replies":[{"embeddable":true,"href":"https:\/\/gymanabolic.com\/de\/wp-json\/wp\/v2\/comments?post=17363"}],"version-history":[{"count":1,"href":"https:\/\/gymanabolic.com\/de\/wp-json\/wp\/v2\/product\/17363\/revisions"}],"predecessor-version":[{"id":17367,"href":"https:\/\/gymanabolic.com\/de\/wp-json\/wp\/v2\/product\/17363\/revisions\/17367"}],"wp:featuredmedia":[{"embeddable":true,"href":"https:\/\/gymanabolic.com\/de\/wp-json\/wp\/v2\/media\/17365"}],"wp:attachment":[{"href":"https:\/\/gymanabolic.com\/de\/wp-json\/wp\/v2\/media?parent=17363"}],"wp:term":[{"taxonomy":"product_brand","embeddable":true,"href":"https:\/\/gymanabolic.com\/de\/wp-json\/wp\/v2\/product_brand?post=17363"},{"taxonomy":"product_cat","embeddable":true,"href":"https:\/\/gymanabolic.com\/de\/wp-json\/wp\/v2\/product_cat?post=17363"},{"taxonomy":"product_tag","embeddable":true,"href":"https:\/\/gymanabolic.com\/de\/wp-json\/wp\/v2\/product_tag?post=17363"}],"curies":[{"name":"wp","href":"https:\/\/api.w.org\/{rel}","templated":true}]}}