{"id":17358,"date":"2025-01-27T23:20:11","date_gmt":"2025-01-27T22:20:11","guid":{"rendered":"https:\/\/gymanabolic.com\/shop\/ghk-cu\/"},"modified":"2026-03-16T00:19:45","modified_gmt":"2026-03-15T23:19:45","slug":"ghk-cu","status":"publish","type":"product","link":"https:\/\/gymanabolic.com\/de\/shop\/ghk-cu\/","title":{"rendered":"GHK-CU"},"content":{"rendered":"\t\t<div data-elementor-type=\"wp-post\" data-elementor-id=\"17358\" class=\"elementor elementor-17358 elementor-15752\">\n\t\t\t\t<div class=\"wd-negative-gap elementor-element elementor-element-7ba917d e-flex e-con-boxed e-con e-parent\" data-id=\"7ba917d\" data-element_type=\"container\" data-e-type=\"container\">\n\t\t\t\t\t<div class=\"e-con-inner\">\n\t\t<div class=\"elementor-element elementor-element-836b10c e-con-full e-flex e-con e-child\" data-id=\"836b10c\" data-element_type=\"container\" data-e-type=\"container\">\n\t\t\t\t<div class=\"elementor-element elementor-element-1cb5edc elementor-widget elementor-widget-wd_text_block\" data-id=\"1cb5edc\" data-element_type=\"widget\" data-e-type=\"widget\" data-widget_type=\"wd_text_block.default\">\n\t\t\t\t<div class=\"elementor-widget-container\">\n\t\t\t\t\t\t\t<div class=\"wd-text-block reset-last-child text-left\">\n\t\t\t\n\t\t\t<h1 style=\"margin-bottom: var(--wd-mb); font-style: normal; font-variant-ligatures: normal; font-variant-caps: normal; font-weight: var(--wd-entities-title-font-weight); font-family: 'Josefin Sans', Arial, Helvetica, sans-serif; display: var(--page-title-display); text-transform: none; --page-title-display: block; white-space-collapse: collapse;\">GHK-CU<br><br><\/h1><p class=\"p1\">GHK-Cu ist eine chemische Substanz, die ausschlie\u00dflich f\u00fcr Forschungszwecke bestimmt ist.<\/p><p class=\"p1\">Um die h\u00f6chste Produktqualit\u00e4t zu gew\u00e4hrleisten, werden f\u00fcr jede Charge Labortests auf Konzentration und Reinheit durchgef\u00fchrt, die im Reiter Studien zu finden sind.<\/p><p class=\"p1\">Das Produkt ist f\u00fcr Privatpersonen und Forschungseinrichtungen, Laboratorien, Universit\u00e4ten oder chemische Studienkreise erh\u00e4ltlich, die Forschungszwecke erf\u00fcllen.<\/p><p class=\"p1\">Das Produkt ist kein Lebensmittel oder Nahrungserg\u00e4nzungsmittel und nicht f\u00fcr den menschlichen Verzehr geeignet.<\/p><p class=\"p1\">Wenn Sie sich unwohl f\u00fchlen oder Nebenwirkungen durch den Kontakt mit der Substanz bemerken, wenden Sie sich an Ihren Arzt.<\/p><p class=\"p1\">Besondere Lagerbedingungen<\/p><p class=\"p1\">Bewahren Sie die unverd\u00fcnnte Durchstechflasche mit lyophilisiertem Pulver an einem k\u00fchlen, trockenen und dunklen Ort auf. Nach der Rekonstitution sollte die Substanz bei einer Temperatur zwischen <em>2<\/em> und 8 \u00b0C gelagert werden. <\/p><p class=\"p1\">Alle oben genannten Eigenschaften wurden in Laborstudien beobachtet, die nicht am Menschen durchgef\u00fchrt wurden, und dienen nur zu Informationszwecken. Keine der in den Beschreibungen enthaltenen Informationen ist von der Europ\u00e4ischen Beh\u00f6rde f\u00fcr Lebensmittelsicherheit (EFSA) genehmigt.  Dieses Produkt ist kein Medikament, Lebensmittel oder Nahrungserg\u00e4nzungsmittel und nicht f\u00fcr den menschlichen Verzehr geeignet. Das Produkt ist als chemisches Reagenz\/Referenzmaterial eingestuft, das f\u00fcr die Verwendung in der Europ\u00e4ischen Union zugelassen ist und darf nur f\u00fcr die wissenschaftliche Forschung verwendet werden. Weitere Informationen zum Produkt sind im Sicherheitsdatenblatt enthalten, das wir zur Einsichtnahme zur Verf\u00fcgung stellen. Die Produkte sind nur f\u00fcr Institutionen oder Einzelpersonen erh\u00e4ltlich, die mit Forschungs- oder Laboraktivit\u00e4ten in Verbindung stehen.<\/p>\n\t\t\t\t\t<\/div>\n\t\t\t\t\t\t<\/div>\n\t\t\t\t<\/div>\n\t\t\t\t<\/div>\n\t\t\t\t\t<\/div>\n\t\t\t\t<\/div>\n\t\t\t\t<\/div>\n\t\t","protected":false},"excerpt":{"rendered":"<p><strong>GHK-Cu-Peptide<\/strong> sind chemische Verbindungen, die drei Aminos\u00e4uren (Glycin, Histidin und Lysin) und Kupfer enthalten. Diese Verbindungen spielen eine bedeutende Rolle bei der Hautregeneration, indem sie die Synthese von Kollagen, Elastin und Glykosaminoglykanen anregen. Dank dieser Eigenschaften werden GHK-Cu-Peptide in der Kosmetik weit verbreitet eingesetzt, insbesondere in Anti-Aging-Produkten wie Cremes, Seren oder Masken. Sie tragen dazu bei, die Hautelastizit\u00e4t zu verbessern, Falten zu reduzieren und die Wundheilung zu beschleunigen. Unser Produktsortiment umfasst au\u00dferdem Peptide zur Gewichtsreduktion.    <\/p>\n<p><strong>Wissenschaftliche Forschung zu GHK-Cu-Peptiden<\/strong> In den letzten Jahren wurden zahlreiche wissenschaftliche Studien durchgef\u00fchrt, um die Wirksamkeit von GHK-Cu-Peptiden bei der Verbesserung des Hautzustands zu best\u00e4tigen. Die Ergebnisse haben gezeigt, dass die Verwendung dieser Verbindungen zu einer erheblichen Verbesserung des Hautaussehens f\u00fchren kann, sowohl hinsichtlich der Festigkeit als auch der verminderten Sichtbarkeit von Falten. Dar\u00fcber hinaus haben Studien auch die entz\u00fcndungshemmenden und antibakteriellen Wirkungen von GHK-Cu-Peptiden nachgewiesen, die besonders vorteilhaft f\u00fcr Haut sein k\u00f6nnen, die zu Akne oder Reizungen neigt. Es ist jedoch wichtig zu bedenken, dass GHK-Cu-Peptide keine universelle Substanz sind und ihre Wirksamkeit je nach individuellen Hautbed\u00fcrfnissen und verwendeten Produkten variieren kann.   <\/p>\n","protected":false},"featured_media":17360,"comment_status":"closed","ping_status":"closed","template":"","meta":[],"product_brand":[268],"product_cat":[226,231],"product_tag":[],"class_list":{"0":"post-17358","1":"product","2":"type-product","3":"status-publish","4":"has-post-thumbnail","6":"product_brand-pepto-med","7":"product_cat-injektionen","8":"product_cat-peptide","10":"first","11":"instock","12":"shipping-taxable","13":"purchasable","14":"product-type-simple"},"_links":{"self":[{"href":"https:\/\/gymanabolic.com\/de\/wp-json\/wp\/v2\/product\/17358","targetHints":{"allow":["GET"]}}],"collection":[{"href":"https:\/\/gymanabolic.com\/de\/wp-json\/wp\/v2\/product"}],"about":[{"href":"https:\/\/gymanabolic.com\/de\/wp-json\/wp\/v2\/types\/product"}],"replies":[{"embeddable":true,"href":"https:\/\/gymanabolic.com\/de\/wp-json\/wp\/v2\/comments?post=17358"}],"version-history":[{"count":1,"href":"https:\/\/gymanabolic.com\/de\/wp-json\/wp\/v2\/product\/17358\/revisions"}],"predecessor-version":[{"id":17362,"href":"https:\/\/gymanabolic.com\/de\/wp-json\/wp\/v2\/product\/17358\/revisions\/17362"}],"wp:featuredmedia":[{"embeddable":true,"href":"https:\/\/gymanabolic.com\/de\/wp-json\/wp\/v2\/media\/17360"}],"wp:attachment":[{"href":"https:\/\/gymanabolic.com\/de\/wp-json\/wp\/v2\/media?parent=17358"}],"wp:term":[{"taxonomy":"product_brand","embeddable":true,"href":"https:\/\/gymanabolic.com\/de\/wp-json\/wp\/v2\/product_brand?post=17358"},{"taxonomy":"product_cat","embeddable":true,"href":"https:\/\/gymanabolic.com\/de\/wp-json\/wp\/v2\/product_cat?post=17358"},{"taxonomy":"product_tag","embeddable":true,"href":"https:\/\/gymanabolic.com\/de\/wp-json\/wp\/v2\/product_tag?post=17358"}],"curies":[{"name":"wp","href":"https:\/\/api.w.org\/{rel}","templated":true}]}}