{"id":17352,"date":"2025-01-27T23:06:57","date_gmt":"2025-01-27T22:06:57","guid":{"rendered":"https:\/\/gymanabolic.com\/shop\/hgh-fragment-176-191\/"},"modified":"2026-03-16T00:19:45","modified_gmt":"2026-03-15T23:19:45","slug":"hgh-fragment-176-191","status":"publish","type":"product","link":"https:\/\/gymanabolic.com\/de\/shop\/hgh-fragment-176-191\/","title":{"rendered":"HGH-Fragment 176-191"},"content":{"rendered":"\t\t<div data-elementor-type=\"wp-post\" data-elementor-id=\"17352\" class=\"elementor elementor-17352 elementor-15746\">\n\t\t\t\t<div class=\"wd-negative-gap elementor-element elementor-element-7ba917d e-flex e-con-boxed e-con e-parent\" data-id=\"7ba917d\" data-element_type=\"container\" data-e-type=\"container\">\n\t\t\t\t\t<div class=\"e-con-inner\">\n\t\t<div class=\"elementor-element elementor-element-836b10c e-con-full e-flex e-con e-child\" data-id=\"836b10c\" data-element_type=\"container\" data-e-type=\"container\">\n\t\t\t\t<div class=\"elementor-element elementor-element-1cb5edc elementor-widget elementor-widget-wd_text_block\" data-id=\"1cb5edc\" data-element_type=\"widget\" data-e-type=\"widget\" data-widget_type=\"wd_text_block.default\">\n\t\t\t\t<div class=\"elementor-widget-container\">\n\t\t\t\t\t\t\t<div class=\"wd-text-block reset-last-child text-left\">\n\t\t\t\n\t\t\t<h1 style=\"margin-bottom: var(--wd-mb); font-style: normal; font-variant-ligatures: normal; font-variant-caps: normal; font-weight: var(--wd-entities-title-font-weight); font-family: 'Josefin Sans', Arial, Helvetica, sans-serif; display: var(--page-title-display); text-transform: none; --page-title-display: block; white-space-collapse: collapse;\">HGH-Fragment 176-191<\/h1><p class=\"p1\">Zusammensetzung des <span class=\"s1\">Pr\u00e4parats HGH FRAGMENT 176-191 5 mg<\/span><\/p><p class=\"p1\">Pr\u00e4paration <span class=\"s1\">HGH FRAGMENT 176-191 5 mg<\/span> enth\u00e4lt <span class=\"s1\">5 mg <\/span>des Wirkstoffs. Die Vorbereitung zeichnet sich durch einen hohen Grad an chemischer Reinheit aus und unterliegt einer Qualit\u00e4tskontrolle. <\/p><p class=\"p1\"><span class=\"s1\">HGH-FRAGMENT 176-191 5 mg<\/span> ist eine Chemikalie, die ausschlie\u00dflich f\u00fcr Forschungszwecke gedacht ist.<\/p><p class=\"p1\">Um die h\u00f6chste Produktqualit\u00e4t zu gew\u00e4hrleisten, werden f\u00fcr jede Charge Labortests auf Konzentration und Reinheit durchgef\u00fchrt, die im Reiter Studien zu finden sind.<\/p><p class=\"p1\">Das Produkt ist f\u00fcr Privatpersonen und Forschungseinrichtungen, Laboratorien, Universit\u00e4ten oder chemische Studienkreise erh\u00e4ltlich, die Forschungszwecke erf\u00fcllen.<\/p><p class=\"p1\">Das Produkt ist kein Lebensmittel oder Nahrungserg\u00e4nzungsmittel und nicht f\u00fcr den menschlichen Verzehr geeignet.<\/p><p class=\"p1\">Wenn Sie sich unwohl f\u00fchlen oder Nebenwirkungen durch den Kontakt mit der Substanz bemerken, wenden Sie sich an Ihren Arzt.<\/p><p class=\"p1\">Besondere Lagerbedingungen<\/p><p class=\"p1\">Bewahren Sie die unverd\u00fcnnte Durchstechflasche mit lyophilisiertem Pulver an einem k\u00fchlen, trockenen und dunklen Ort auf. Nach der Rekonstitution sollte die Substanz bei einer Temperatur zwischen <em>2<\/em> und 8 \u00b0C gelagert werden. <\/p><p class=\"p1\">Alle oben genannten Eigenschaften wurden in Laborstudien beobachtet, die nicht am Menschen durchgef\u00fchrt wurden, und dienen nur zu Informationszwecken. Keine der in den Beschreibungen enthaltenen Informationen ist von der Europ\u00e4ischen Beh\u00f6rde f\u00fcr Lebensmittelsicherheit (EFSA) genehmigt.  Dieses Produkt ist kein Medikament, Lebensmittel oder Nahrungserg\u00e4nzungsmittel und nicht f\u00fcr den menschlichen Verzehr geeignet. Das Produkt ist als chemisches Reagenz\/Referenzmaterial eingestuft, das f\u00fcr die Verwendung in der Europ\u00e4ischen Union zugelassen ist und darf nur f\u00fcr die wissenschaftliche Forschung verwendet werden. Weitere Informationen zum Produkt sind im Sicherheitsdatenblatt enthalten, das wir zur Einsichtnahme zur Verf\u00fcgung stellen. Die Produkte sind nur f\u00fcr Institutionen oder Einzelpersonen erh\u00e4ltlich, die mit Forschungs- oder Laboraktivit\u00e4ten in Verbindung stehen.<\/p>\n\t\t\t\t\t<\/div>\n\t\t\t\t\t\t<\/div>\n\t\t\t\t<\/div>\n\t\t\t\t<\/div>\n\t\t\t\t\t<\/div>\n\t\t\t\t<\/div>\n\t\t\t\t<\/div>\n\t\t","protected":false},"excerpt":{"rendered":"<p class=\"p1\"><span class=\"s1\">HGH-Fragment 176-191 <\/span>ist ein kleines synthetisches Fragment des nat\u00fcrlichen menschlichen Wachstumshormons (HGH) Polypeptid. Genauer gesagt enth\u00e4lt es Aminos\u00e4uren aus dem Fragment <span class=\"s1\">176<\/span> bis <span class=\"s1\">191<\/span>von <span class=\"s1\">HGH.<\/span> <\/p>\n<p class=\"p1\">Dieses Peptid gilt als das st\u00e4rkste Fettverbrennungsmittel aller verf\u00fcgbaren Peptide. Dies liegt daran, dass es auf die \u03b1 Rezeptoren wirkt, die f\u00fcr die Platzierung des Fettreservats des K\u00f6rpers verantwortlich sind. <span class=\"s1\">HGH FRAG<\/span> ist die ideale Vorbereitung, um die K\u00f6rperfettmenge im K\u00f6rper zu kontrollieren und gleichzeitig hochwertige Muskelmasse aufzubauen. <\/p>\n","protected":false},"featured_media":17354,"comment_status":"closed","ping_status":"closed","template":"","meta":[],"product_brand":[268],"product_cat":[226,231],"product_tag":[245,240,233,254,243],"class_list":{"0":"post-17352","1":"product","2":"type-product","3":"status-publish","4":"has-post-thumbnail","6":"product_brand-pepto-med","7":"product_cat-injektionen","8":"product_cat-peptide","9":"product_tag-fatburner","10":"product_tag-kampfsport","11":"product_tag-krafttraining","12":"product_tag-regeneration","13":"product_tag-steroide-fur-ausdauer","15":"first","16":"instock","17":"shipping-taxable","18":"purchasable","19":"product-type-simple"},"_links":{"self":[{"href":"https:\/\/gymanabolic.com\/de\/wp-json\/wp\/v2\/product\/17352","targetHints":{"allow":["GET"]}}],"collection":[{"href":"https:\/\/gymanabolic.com\/de\/wp-json\/wp\/v2\/product"}],"about":[{"href":"https:\/\/gymanabolic.com\/de\/wp-json\/wp\/v2\/types\/product"}],"replies":[{"embeddable":true,"href":"https:\/\/gymanabolic.com\/de\/wp-json\/wp\/v2\/comments?post=17352"}],"version-history":[{"count":1,"href":"https:\/\/gymanabolic.com\/de\/wp-json\/wp\/v2\/product\/17352\/revisions"}],"predecessor-version":[{"id":17356,"href":"https:\/\/gymanabolic.com\/de\/wp-json\/wp\/v2\/product\/17352\/revisions\/17356"}],"wp:featuredmedia":[{"embeddable":true,"href":"https:\/\/gymanabolic.com\/de\/wp-json\/wp\/v2\/media\/17354"}],"wp:attachment":[{"href":"https:\/\/gymanabolic.com\/de\/wp-json\/wp\/v2\/media?parent=17352"}],"wp:term":[{"taxonomy":"product_brand","embeddable":true,"href":"https:\/\/gymanabolic.com\/de\/wp-json\/wp\/v2\/product_brand?post=17352"},{"taxonomy":"product_cat","embeddable":true,"href":"https:\/\/gymanabolic.com\/de\/wp-json\/wp\/v2\/product_cat?post=17352"},{"taxonomy":"product_tag","embeddable":true,"href":"https:\/\/gymanabolic.com\/de\/wp-json\/wp\/v2\/product_tag?post=17352"}],"curies":[{"name":"wp","href":"https:\/\/api.w.org\/{rel}","templated":true}]}}