{"id":17345,"date":"2021-08-27T11:55:26","date_gmt":"2021-08-27T09:55:26","guid":{"rendered":"https:\/\/gymanabolic.com\/shop\/kisspeptin-10\/"},"modified":"2026-03-16T00:19:45","modified_gmt":"2026-03-15T23:19:45","slug":"kisspeptin-10","status":"publish","type":"product","link":"https:\/\/gymanabolic.com\/de\/shop\/kisspeptin-10\/","title":{"rendered":"KISSPEPTIN-10"},"content":{"rendered":"\t\t<div data-elementor-type=\"wp-post\" data-elementor-id=\"17345\" class=\"elementor elementor-17345 elementor-361\">\n\t\t\t\t<div class=\"wd-negative-gap elementor-element elementor-element-7ba917d e-flex e-con-boxed e-con e-parent\" data-id=\"7ba917d\" data-element_type=\"container\" data-e-type=\"container\">\n\t\t\t\t\t<div class=\"e-con-inner\">\n\t\t<div class=\"elementor-element elementor-element-836b10c e-con-full e-flex e-con e-child\" data-id=\"836b10c\" data-element_type=\"container\" data-e-type=\"container\">\n\t\t\t\t<div class=\"elementor-element elementor-element-1cb5edc elementor-widget elementor-widget-wd_text_block\" data-id=\"1cb5edc\" data-element_type=\"widget\" data-e-type=\"widget\" data-widget_type=\"wd_text_block.default\">\n\t\t\t\t<div class=\"elementor-widget-container\">\n\t\t\t\t\t\t\t<div class=\"wd-text-block reset-last-child text-left\">\n\t\t\t\n\t\t\t<h1 style=\"margin-bottom: var(--wd-mb); font-style: normal; font-variant-ligatures: normal; font-variant-caps: normal; font-weight: var(--wd-entities-title-font-weight); font-family: \"Josefin Sans\", Arial, Helvetica, sans-serif; display: var(--page-title-display); text-transform: none; --page-title-display: block; white-space-collapse: collapse;\">KISSPEPTIN-10<br><br><\/h1><p>Zusammensetzung des Pr\u00e4parats <span>KISSPETIN-10 3mg<\/span><\/p><p>Zubereitung&nbsp;<span>KISSPETIN-10 3 mg<\/span> enth\u00e4lt 3<span>mg <\/span>des Wirkstoffs. Die Vorbereitung zeichnet sich durch einen hohen Grad an chemischer Reinheit aus und unterliegt einer Qualit\u00e4tskontrolle. <\/p><p><span>KISSPETIN-10 3 mg<\/span> ist eine Chemikalie, die ausschlie\u00dflich f\u00fcr Forschungszwecke gedacht ist.<\/p><p>Um die h\u00f6chste Produktqualit\u00e4t zu gew\u00e4hrleisten, werden f\u00fcr jede Charge Labortests auf Konzentration und Reinheit durchgef\u00fchrt, die im Reiter Studien zu finden sind.<\/p><p>Das Produkt ist f\u00fcr Privatpersonen und Forschungseinrichtungen, Laboratorien, Universit\u00e4ten oder chemische Studienkreise erh\u00e4ltlich, die Forschungszwecke erf\u00fcllen.<\/p><p>Das Produkt ist kein Lebensmittel oder Nahrungserg\u00e4nzungsmittel und nicht f\u00fcr den menschlichen Verzehr geeignet.<\/p><p>Wenn Sie sich unwohl f\u00fchlen oder Nebenwirkungen durch den Kontakt mit der Substanz bemerken, wenden Sie sich an Ihren Arzt.<\/p><p>Besondere Lagerbedingungen<\/p><p>Bewahren Sie die unverd\u00fcnnte Durchstechflasche mit lyophilisiertem Pulver an einem k\u00fchlen, trockenen und dunklen Ort auf. Nach der Rekonstitution sollte die Substanz bei einer Temperatur zwischen&nbsp;<em>2<\/em> und 8 \u00b0C.<\/p><p>Alle oben genannten Eigenschaften wurden in Laborstudien beobachtet, die nicht am Menschen durchgef\u00fchrt wurden, und dienen nur zu Informationszwecken. Keine der in den Beschreibungen enthaltenen Informationen ist von der Europ\u00e4ischen Beh\u00f6rde f\u00fcr Lebensmittelsicherheit (EFSA) genehmigt.  Dieses Produkt ist kein Medikament, Lebensmittel oder Nahrungserg\u00e4nzungsmittel und nicht f\u00fcr den menschlichen Verzehr geeignet. Das Produkt ist als chemisches Reagenz\/Referenzmaterial eingestuft, das f\u00fcr die Verwendung in der Europ\u00e4ischen Union zugelassen ist und darf nur f\u00fcr die wissenschaftliche Forschung verwendet werden. Weitere Informationen zum Produkt sind im Sicherheitsdatenblatt enthalten, das wir zur Einsichtnahme zur Verf\u00fcgung stellen. Die Produkte sind nur f\u00fcr Institutionen oder Einzelpersonen erh\u00e4ltlich, die mit Forschungs- oder Laboraktivit\u00e4ten in Verbindung stehen.<\/p><p><\/p>\n\t\t\t\t\t<\/div>\n\t\t\t\t\t\t<\/div>\n\t\t\t\t<\/div>\n\t\t\t\t<\/div>\n\t\t\t\t\t<\/div>\n\t\t\t\t<\/div>\n\t\t\t\t<\/div>\n\t\t","protected":false},"excerpt":{"rendered":"<p class=\"p1\"><span class=\"s1\">KISSPEPTIN-10<\/span> \u2013 <span class=\"s1\">Kisspeptin<\/span> <span class=\"s1\">(auch bekannt als Metastin)<\/span> ist ein nat\u00fcrliches menschliches Protein, das w\u00e4hrend der Pubert\u00e4t und Fortpflanzung eine wichtige Rolle bei der hormonellen Signalgebung spielt. <span class=\"s1\">Kisspeptin-10 <\/span>ist ein Peptid, das auf die Synthese von Sexualhormonen, insbesondere Testosteron, abzielt. Es regt effektiv die nat\u00fcrliche Produktion dieses Hormons an und unterst\u00fctzt zudem ein Gef\u00fchl von Wohlbefinden und Libido. Dieses Peptid ist von gro\u00dfem wissenschaftlichem Interesse aufgrund seiner F\u00e4higkeit, das Gonadotropinfreisetzende Hormon (GnRH) zu beeinflussen, was es ideal macht, um das sogenannte &#8222;Entblocken&#8220; nach einer Steroidbehandlung zu unterst\u00fctzen.  <\/p>\n","protected":false},"featured_media":17347,"comment_status":"closed","ping_status":"closed","template":"","meta":[],"product_brand":[268],"product_cat":[226,231],"product_tag":[],"class_list":{"0":"post-17345","1":"product","2":"type-product","3":"status-publish","4":"has-post-thumbnail","6":"product_brand-pepto-med","7":"product_cat-injektionen","8":"product_cat-peptide","10":"first","11":"instock","12":"shipping-taxable","13":"purchasable","14":"product-type-simple"},"_links":{"self":[{"href":"https:\/\/gymanabolic.com\/de\/wp-json\/wp\/v2\/product\/17345","targetHints":{"allow":["GET"]}}],"collection":[{"href":"https:\/\/gymanabolic.com\/de\/wp-json\/wp\/v2\/product"}],"about":[{"href":"https:\/\/gymanabolic.com\/de\/wp-json\/wp\/v2\/types\/product"}],"replies":[{"embeddable":true,"href":"https:\/\/gymanabolic.com\/de\/wp-json\/wp\/v2\/comments?post=17345"}],"version-history":[{"count":1,"href":"https:\/\/gymanabolic.com\/de\/wp-json\/wp\/v2\/product\/17345\/revisions"}],"predecessor-version":[{"id":17350,"href":"https:\/\/gymanabolic.com\/de\/wp-json\/wp\/v2\/product\/17345\/revisions\/17350"}],"wp:featuredmedia":[{"embeddable":true,"href":"https:\/\/gymanabolic.com\/de\/wp-json\/wp\/v2\/media\/17347"}],"wp:attachment":[{"href":"https:\/\/gymanabolic.com\/de\/wp-json\/wp\/v2\/media?parent=17345"}],"wp:term":[{"taxonomy":"product_brand","embeddable":true,"href":"https:\/\/gymanabolic.com\/de\/wp-json\/wp\/v2\/product_brand?post=17345"},{"taxonomy":"product_cat","embeddable":true,"href":"https:\/\/gymanabolic.com\/de\/wp-json\/wp\/v2\/product_cat?post=17345"},{"taxonomy":"product_tag","embeddable":true,"href":"https:\/\/gymanabolic.com\/de\/wp-json\/wp\/v2\/product_tag?post=17345"}],"curies":[{"name":"wp","href":"https:\/\/api.w.org\/{rel}","templated":true}]}}