{"id":17325,"date":"2025-02-03T00:51:24","date_gmt":"2025-02-02T23:51:24","guid":{"rendered":"https:\/\/gymanabolic.com\/shop\/oxymetholon\/"},"modified":"2026-03-17T11:11:25","modified_gmt":"2026-03-17T10:11:25","slug":"oxymetholon","status":"publish","type":"product","link":"https:\/\/gymanabolic.com\/de\/shop\/oxymetholon\/","title":{"rendered":"OXYMETHOLON"},"content":{"rendered":"<h2>Oxymetholon 50mg Tabletten von Moldavian Pharma<\/h2>\n<p>Oxymetholon ist eine synthetische anabole Verbindung, die urspr\u00fcnglich f\u00fcr den medizinischen Gebrauch entwickelt wurde, insbesondere zur Behandlung von Erkrankungen, die mit niedrigen Blutk\u00f6rperchenwerten und starkem Gewichtsverlust zusammenh\u00e4ngen. Heute ist es in Fitness- und Krafttrainingskreisen weithin bekannt f\u00fcr seine F\u00e4higkeit, das K\u00f6rpergewicht schnell zu erh\u00f6hen und die Gesamtleistung zu verbessern. Es wird auch unter Markennamen wie Anapolon verkauft, aber der Wirkstoff bleibt derselbe. Aufgrund seiner Intensit\u00e4t gilt es oft als hochwirksame Verbindung, die vor der Anwendung sorgf\u00e4ltiges Verst\u00e4ndnis erfordert.   <\/p>\n<div class=\"flex flex-col text-sm pb-25\">\n<article class=\"text-token-text-primary w-full focus:outline-none [--shadow-height:45px] has-data-writing-block:pointer-events-none has-data-writing-block:-mt-(--shadow-height) has-data-writing-block:pt-(--shadow-height) [&amp;:has([data-writing-block])&gt;*]:pointer-events-auto scroll-mt-[calc(var(--header-height)+min(200px,max(70px,20svh)))]\" dir=\"auto\" tabindex=\"-1\" data-turn-id=\"request-WEB:12023a5f-94a8-4573-ba5b-28288f6c5693-10\" data-testid=\"conversation-turn-22\" data-scroll-anchor=\"true\" data-turn=\"assistant\">\n<div class=\"text-base my-auto mx-auto pb-10 [--thread-content-margin:var(--thread-content-margin-xs,calc(var(--spacing)*4))] @w-sm\/main:[--thread-content-margin:var(--thread-content-margin-sm,calc(var(--spacing)*6))] @w-lg\/main:[--thread-content-margin:var(--thread-content-margin-lg,calc(var(--spacing)*16))] px-(--thread-content-margin)\">\n<div class=\"[--thread-content-max-width:40rem] @w-lg\/main:[--thread-content-max-width:48rem] mx-auto max-w-(--thread-content-max-width) flex-1 group\/turn-messages focus-visible:outline-hidden relative flex w-full min-w-0 flex-col agent-turn\" tabindex=\"-1\">\n<div class=\"flex max-w-full flex-col gap-4 grow\">\n<div class=\"min-h-8 text-message relative flex w-full flex-col items-end gap-2 text-start break-words whitespace-normal [.text-message+&amp;]:mt-1\" dir=\"auto\" data-message-author-role=\"assistant\" data-message-id=\"aacc0fe8-a98e-41d3-9180-0ad268b2d52a\" data-message-model-slug=\"gpt-5-3-instant\">\n<div class=\"flex w-full flex-col gap-1 empty:hidden\">\n<div class=\"markdown prose dark:prose-invert w-full wrap-break-word dark markdown-new-styling\">\n<p data-start=\"512\" data-end=\"607\" data-is-last-node=\"\" data-is-only-node=\"\"><span style=\"text-decoration: underline;\"><a href=\"https:\/\/gymanabolic.com\/what-is-oxymetholone\/\">Lesen Sie den vollst\u00e4ndigen Leitfaden, um mehr \u00fcber die Wirkung, Dosierung, Risiken und die Wirkung von Anapolon zu erfahren.<\/a><\/span><\/p>\n<\/div>\n<\/div>\n<\/div>\n<\/div>\n<\/div>\n<\/div>\n<\/article>\n<\/div>\n<p>Das Produkt ist kein Lebensmittel oder ein Nahrungserg\u00e4nzungsmittel und nicht f\u00fcr den menschlichen Verzehr geeignet.<\/p>\n<p>Wenn Sie sich unwohl f\u00fchlen oder Nebenwirkungen durch Kontakt mit der Substanz haben, konsultieren Sie Ihren Arzt.<\/p>\n<p><strong>Besondere Lagerbedingungen:<\/strong><\/p>\n<p>Bewahren Sie das unverd\u00fcnnte Fl\u00e4schchen mit lyophilisiertem Pulver an einem k\u00fchlen, trockenen und dunklen Ort auf. Nach der Rekonstitution sollte die Substanz bei einer Temperatur zwischen <em>2<\/em> und 8 \u00b0C gelagert werden. <\/p>\n<p>Alle oben genannten Eigenschaften wurden in Laborstudien beobachtet, die nicht an Menschen durchgef\u00fchrt wurden, und dienen ausschlie\u00dflich Informationszwecken. Keine der in den Beschreibungen enthaltenen Informationen ist von der Europ\u00e4ischen Lebensmittelsicherheitsbeh\u00f6rde (EFSA) genehmigt. Dieses Produkt ist kein Medikament, kein Lebensmittel oder Nahrungserg\u00e4nzungsmittel und nicht f\u00fcr den menschlichen Verzehr geeignet. Das Produkt ist als chemisches Reagenzmaterial\/Referenzmaterial klassifiziert, das f\u00fcr die Verwendung in der Europ\u00e4ischen Union zugelassen ist und darf nur f\u00fcr wissenschaftliche Forschung verwendet werden. Weitere Informationen zum Produkt sind im Sicherheitsdatenblatt enthalten, das wir zur Inspektion zur Verf\u00fcgung stellen. Die Produkte stehen nur Institutionen oder Einzelpersonen zur Verf\u00fcgung, die mit Forschungs- oder Laboraktivit\u00e4ten verbunden sind.     <\/p>\n","protected":false},"excerpt":{"rendered":"<div class=\"flex-shrink-0 flex flex-col relative items-end\">\n<div class=\"pt-0\">\n<div class=\"gizmo-bot-avatar flex h-8 w-8 items-center justify-center overflow-hidden rounded-full\">\n<div class=\"relative p-1 rounded-sm flex items-center justify-center bg-token-main-surface-primary text-token-text-primary h-8 w-8\">\n<div class=\"flex-shrink-0 flex flex-col relative items-end\">\n<div class=\"pt-0\">\n<div class=\"gizmo-bot-avatar flex h-8 w-8 items-center justify-center overflow-hidden rounded-full\">\n<div class=\"flex-shrink-0 flex flex-col relative items-end\">\n<div class=\"pt-0\">\n<div class=\"gizmo-bot-avatar flex h-8 w-8 items-center justify-center overflow-hidden rounded-full\">\n<div class=\"relative p-1 rounded-sm flex items-center justify-center bg-token-main-surface-primary text-token-text-primary h-8 w-8\">\n<article class=\"w-full scroll-mb-[var(--thread-trailing-height,150px)] text-token-text-primary focus-visible:outline-2 focus-visible:outline-offset-[-4px]\" dir=\"auto\" data-testid=\"conversation-turn-62\" data-scroll-anchor=\"false\">\n<div class=\"m-auto text-base py-[18px] px-3 md:px-4 w-full md:px-5 lg:px-4 xl:px-5\">\n<div class=\"mx-auto flex flex-1 gap-4 text-base md:gap-5 lg:gap-6 md:max-w-3xl\">\n<div class=\"group\/conversation-turn relative flex w-full min-w-0 flex-col\">\n<div class=\"flex-col gap-1 md:gap-3\">\n<div class=\"flex max-w-full flex-col flex-grow\">\n<div class=\"min-h-8 text-message flex w-full flex-col items-end gap-2 whitespace-normal break-words text-start [.text-message+&amp;]:mt-5\" dir=\"auto\" data-message-author-role=\"user\" data-message-id=\"aaa283b9-7b85-47fc-902a-858d633e9f71\">\n<div class=\"flex w-full flex-col gap-1 empty:hidden items-end rtl:items-start\">\n<div class=\"relative max-w-[var(--user-chat-width,70%)] rounded-3xl bg-token-message-surface px-5 py-2.5\">\n<div class=\"whitespace-pre-wrap\">\n<div class=\"flex-shrink-0 flex flex-col relative items-end\">\n<div class=\"pt-0\">\n<div class=\"gizmo-bot-avatar flex h-8 w-8 items-center justify-center overflow-hidden rounded-full\">\n<div class=\"relative p-1 rounded-sm flex items-center justify-center bg-token-main-surface-primary text-token-text-primary h-8 w-8\"><strong>Oxymetholon<\/strong>, das oft unter dem Markennamen <strong>Anadrol<\/strong> verkauft wird, ist ein starkes anaboles Steroid, das f\u00fcr seine starke St\u00e4rke und massenaufbauende Wirkung bekannt ist. Es ist eines der wirksamsten oralen Steroide und wird h\u00e4ufig von Bodybuildern und Sportlern w\u00e4hrend Bulking-Zyklen verwendet, um schnell Muskelmasse aufzubauen und die k\u00f6rperliche Kraft zu steigern. Oxymetholon erh\u00f6ht die Produktion roter Blutk\u00f6rperchen, was die Sauerstoffversorgung der Muskeln w\u00e4hrend intensiven Trainings verbessert und so zu mehr Ausdauer und schnellerer Erholung f\u00fchrt.  <\/div>\n<\/div>\n<\/div>\n<\/div>\n<\/div>\n<\/div>\n<\/div>\n<\/div>\n<\/div>\n<\/div>\n<\/div>\n<\/div>\n<\/div>\n<\/article>\n<\/div>\n<\/div>\n<\/div>\n<\/div>\n<\/div>\n<\/div>\n<\/div>\n<\/div>\n<\/div>\n<\/div>\n<\/div>\n","protected":false},"featured_media":17327,"comment_status":"closed","ping_status":"closed","template":"","meta":[],"product_brand":[267],"product_cat":[228],"product_tag":[232,233,251],"class_list":{"0":"post-17325","1":"product","2":"type-product","3":"status-publish","4":"has-post-thumbnail","6":"product_brand-moldavian-pharma","7":"product_cat-pillen","8":"product_tag-bodybuilding","9":"product_tag-krafttraining","10":"product_tag-oxymetholon","12":"first","13":"instock","14":"shipping-taxable","15":"purchasable","16":"product-type-simple"},"_links":{"self":[{"href":"https:\/\/gymanabolic.com\/de\/wp-json\/wp\/v2\/product\/17325","targetHints":{"allow":["GET"]}}],"collection":[{"href":"https:\/\/gymanabolic.com\/de\/wp-json\/wp\/v2\/product"}],"about":[{"href":"https:\/\/gymanabolic.com\/de\/wp-json\/wp\/v2\/types\/product"}],"replies":[{"embeddable":true,"href":"https:\/\/gymanabolic.com\/de\/wp-json\/wp\/v2\/comments?post=17325"}],"version-history":[{"count":2,"href":"https:\/\/gymanabolic.com\/de\/wp-json\/wp\/v2\/product\/17325\/revisions"}],"predecessor-version":[{"id":17561,"href":"https:\/\/gymanabolic.com\/de\/wp-json\/wp\/v2\/product\/17325\/revisions\/17561"}],"wp:featuredmedia":[{"embeddable":true,"href":"https:\/\/gymanabolic.com\/de\/wp-json\/wp\/v2\/media\/17327"}],"wp:attachment":[{"href":"https:\/\/gymanabolic.com\/de\/wp-json\/wp\/v2\/media?parent=17325"}],"wp:term":[{"taxonomy":"product_brand","embeddable":true,"href":"https:\/\/gymanabolic.com\/de\/wp-json\/wp\/v2\/product_brand?post=17325"},{"taxonomy":"product_cat","embeddable":true,"href":"https:\/\/gymanabolic.com\/de\/wp-json\/wp\/v2\/product_cat?post=17325"},{"taxonomy":"product_tag","embeddable":true,"href":"https:\/\/gymanabolic.com\/de\/wp-json\/wp\/v2\/product_tag?post=17325"}],"curies":[{"name":"wp","href":"https:\/\/api.w.org\/{rel}","templated":true}]}}