{"id":17210,"date":"2025-02-04T02:31:16","date_gmt":"2025-02-04T01:31:16","guid":{"rendered":"https:\/\/gymanabolic.com\/shop\/cabasyr\/"},"modified":"2025-02-04T02:31:16","modified_gmt":"2025-02-04T01:31:16","slug":"cabasyr","status":"publish","type":"product","link":"https:\/\/gymanabolic.com\/de\/shop\/cabasyr\/","title":{"rendered":"CABASYR"},"content":{"rendered":"<h2 data-start=\"269\" data-end=\"279\" data-section-id=\"1md835o\">CABASYR<\/h2>\n<p data-start=\"281\" data-end=\"618\">CABASYR von Moldavian Pharma enth\u00e4lt <strong data-start=\"318\" data-end=\"333\">Cabergolin<\/strong>, einen langwirksamen <strong data-start=\"349\" data-end=\"378\">Dopaminrezeptor-Agonisten<\/strong> , der medizinisch zur Senkung erh\u00f6hter Prolaktinspiegel eingesetzt wird. Offizielle Verschreibungsinformationen und MedlinePlus beschreiben Cabergolin als Dopaminagonisten, der bei <strong data-start=\"537\" data-end=\"569\">Hyperprolaktinemerkrankungen<\/strong> bei Erwachsenen induziert ist. <\/p>\n<h2 data-start=\"620\" data-end=\"638\" data-section-id=\"3o3dgs\">Was CABASYR IST<\/h2>\n<p data-start=\"640\" data-end=\"1028\">Der Wirkstoff in CABASYR ist <strong data-start=\"676\" data-end=\"691\">Cabergolin<\/strong>. Cabergolin geh\u00f6rt zur Dopamin-Agonistenklasse und wirkt, indem es die <strong data-start=\"756\" data-end=\"790\">Prolaktinsekretion<\/strong> aus der Hypophyse verringert. Die offizielle FDA-Kennzeichnung besagt, dass es sich um ein Mutterkornderivat handelt, das zur Behandlung von hyperprolaktin\u00e4mischen Erkrankungen geeignet ist, einschlie\u00dflich idiopathischer F\u00e4lle oder solche, die auf Hypophysenadenome zur\u00fcckzuf\u00fchren sind.  <\/p>\n<p data-start=\"1030\" data-end=\"1290\">Cabergolin ist kein anaboles Steroid. Es handelt sich um einen <strong data-start=\"1078\" data-end=\"1113\">pharmazeutischen Dopamin-Agonist<\/strong> mit einem anderen Mechanismus und einer anderen medizinischen Rolle. Seine Identit\u00e4t wird durch die aktive Verbindung Cabergolin und ihre prolaktinsenkende Wirkung definiert.  <\/p>\n<h2 data-start=\"1292\" data-end=\"1312\" data-section-id=\"1rsa30\">Wirkstoff<\/h2>\n<h3 data-start=\"1314\" data-end=\"1329\" data-section-id=\"1hfki2f\">Cabergolin<\/h3>\n<p data-start=\"1331\" data-end=\"1568\">Cabergolin ist die bestimmende Zutat in CABASYR. Die FDA-Kennzeichnung beschreibt es als <strong data-start=\"1413\" data-end=\"1454\">langwirksamen Dopaminrezeptor-Agonist<\/strong>, und MedlinePlus gibt an, dass es die Menge an Prolaktin im K\u00f6rper senkt. <\/p>\n<h3 data-start=\"1570\" data-end=\"1602\" data-section-id=\"2zwds3\">Prolaktin-Absenkungsmechanismus<\/h3>\n<p data-start=\"1604\" data-end=\"1890\">Der Mechanismus hinter Cabergolin ist direkt mit der Prolaktinregulation verkn\u00fcpft. Das FDA-Etikett erkl\u00e4rt, dass die Prolaktinsekretion haupts\u00e4chlich durch Dopamin hemmend kontrolliert wird und dass Cabergolin eine direkte hemmende Wirkung auf die Prolaktinsekretion aus\u00fcbt. <\/p>\n<h2 data-start=\"1892\" data-end=\"1910\" data-section-id=\"1mubl4h\">Medizinischer Kontext<\/h2>\n<p data-start=\"1912\" data-end=\"2224\">CABASYR ist am besten als Cabergolinprodukt f\u00fcr <strong data-start=\"1977\" data-end=\"2015\">prolaktinbezogene medizinische Kontexte<\/strong> zu verstehen, nicht als allgemeines Sportsupplement. MedlinePlus listet Cabergolin bei Hyperprolaktin\u00e4mie auf, und die FDA-Kennzeichnung beschreibt dessen Anwendung bei Erwachsenen mit hyperprolaktin\u00e4mischen Erkrankungen. <\/p>\n<p data-start=\"2226\" data-end=\"2509\">Da es sich um einen regulierten pharmazeutischen Inhaltsstoff handelt, sollte Cabergolin anders betrachtet werden als gew\u00f6hnliche Sportern\u00e4hrungsprodukte. Es geh\u00f6rt in vielen M\u00e4rkten zur Kategorie verschreibungspflichtiger Medikamente und beinhaltet wichtige medizinische \u00dcberlegungen. <\/p>\n<h2 data-start=\"2511\" data-end=\"2542\" data-section-id=\"9weaj7\">Wichtige Sicherheitsinformationen<\/h2>\n<p data-start=\"2544\" data-end=\"2877\">Cabergolin ist ein verschreibungspflichtiges Medikament und sollte nicht wie ein allt\u00e4gliches Nahrungserg\u00e4nzungsmittel behandelt werden. Die aktuelle FDA-Kennzeichnung empfiehlt eine Untersuchung einer <strong data-start=\"2678\" data-end=\"2704\">Klappen-Herzerkrankung<\/strong>, einschlie\u00dflich Echokardiographie, vor Beginn der Behandlung und besagt, dass das Medikament nicht angewendet werden sollte, wenn eine Valvularerkrankung festgestellt wird. <\/p>\n<p data-start=\"2879\" data-end=\"3066\">Das FDA-Etikett r\u00e4t au\u00dferdem davon ab, Cabergolin zur Unterdr\u00fcckung der normalen postpartalen Laktation zu verwenden, da das Risiko schwerwiegender Nebenwirkungen besteht.<\/p>\n<h2 data-start=\"3068\" data-end=\"3099\" data-section-id=\"1r3gdur\">Sport und regulatorischer Kontext<\/h2>\n<p data-start=\"3101\" data-end=\"3589\">Cabergolin ist vor allem durch den medizinischen Einsatz bei prolaktinbedingten Erkrankungen bekannt und nicht durch Sportsupplemente. Wenn K\u00e4ufer Anti-Doping-Regeln oder verschreibungspflichtigen Medikamentenkontrollen unterliegen, sollten lokale Vorschriften und Sportregeln direkt \u00fcberpr\u00fcft werden, da der regulatorische Status je nach Gerichtsbarkeit und Wettbewerbsrahmen variieren kann. Die FDA und MedlinePlus bieten Cabergolin beide als medizinisches Arzneimittel an, nicht als rezeptfreies Wellnessprodukt.  <\/p>\n<h2 data-section-id=\"1k5q749\" data-start=\"3591\" data-end=\"3601\">Zusammenfassung<\/h2>\n<p data-start=\"3603\" data-end=\"4057\">CABASYR von Moldavian Pharma enth\u00e4lt <strong data-start=\"3640\" data-end=\"3655\">Cabergolin<\/strong>, einen langwirksamen Dopaminagonisten, der zur Senkung des Prolaktins bei Erwachsenen mit hyperprolaktinemischen St\u00f6rungen eingesetzt wird. Die Kernfakten sind der Wirkstoff, die Dopamin-Agonistenklassifikation und der medizinische Kontext zur Prolaktinregulation. Es sollte als reguliertes pharmazeutisches Produkt mit wichtigen Sicherheitsaspekten verstanden werden, nicht als allgemeines Pr\u00e4parat.  <\/p>\n<p>Das Produkt ist f\u00fcr Privatpersonen und Forschungseinrichtungen, Laboratorien, Universit\u00e4ten oder chemische Studienkreise erh\u00e4ltlich, die Forschungszwecke erf\u00fcllen.<\/p>\n<p>Das Produkt ist kein Lebensmittel oder Nahrungserg\u00e4nzungsmittel und nicht f\u00fcr den menschlichen Verzehr geeignet.<\/p>\n<p>Wenn Sie sich unwohl f\u00fchlen oder Nebenwirkungen durch den Kontakt mit der Substanz bemerken, wenden Sie sich an Ihren Arzt.<\/p>\n<p><strong>Besondere Lagerbedingungen:<\/strong><\/p>\n<p>Bewahren Sie die unverd\u00fcnnte Durchstechflasche mit lyophilisiertem Pulver an einem k\u00fchlen, trockenen und dunklen Ort auf. Nach der Rekonstitution sollte die Substanz bei einer Temperatur zwischen <em>2<\/em> und 8 \u00b0C gelagert werden. <\/p>\n<p>Alle oben genannten Eigenschaften wurden in Laborstudien beobachtet, die nicht am Menschen durchgef\u00fchrt wurden, und dienen nur zu Informationszwecken. Keine der in den Beschreibungen enthaltenen Informationen ist von der Europ\u00e4ischen Beh\u00f6rde f\u00fcr Lebensmittelsicherheit (EFSA) genehmigt.  Dieses Produkt ist kein Medikament, Lebensmittel oder Nahrungserg\u00e4nzungsmittel und nicht f\u00fcr den menschlichen Verzehr geeignet. Das Produkt ist als chemisches Reagenz\/Referenzmaterial eingestuft, das f\u00fcr die Verwendung in der Europ\u00e4ischen Union zugelassen ist und darf nur f\u00fcr die wissenschaftliche Forschung verwendet werden. Weitere Informationen zum Produkt sind im Sicherheitsdatenblatt enthalten, das wir zur Einsichtnahme zur Verf\u00fcgung stellen. Die Produkte sind nur f\u00fcr Institutionen oder Einzelpersonen erh\u00e4ltlich, die mit Forschungs- oder Laboraktivit\u00e4ten in Verbindung stehen.<\/p>\n","protected":false},"excerpt":{"rendered":"<div class=\"flex-shrink-0 flex flex-col relative items-end\">\n<div class=\"pt-0\">\n<div class=\"gizmo-bot-avatar flex h-8 w-8 items-center justify-center overflow-hidden rounded-full\">\n<div class=\"relative p-1 rounded-sm flex items-center justify-center bg-token-main-surface-primary text-token-text-primary h-8 w-8\">\n<div class=\"flex-shrink-0 flex flex-col relative items-end\">\n<div class=\"pt-0\">\n<div class=\"gizmo-bot-avatar flex h-8 w-8 items-center justify-center overflow-hidden rounded-full\">\n<div class=\"flex-shrink-0 flex flex-col relative items-end\">\n<div class=\"pt-0\">\n<div class=\"gizmo-bot-avatar flex h-8 w-8 items-center justify-center overflow-hidden rounded-full\">\n<div class=\"relative p-1 rounded-sm flex items-center justify-center bg-token-main-surface-primary text-token-text-primary h-8 w-8\">\n<article class=\"w-full scroll-mb-[var(--thread-trailing-height,150px)] text-token-text-primary focus-visible:outline-2 focus-visible:outline-offset-[-4px]\" dir=\"auto\" data-testid=\"conversation-turn-62\" data-scroll-anchor=\"false\">\n<div class=\"m-auto text-base py-[18px] px-3 md:px-4 w-full md:px-5 lg:px-4 xl:px-5\">\n<div class=\"mx-auto flex flex-1 gap-4 text-base md:gap-5 lg:gap-6 md:max-w-3xl\">\n<div class=\"group\/conversation-turn relative flex w-full min-w-0 flex-col\">\n<div class=\"flex-col gap-1 md:gap-3\">\n<div class=\"flex max-w-full flex-col flex-grow\">\n<div class=\"min-h-8 text-message flex w-full flex-col items-end gap-2 whitespace-normal break-words text-start [.text-message+&amp;]:mt-5\" dir=\"auto\" data-message-author-role=\"user\" data-message-id=\"aaa283b9-7b85-47fc-902a-858d633e9f71\">\n<div class=\"flex w-full flex-col gap-1 empty:hidden items-end rtl:items-start\">\n<div class=\"relative max-w-[var(--user-chat-width,70%)] rounded-3xl bg-token-message-surface px-5 py-2.5\">\n<div class=\"whitespace-pre-wrap\">\n<div class=\"flex-shrink-0 flex flex-col relative items-end\">\n<div class=\"pt-0\">\n<div class=\"gizmo-bot-avatar flex h-8 w-8 items-center justify-center overflow-hidden rounded-full\">\n<div class=\"relative p-1 rounded-sm flex items-center justify-center bg-token-main-surface-primary text-token-text-primary h-8 w-8\">\n<div class=\"flex-shrink-0 flex flex-col relative items-end\">\n<div class=\"pt-0\">\n<div class=\"gizmo-bot-avatar flex h-8 w-8 items-center justify-center overflow-hidden rounded-full\">\n<p><strong>Cabergolin<\/strong> ist ein starker Dopamin-Agonist, der h\u00e4ufig im Bodybuilding und im Sport eingesetzt wird, um <strong>den Prolaktinspiegel<\/strong> zu kontrollieren, der w\u00e4hrend bestimmter anaboler Steroidzyklen erh\u00f6ht werden kann. Prolaktin ist ein Hormon, das zu unerw\u00fcnschten Nebenwirkungen wie <strong>Gyn\u00e4komastie<\/strong> (m\u00e4nnliches Brustgewebewachstum), Wassereinlagerungen und sexueller Dysfunktion beitragen kann, wenn es aus dem Gleichgewicht ger\u00e4t. <strong>Cabergolin<\/strong> hilft, diese Effekte zu verhindern und zu kontrollieren, indem es die Prolaktinsekretion blockiert und so sicherstellt, dass die Hormonspiegel w\u00e4hrend eines Steroidzyklus im Gleichgewicht bleiben. <\/p>\n<\/div>\n<\/div>\n<\/div>\n<\/div>\n<\/div>\n<\/div>\n<\/div>\n<\/div>\n<\/div>\n<\/div>\n<\/div>\n<\/div>\n<\/div>\n<\/div>\n<\/div>\n<\/div>\n<\/article>\n<\/div>\n<\/div>\n<\/div>\n<\/div>\n<\/div>\n<\/div>\n<\/div>\n<\/div>\n<\/div>\n<\/div>\n<\/div>\n","protected":false},"featured_media":17211,"comment_status":"open","ping_status":"closed","template":"","meta":[],"product_brand":[267],"product_cat":[228],"product_tag":[263],"class_list":{"0":"post-17210","1":"product","2":"type-product","3":"status-publish","4":"has-post-thumbnail","6":"product_brand-moldavian-pharma","7":"product_cat-pillen","8":"product_tag-cabergolin","10":"first","11":"instock","12":"shipping-taxable","13":"purchasable","14":"product-type-simple"},"_links":{"self":[{"href":"https:\/\/gymanabolic.com\/de\/wp-json\/wp\/v2\/product\/17210","targetHints":{"allow":["GET"]}}],"collection":[{"href":"https:\/\/gymanabolic.com\/de\/wp-json\/wp\/v2\/product"}],"about":[{"href":"https:\/\/gymanabolic.com\/de\/wp-json\/wp\/v2\/types\/product"}],"replies":[{"embeddable":true,"href":"https:\/\/gymanabolic.com\/de\/wp-json\/wp\/v2\/comments?post=17210"}],"version-history":[{"count":0,"href":"https:\/\/gymanabolic.com\/de\/wp-json\/wp\/v2\/product\/17210\/revisions"}],"wp:featuredmedia":[{"embeddable":true,"href":"https:\/\/gymanabolic.com\/de\/wp-json\/wp\/v2\/media\/17211"}],"wp:attachment":[{"href":"https:\/\/gymanabolic.com\/de\/wp-json\/wp\/v2\/media?parent=17210"}],"wp:term":[{"taxonomy":"product_brand","embeddable":true,"href":"https:\/\/gymanabolic.com\/de\/wp-json\/wp\/v2\/product_brand?post=17210"},{"taxonomy":"product_cat","embeddable":true,"href":"https:\/\/gymanabolic.com\/de\/wp-json\/wp\/v2\/product_cat?post=17210"},{"taxonomy":"product_tag","embeddable":true,"href":"https:\/\/gymanabolic.com\/de\/wp-json\/wp\/v2\/product_tag?post=17210"}],"curies":[{"name":"wp","href":"https:\/\/api.w.org\/{rel}","templated":true}]}}