{"id":17172,"date":"2025-02-13T21:11:38","date_gmt":"2025-02-13T20:11:38","guid":{"rendered":"https:\/\/gymanabolic.com\/shop\/oxymatagen\/"},"modified":"2026-03-17T11:49:35","modified_gmt":"2026-03-17T10:49:35","slug":"oxymatagen","status":"publish","type":"product","link":"https:\/\/gymanabolic.com\/de\/shop\/oxymatagen\/","title":{"rendered":"OXYMATAGEN"},"content":{"rendered":"<h2>Oxymatagen von Egzo Gen Pharma (Oxymetholon-Tabletten)<\/h2>\n<p><span style=\"text-decoration: underline;\"><a href=\"https:\/\/gymanabolic.com\/what-is-oxymetholone\/\">Lesen Sie mehr \u00fcber Oxymetholon<\/a>.<\/span><\/p>\n<p>Das Produkt steht Einzelpersonen und Forschungseinrichtungen, Laboren, Universit\u00e4ten oder chemischen Studienkreisen zum Verkauf zur Verf\u00fcgung, die Forschung betreiben.<\/p>\n<p>Das Produkt ist kein Lebensmittel oder ein Nahrungserg\u00e4nzungsmittel und nicht f\u00fcr den menschlichen Verzehr geeignet.<\/p>\n<p>Wenn Sie sich unwohl f\u00fchlen oder Nebenwirkungen durch Kontakt mit der Substanz haben, konsultieren Sie Ihren Arzt.<\/p>\n<p><strong>Besondere Lagerbedingungen:<\/strong><\/p>\n<p>Bewahren Sie das unverd\u00fcnnte Fl\u00e4schchen mit lyophilisiertem Pulver an einem k\u00fchlen, trockenen und dunklen Ort auf. Nach der Rekonstitution sollte die Substanz bei einer Temperatur zwischen <em>2<\/em> und 8 \u00b0C gelagert werden. <\/p>\n<p>Alle oben genannten Eigenschaften wurden in Laborstudien beobachtet, die nicht an Menschen durchgef\u00fchrt wurden, und dienen ausschlie\u00dflich Informationszwecken. Keine der in den Beschreibungen enthaltenen Informationen ist von der Europ\u00e4ischen Lebensmittelsicherheitsbeh\u00f6rde (EFSA) genehmigt. Dieses Produkt ist kein Medikament, kein Lebensmittel oder Nahrungserg\u00e4nzungsmittel und nicht f\u00fcr den menschlichen Verzehr geeignet. Das Produkt ist als chemisches Reagenzmaterial\/Referenzmaterial klassifiziert, das f\u00fcr die Verwendung in der Europ\u00e4ischen Union zugelassen ist und darf nur f\u00fcr wissenschaftliche Forschung verwendet werden. Weitere Informationen zum Produkt sind im Sicherheitsdatenblatt enthalten, das wir zur Inspektion zur Verf\u00fcgung stellen. Die Produkte stehen nur Institutionen oder Einzelpersonen zur Verf\u00fcgung, die mit Forschungs- oder Laboraktivit\u00e4ten verbunden sind.     <\/p>\n","protected":false},"excerpt":{"rendered":"<div class=\"flex-shrink-0 flex flex-col relative items-end\">\n<div class=\"pt-0\">\n<div class=\"gizmo-bot-avatar flex h-8 w-8 items-center justify-center overflow-hidden rounded-full\">\n<div class=\"relative p-1 rounded-sm flex items-center justify-center bg-token-main-surface-primary text-token-text-primary h-8 w-8\">\n<div class=\"flex-shrink-0 flex flex-col relative items-end\">\n<div class=\"pt-0\">\n<div class=\"gizmo-bot-avatar flex h-8 w-8 items-center justify-center overflow-hidden rounded-full\">\n<div class=\"flex-shrink-0 flex flex-col relative items-end\">\n<div class=\"pt-0\">\n<div class=\"gizmo-bot-avatar flex h-8 w-8 items-center justify-center overflow-hidden rounded-full\">\n<div class=\"relative p-1 rounded-sm flex items-center justify-center bg-token-main-surface-primary text-token-text-primary h-8 w-8\">\n<article class=\"w-full scroll-mb-[var(--thread-trailing-height,150px)] text-token-text-primary focus-visible:outline-2 focus-visible:outline-offset-[-4px]\" dir=\"auto\" data-testid=\"conversation-turn-62\" data-scroll-anchor=\"false\">\n<div class=\"m-auto text-base py-[18px] px-3 md:px-4 w-full md:px-5 lg:px-4 xl:px-5\">\n<div class=\"mx-auto flex flex-1 gap-4 text-base md:gap-5 lg:gap-6 md:max-w-3xl\">\n<div class=\"group\/conversation-turn relative flex w-full min-w-0 flex-col\">\n<div class=\"flex-col gap-1 md:gap-3\">\n<div class=\"flex max-w-full flex-col flex-grow\">\n<div class=\"min-h-8 text-message flex w-full flex-col items-end gap-2 whitespace-normal break-words text-start [.text-message+&amp;]:mt-5\" dir=\"auto\" data-message-author-role=\"user\" data-message-id=\"aaa283b9-7b85-47fc-902a-858d633e9f71\">\n<div class=\"flex w-full flex-col gap-1 empty:hidden items-end rtl:items-start\">\n<div class=\"relative max-w-[var(--user-chat-width,70%)] rounded-3xl bg-token-message-surface px-5 py-2.5\">\n<div class=\"whitespace-pre-wrap\">\n<div class=\"flex-shrink-0 flex flex-col relative items-end\">\n<div class=\"pt-0\">\n<div class=\"gizmo-bot-avatar flex h-8 w-8 items-center justify-center overflow-hidden rounded-full\">\n<div class=\"relative p-1 rounded-sm flex items-center justify-center bg-token-main-surface-primary text-token-text-primary h-8 w-8\">\n<div class=\"flex-shrink-0 flex flex-col relative items-end\">\n<div class=\"pt-0\">\n<div class=\"gizmo-bot-avatar flex h-8 w-8 items-center justify-center overflow-hidden rounded-full\">\n<p>OXYMATAGEN ist ein starkes orales anaboles Steroid, das Oxymetholon enth\u00e4lt, allgemein bekannt als Anadrol. Es wird weit verbreitet eingesetzt, um schnellen Muskelaufbau und Kraft zu f\u00f6rdern, was es w\u00e4hrend der Bulking-Phase bei Bodybuildern und Sportlern sehr beliebt macht. OXYMATAGEN hilft, die Produktion roter Blutk\u00f6rperchen zu steigern, verbessert die Ausdauer und Erholung. Seine potente Wirkung f\u00fchrt zu erheblichen Gr\u00f6\u00dfen- und Kraftzuw\u00e4chsen, sollte jedoch mit Vorsicht verwendet werden, da m\u00f6gliche Nebenwirkungen m\u00f6glich sind. Ideal f\u00fcr diejenigen, die schnelles und dramatisches Muskelwachstum suchen.    <\/p>\n<\/div>\n<\/div>\n<\/div>\n<\/div>\n<\/div>\n<\/div>\n<\/div>\n<\/div>\n<\/div>\n<\/div>\n<\/div>\n<\/div>\n<\/div>\n<\/div>\n<\/div>\n<\/div>\n<\/article>\n<\/div>\n<\/div>\n<\/div>\n<\/div>\n<\/div>\n<\/div>\n<\/div>\n<\/div>\n<\/div>\n<\/div>\n<\/div>\n","protected":false},"featured_media":17173,"comment_status":"open","ping_status":"closed","template":"","meta":[],"product_brand":[266],"product_cat":[228],"product_tag":[251],"class_list":{"0":"post-17172","1":"product","2":"type-product","3":"status-publish","4":"has-post-thumbnail","6":"product_brand-egzo-gen-pharma","7":"product_cat-pillen","8":"product_tag-oxymetholon","10":"first","11":"instock","12":"shipping-taxable","13":"purchasable","14":"product-type-simple"},"_links":{"self":[{"href":"https:\/\/gymanabolic.com\/de\/wp-json\/wp\/v2\/product\/17172","targetHints":{"allow":["GET"]}}],"collection":[{"href":"https:\/\/gymanabolic.com\/de\/wp-json\/wp\/v2\/product"}],"about":[{"href":"https:\/\/gymanabolic.com\/de\/wp-json\/wp\/v2\/types\/product"}],"replies":[{"embeddable":true,"href":"https:\/\/gymanabolic.com\/de\/wp-json\/wp\/v2\/comments?post=17172"}],"version-history":[{"count":3,"href":"https:\/\/gymanabolic.com\/de\/wp-json\/wp\/v2\/product\/17172\/revisions"}],"predecessor-version":[{"id":17570,"href":"https:\/\/gymanabolic.com\/de\/wp-json\/wp\/v2\/product\/17172\/revisions\/17570"}],"wp:featuredmedia":[{"embeddable":true,"href":"https:\/\/gymanabolic.com\/de\/wp-json\/wp\/v2\/media\/17173"}],"wp:attachment":[{"href":"https:\/\/gymanabolic.com\/de\/wp-json\/wp\/v2\/media?parent=17172"}],"wp:term":[{"taxonomy":"product_brand","embeddable":true,"href":"https:\/\/gymanabolic.com\/de\/wp-json\/wp\/v2\/product_brand?post=17172"},{"taxonomy":"product_cat","embeddable":true,"href":"https:\/\/gymanabolic.com\/de\/wp-json\/wp\/v2\/product_cat?post=17172"},{"taxonomy":"product_tag","embeddable":true,"href":"https:\/\/gymanabolic.com\/de\/wp-json\/wp\/v2\/product_tag?post=17172"}],"curies":[{"name":"wp","href":"https:\/\/api.w.org\/{rel}","templated":true}]}}