{"id":17074,"date":"2026-01-09T10:25:13","date_gmt":"2026-01-09T09:25:13","guid":{"rendered":"https:\/\/gymanabolic.com\/shop\/insulinspritze-nadel\/"},"modified":"2026-01-09T10:25:13","modified_gmt":"2026-01-09T09:25:13","slug":"insulinspritze-nadel","status":"publish","type":"product","link":"https:\/\/gymanabolic.com\/de\/shop\/insulinspritze-nadel\/","title":{"rendered":"Insulinspritze (Nadel)"},"content":{"rendered":"","protected":false},"excerpt":{"rendered":"<p>Diese <strong>Insulinspritze<\/strong> ist f\u00fcr <strong>eine pr\u00e4zise und pr\u00e4zise Dosierung<\/strong> ausgelegt, mit klaren Einheitsmarkierungen <strong>bis zu 100 Einheiten<\/strong>. Es wird h\u00e4ufig f\u00fcr Peptide, HCG und andere injizierbare Verbindungen verwendet, bei denen kontrollierte Messungen unerl\u00e4sslich sind. <\/p>\n","protected":false},"featured_media":17075,"comment_status":"closed","ping_status":"closed","template":"","meta":[],"product_brand":[],"product_cat":[226],"product_tag":[],"class_list":{"0":"post-17074","1":"product","2":"type-product","3":"status-publish","4":"has-post-thumbnail","6":"product_cat-injektionen","8":"first","9":"instock","10":"shipping-taxable","11":"purchasable","12":"product-type-simple"},"_links":{"self":[{"href":"https:\/\/gymanabolic.com\/de\/wp-json\/wp\/v2\/product\/17074","targetHints":{"allow":["GET"]}}],"collection":[{"href":"https:\/\/gymanabolic.com\/de\/wp-json\/wp\/v2\/product"}],"about":[{"href":"https:\/\/gymanabolic.com\/de\/wp-json\/wp\/v2\/types\/product"}],"replies":[{"embeddable":true,"href":"https:\/\/gymanabolic.com\/de\/wp-json\/wp\/v2\/comments?post=17074"}],"version-history":[{"count":0,"href":"https:\/\/gymanabolic.com\/de\/wp-json\/wp\/v2\/product\/17074\/revisions"}],"wp:featuredmedia":[{"embeddable":true,"href":"https:\/\/gymanabolic.com\/de\/wp-json\/wp\/v2\/media\/17075"}],"wp:attachment":[{"href":"https:\/\/gymanabolic.com\/de\/wp-json\/wp\/v2\/media?parent=17074"}],"wp:term":[{"taxonomy":"product_brand","embeddable":true,"href":"https:\/\/gymanabolic.com\/de\/wp-json\/wp\/v2\/product_brand?post=17074"},{"taxonomy":"product_cat","embeddable":true,"href":"https:\/\/gymanabolic.com\/de\/wp-json\/wp\/v2\/product_cat?post=17074"},{"taxonomy":"product_tag","embeddable":true,"href":"https:\/\/gymanabolic.com\/de\/wp-json\/wp\/v2\/product_tag?post=17074"}],"curies":[{"name":"wp","href":"https:\/\/api.w.org\/{rel}","templated":true}]}}