{"id":17070,"date":"2026-01-09T08:36:29","date_gmt":"2026-01-09T07:36:29","guid":{"rendered":"https:\/\/gymanabolic.com\/shop\/hcg-5000iu\/"},"modified":"2026-03-15T23:50:05","modified_gmt":"2026-03-15T22:50:05","slug":"hcg-5000iu","status":"publish","type":"product","link":"https:\/\/gymanabolic.com\/de\/shop\/hcg-5000iu\/","title":{"rendered":"HCG 5000IU"},"content":{"rendered":"<p class=\"p1\">Das Produkt steht Einzelpersonen und Forschungseinrichtungen, Laboren, Universit\u00e4ten oder chemischen Studienkreisen zum Verkauf zur Verf\u00fcgung, die Forschung betreiben.<\/p>\n<p class=\"p1\">Das Produkt ist kein Lebensmittel oder ein Nahrungserg\u00e4nzungsmittel und nicht f\u00fcr den menschlichen Verzehr geeignet.<\/p>\n<p class=\"p1\">Wenn Sie sich unwohl f\u00fchlen oder Nebenwirkungen durch Kontakt mit der Substanz haben, konsultieren Sie Ihren Arzt.<\/p>\n","protected":false},"excerpt":{"rendered":"<p><strong>HCG 5000 IU<\/strong> von Pharma Med ist ein pharmazeutisches Gonadotropin, das als Injektionsfl\u00e4schchen mit sterilem Wasser zur Rekonstitution geliefert wird. Es wird h\u00e4ufig in Leistungs- und Hormonunterst\u00fctzungsprotokollen eingesetzt, um die nat\u00fcrliche Testosteronfunktion aufrechtzuerhalten und die Erholung w\u00e4hrend oder nach den Zyklen zu unterst\u00fctzen. <\/p>\n","protected":false},"featured_media":17071,"comment_status":"open","ping_status":"closed","template":"","meta":[],"product_brand":[269],"product_cat":[226],"product_tag":[],"class_list":{"0":"post-17070","1":"product","2":"type-product","3":"status-publish","4":"has-post-thumbnail","6":"product_brand-pharma-med","7":"product_cat-injektionen","9":"first","10":"instock","11":"shipping-taxable","12":"purchasable","13":"product-type-simple"},"_links":{"self":[{"href":"https:\/\/gymanabolic.com\/de\/wp-json\/wp\/v2\/product\/17070","targetHints":{"allow":["GET"]}}],"collection":[{"href":"https:\/\/gymanabolic.com\/de\/wp-json\/wp\/v2\/product"}],"about":[{"href":"https:\/\/gymanabolic.com\/de\/wp-json\/wp\/v2\/types\/product"}],"replies":[{"embeddable":true,"href":"https:\/\/gymanabolic.com\/de\/wp-json\/wp\/v2\/comments?post=17070"}],"version-history":[{"count":2,"href":"https:\/\/gymanabolic.com\/de\/wp-json\/wp\/v2\/product\/17070\/revisions"}],"predecessor-version":[{"id":17422,"href":"https:\/\/gymanabolic.com\/de\/wp-json\/wp\/v2\/product\/17070\/revisions\/17422"}],"wp:featuredmedia":[{"embeddable":true,"href":"https:\/\/gymanabolic.com\/de\/wp-json\/wp\/v2\/media\/17071"}],"wp:attachment":[{"href":"https:\/\/gymanabolic.com\/de\/wp-json\/wp\/v2\/media?parent=17070"}],"wp:term":[{"taxonomy":"product_brand","embeddable":true,"href":"https:\/\/gymanabolic.com\/de\/wp-json\/wp\/v2\/product_brand?post=17070"},{"taxonomy":"product_cat","embeddable":true,"href":"https:\/\/gymanabolic.com\/de\/wp-json\/wp\/v2\/product_cat?post=17070"},{"taxonomy":"product_tag","embeddable":true,"href":"https:\/\/gymanabolic.com\/de\/wp-json\/wp\/v2\/product_tag?post=17070"}],"curies":[{"name":"wp","href":"https:\/\/api.w.org\/{rel}","templated":true}]}}