{"id":17054,"date":"2026-01-09T08:30:10","date_gmt":"2026-01-09T07:30:10","guid":{"rendered":"https:\/\/gymanabolic.com\/shop\/trizepatid-mounjaro\/"},"modified":"2026-01-09T08:30:10","modified_gmt":"2026-01-09T07:30:10","slug":"trizepatid-mounjaro","status":"publish","type":"product","link":"https:\/\/gymanabolic.com\/de\/shop\/trizepatid-mounjaro\/","title":{"rendered":"Trizepatid (Mounjaro)"},"content":{"rendered":"<p class=\"p1\">Das Produkt ist f\u00fcr Privatpersonen und Forschungseinrichtungen, Laboratorien, Universit\u00e4ten oder chemische Studienkreise erh\u00e4ltlich, die Forschungszwecke erf\u00fcllen.<\/p>\n<p class=\"p1\">Das Produkt ist kein Lebensmittel oder Nahrungserg\u00e4nzungsmittel und nicht f\u00fcr den menschlichen Verzehr geeignet.<\/p>\n<p class=\"p1\">Wenn Sie sich unwohl f\u00fchlen oder Nebenwirkungen durch den Kontakt mit der Substanz bemerken, wenden Sie sich an Ihren Arzt.<\/p>\n","protected":false},"excerpt":{"rendered":"<p><strong>Tirzepatid 5 mg<\/strong> von X Lab ist ein hochwertiges Peptid, das als eine Phiole mit sterilem Wasser zur Rekonstitution geliefert wird und f\u00fcr eine pr\u00e4zise und kontrollierte Dosierung entwickelt wurde. Es wird h\u00e4ufig verwendet, um Appetitkontrolle, Stoffwechselfunktion und K\u00f6rperzusammensetzungsziele in leistungs- und wellnessorientierten Protokollen zu unterst\u00fctzen. <\/p>\n","protected":false},"featured_media":17056,"comment_status":"closed","ping_status":"closed","template":"","meta":[],"product_brand":[270],"product_cat":[226],"product_tag":[245],"class_list":{"0":"post-17054","1":"product","2":"type-product","3":"status-publish","4":"has-post-thumbnail","6":"product_brand-x-lab","7":"product_cat-injektionen","8":"product_tag-fatburner","10":"first","11":"instock","12":"shipping-taxable","13":"purchasable","14":"product-type-simple"},"_links":{"self":[{"href":"https:\/\/gymanabolic.com\/de\/wp-json\/wp\/v2\/product\/17054","targetHints":{"allow":["GET"]}}],"collection":[{"href":"https:\/\/gymanabolic.com\/de\/wp-json\/wp\/v2\/product"}],"about":[{"href":"https:\/\/gymanabolic.com\/de\/wp-json\/wp\/v2\/types\/product"}],"replies":[{"embeddable":true,"href":"https:\/\/gymanabolic.com\/de\/wp-json\/wp\/v2\/comments?post=17054"}],"version-history":[{"count":0,"href":"https:\/\/gymanabolic.com\/de\/wp-json\/wp\/v2\/product\/17054\/revisions"}],"wp:featuredmedia":[{"embeddable":true,"href":"https:\/\/gymanabolic.com\/de\/wp-json\/wp\/v2\/media\/17056"}],"wp:attachment":[{"href":"https:\/\/gymanabolic.com\/de\/wp-json\/wp\/v2\/media?parent=17054"}],"wp:term":[{"taxonomy":"product_brand","embeddable":true,"href":"https:\/\/gymanabolic.com\/de\/wp-json\/wp\/v2\/product_brand?post=17054"},{"taxonomy":"product_cat","embeddable":true,"href":"https:\/\/gymanabolic.com\/de\/wp-json\/wp\/v2\/product_cat?post=17054"},{"taxonomy":"product_tag","embeddable":true,"href":"https:\/\/gymanabolic.com\/de\/wp-json\/wp\/v2\/product_tag?post=17054"}],"curies":[{"name":"wp","href":"https:\/\/api.w.org\/{rel}","templated":true}]}}