{"id":16997,"date":"2026-01-06T14:24:14","date_gmt":"2026-01-06T13:24:14","guid":{"rendered":"https:\/\/gymanabolic.com\/shop\/testosterone-propionate\/"},"modified":"2026-03-15T01:12:17","modified_gmt":"2026-03-15T00:12:17","slug":"testosterone-propionate","status":"publish","type":"product","link":"https:\/\/gymanabolic.com\/de\/shop\/testosterone-propionate\/","title":{"rendered":"TESTOSTERONE PROPIONATE"},"content":{"rendered":"<h2 data-start=\"833\" data-end=\"859\">Testosteronpropionat von Moldavian Pharma<\/h2>\n<p data-start=\"861\" data-end=\"1186\">Testosteronpropionat von Moldavian Pharma ist eine injizierbare Testosteronverbindung, die auf der kurzesterigen Form von Testosteron basiert. Der Propionatester verleiht ihm ein schnelleres Freisetzungsprofil im Vergleich zu l\u00e4ngeren Estern wie Enanthate oder Cypionat, weshalb er h\u00e4ufig als schnell wirkende Testosteronformulierung beschrieben wird. <\/p>\n<h3 data-start=\"1188\" data-end=\"1223\">Was Testosteronpropionat ist<\/h3>\n<p data-start=\"1225\" data-end=\"1588\">Testosteronpropionat ist ein Testosteronester. Testosteron selbst ist das prim\u00e4re m\u00e4nnliche Sexualhormon und spielt eine zentrale Rolle bei verschiedenen physiologischen Funktionen, darunter die Erhaltung der Muskelmasse, Knochendichte, Libido und sekund\u00e4re Geschlechtsmerkmale. Veresterte Formen von Testosteron werden verwendet, um die Freisetzungsrate des Hormons nach der Injektion zu ver\u00e4ndern.  <\/p>\n<p data-start=\"1590\" data-end=\"1853\">Der Propionatester ist k\u00fcrzer als bei vielen anderen allgemein bekannten Testosteronestern. Aus diesem Grund wird Testosteronpropionat im Allgemeinen mit einer k\u00fcrzeren Wirkungsdauer und h\u00e4ufigeren Injektionsbedarf im Vergleich zu l\u00e4nger wirkenden Formen verbunden. <\/p>\n<h3 data-start=\"1855\" data-end=\"1890\">Kurzester-Testosteron-Format<\/h3>\n<p data-start=\"1892\" data-end=\"2134\">Eines der pr\u00e4genden Merkmale von Testosteronpropionat ist sein kurzer Ester. Dies beeinflusst, wie schnell die Verbindung nach der Injektion aktiv zirkuliert wird und wie lange sie im Vergleich zu l\u00e4ngeren Ester-Testosteronprodukten aktiv bleibt. <\/p>\n<p data-start=\"2136\" data-end=\"2419\">F\u00fcr Konsumenten, die Testosteronverbindungen vergleichen, ist die Esterl\u00e4nge einer der wichtigsten Unterschiede. Testosteronpropionat ist haupts\u00e4chlich f\u00fcr sein k\u00fcrzeres Wirkungsprofil bekannt und nicht f\u00fcr einen Unterschied im Basishormon selbst, da das aktive Hormon weiterhin Testosteron ist. <\/p>\n<h3 data-start=\"2421\" data-end=\"2440\">Wirkstoff<\/h3>\n<p data-start=\"2442\" data-end=\"2685\">Die aktive hormonelle Komponente in Testosteronpropionat ist Testosteron. Der daran gebundene Ester \u00e4ndert die Freisetzungsgeschwindigkeit, aber sobald es verstoffwechselt ist, ist das aktive Hormon Testosteron. Dies ist der zentrale pharmakologische Punkt, der das Produkt definiert.  <\/p>\n<h3 data-start=\"2687\" data-end=\"2719\">Wichtige Sicherheitsinformationen<\/h3>\n<p data-start=\"2721\" data-end=\"3008\">Testosteronbasierte anabole androgene Steroide sind keine gew\u00f6hnlichen Nahrungserg\u00e4nzungsmittel und sollten nicht als Freizeitprodukte behandelt werden. Die Anwendung kann wichtige gesundheitliche \u00dcberlegungen beinhalten, darunter endokrine Unterdr\u00fcckung, kardiovaskul\u00e4res Risiko, reproduktive Effekte und andere unerw\u00fcnschte Folgen. <\/p>\n<h3 data-start=\"3010\" data-end=\"3042\">Sport und regulatorischer Kontext<\/h3>\n<p data-start=\"3044\" data-end=\"3293\">Testosteron und Testosteronester sind im drogengetesteten Sport verboten, au\u00dfer wenn eine g\u00fcltige Ausnahme f\u00fcr therapeutische Nutzung gilt. Auch der rechtliche Status variiert je nach Land, und Testosteronprodukte k\u00f6nnen in vielen Rechtsordnungen nur verschreibungspflichtige Medikamente sein. <\/p>\n<h3 data-start=\"3295\" data-end=\"3306\">Zusammenfassung<\/h3>\n<p data-start=\"3308\" data-end=\"3683\">Testosteronpropionat von Moldavian Pharma ist eine kurzester-injizierbare Testosteronverbindung. Es zeichnet sich haupts\u00e4chlich durch sein schnelleres Freisetzungsprofil im Vergleich zu Produkten mit l\u00e4ngeren Estern aus. Die wichtigsten Punkte sind das aktive Hormon, das Kurzester-Format und die allgemeineren gesundheitlichen, rechtlichen und Anti-Doping-\u00dcberlegungen, die mit testosteronbasierten anabolen Wirkstoffen verbunden sind.  <\/p>\n<p>Das Produkt ist f\u00fcr Privatpersonen und Forschungseinrichtungen, Laboratorien, Universit\u00e4ten oder chemische Studienkreise erh\u00e4ltlich, die Forschungszwecke erf\u00fcllen.<\/p>\n<p>Das Produkt ist kein Lebensmittel oder Nahrungserg\u00e4nzungsmittel und nicht f\u00fcr den menschlichen Verzehr geeignet.<\/p>\n<p>Wenn Sie sich unwohl f\u00fchlen oder Nebenwirkungen durch den Kontakt mit der Substanz bemerken, wenden Sie sich an Ihren Arzt.<\/p>\n<p><strong>Besondere Lagerbedingungen:<\/strong><\/p>\n<p>Bewahren Sie die unverd\u00fcnnte Durchstechflasche mit lyophilisiertem Pulver an einem k\u00fchlen, trockenen und dunklen Ort auf. Nach der Rekonstitution sollte die Substanz bei einer Temperatur zwischen <em>2<\/em> und 8 \u00b0C gelagert werden. <\/p>\n<p>Alle oben genannten Eigenschaften wurden in Laborstudien beobachtet, die nicht am Menschen durchgef\u00fchrt wurden, und dienen nur zu Informationszwecken. Keine der in den Beschreibungen enthaltenen Informationen ist von der Europ\u00e4ischen Beh\u00f6rde f\u00fcr Lebensmittelsicherheit (EFSA) genehmigt. Dieses Produkt ist kein Medikament, Lebensmittel oder Nahrungserg\u00e4nzungsmittel und nicht f\u00fcr den menschlichen Verzehr geeignet. Das Produkt ist als chemisches Reagenz\/Referenzmaterial eingestuft, das f\u00fcr die Verwendung in der Europ\u00e4ischen Union zugelassen ist und darf nur f\u00fcr die wissenschaftliche Forschung verwendet werden. Weitere Informationen zum Produkt sind im Sicherheitsdatenblatt enthalten, das wir zur Einsichtnahme zur Verf\u00fcgung stellen. Die Produkte sind nur f\u00fcr Institutionen oder Einzelpersonen erh\u00e4ltlich, die mit Forschungs- oder Laboraktivit\u00e4ten in Verbindung stehen.     <\/p>\n","protected":false},"excerpt":{"rendered":"<div class=\"flex-shrink-0 flex flex-col relative items-end\">\n<div class=\"pt-0\">\n<div class=\"gizmo-bot-avatar flex h-8 w-8 items-center justify-center overflow-hidden rounded-full\">\n<div class=\"relative p-1 rounded-sm flex items-center justify-center bg-token-main-surface-primary text-token-text-primary h-8 w-8\">\n<div class=\"flex-shrink-0 flex flex-col relative items-end\">\n<div class=\"pt-0\">\n<div class=\"gizmo-bot-avatar flex h-8 w-8 items-center justify-center overflow-hidden rounded-full\">\n<div class=\"flex-shrink-0 flex flex-col relative items-end\">\n<div class=\"pt-0\">\n<div class=\"gizmo-bot-avatar flex h-8 w-8 items-center justify-center overflow-hidden rounded-full\">\n<div class=\"relative p-1 rounded-sm flex items-center justify-center bg-token-main-surface-primary text-token-text-primary h-8 w-8\">\n<article class=\"w-full scroll-mb-[var(--thread-trailing-height,150px)] text-token-text-primary focus-visible:outline-2 focus-visible:outline-offset-[-4px]\" dir=\"auto\" data-testid=\"conversation-turn-62\" data-scroll-anchor=\"false\">\n<div class=\"m-auto text-base py-[18px] px-3 md:px-4 w-full md:px-5 lg:px-4 xl:px-5\">\n<div class=\"mx-auto flex flex-1 gap-4 text-base md:gap-5 lg:gap-6 md:max-w-3xl\">\n<div class=\"group\/conversation-turn relative flex w-full min-w-0 flex-col\">\n<div class=\"flex-col gap-1 md:gap-3\">\n<div class=\"flex max-w-full flex-col flex-grow\">\n<div class=\"min-h-8 text-message flex w-full flex-col items-end gap-2 whitespace-normal break-words text-start [.text-message+&amp;]:mt-5\" dir=\"auto\" data-message-author-role=\"user\" data-message-id=\"aaa283b9-7b85-47fc-902a-858d633e9f71\">\n<div class=\"flex w-full flex-col gap-1 empty:hidden items-end rtl:items-start\">\n<div class=\"relative max-w-[var(--user-chat-width,70%)] rounded-3xl bg-token-message-surface px-5 py-2.5\">\n<div class=\"whitespace-pre-wrap\">\n<div class=\"flex-shrink-0 flex flex-col relative items-end\">\n<div class=\"pt-0\">\n<div class=\"gizmo-bot-avatar flex h-8 w-8 items-center justify-center overflow-hidden rounded-full\">\n<div class=\"relative p-1 rounded-sm flex items-center justify-center bg-token-main-surface-primary text-token-text-primary h-8 w-8\"><strong>Testosterone Propionate<\/strong> is a fast-acting, short-ester form of testosterone that is widely used by athletes and bodybuilders to rapidly increase muscle mass, strength, and overall performance. Known for its quick onset of action, Testosterone Propionate delivers fast results, making it ideal for users looking to gain muscle quickly or improve performance during short cycles. Due to its rapid release into the bloodstream, this form of testosterone is perfect for individuals who want to see noticeable changes in their physique in a short period.  <\/div>\n<\/div>\n<\/div>\n<\/div>\n<\/div>\n<\/div>\n<\/div>\n<\/div>\n<\/div>\n<\/div>\n<\/div>\n<\/div>\n<\/div>\n<\/article>\n<\/div>\n<\/div>\n<\/div>\n<\/div>\n<\/div>\n<\/div>\n<\/div>\n<\/div>\n<\/div>\n<\/div>\n<\/div>\n","protected":false},"featured_media":16998,"comment_status":"open","ping_status":"closed","template":"","meta":[],"product_brand":[269],"product_cat":[226],"product_tag":[232,233,234,235],"class_list":{"0":"post-16997","1":"product","2":"type-product","3":"status-publish","4":"has-post-thumbnail","6":"product_brand-pharma-med","7":"product_cat-injektionen","8":"product_tag-bodybuilding","9":"product_tag-krafttraining","10":"product_tag-testosteron","11":"product_tag-testosteron-propionat","13":"first","14":"outofstock","15":"shipping-taxable","16":"purchasable","17":"product-type-simple"},"_links":{"self":[{"href":"https:\/\/gymanabolic.com\/de\/wp-json\/wp\/v2\/product\/16997","targetHints":{"allow":["GET"]}}],"collection":[{"href":"https:\/\/gymanabolic.com\/de\/wp-json\/wp\/v2\/product"}],"about":[{"href":"https:\/\/gymanabolic.com\/de\/wp-json\/wp\/v2\/types\/product"}],"replies":[{"embeddable":true,"href":"https:\/\/gymanabolic.com\/de\/wp-json\/wp\/v2\/comments?post=16997"}],"version-history":[{"count":3,"href":"https:\/\/gymanabolic.com\/de\/wp-json\/wp\/v2\/product\/16997\/revisions"}],"predecessor-version":[{"id":17067,"href":"https:\/\/gymanabolic.com\/de\/wp-json\/wp\/v2\/product\/16997\/revisions\/17067"}],"wp:featuredmedia":[{"embeddable":true,"href":"https:\/\/gymanabolic.com\/de\/wp-json\/wp\/v2\/media\/16998"}],"wp:attachment":[{"href":"https:\/\/gymanabolic.com\/de\/wp-json\/wp\/v2\/media?parent=16997"}],"wp:term":[{"taxonomy":"product_brand","embeddable":true,"href":"https:\/\/gymanabolic.com\/de\/wp-json\/wp\/v2\/product_brand?post=16997"},{"taxonomy":"product_cat","embeddable":true,"href":"https:\/\/gymanabolic.com\/de\/wp-json\/wp\/v2\/product_cat?post=16997"},{"taxonomy":"product_tag","embeddable":true,"href":"https:\/\/gymanabolic.com\/de\/wp-json\/wp\/v2\/product_tag?post=16997"}],"curies":[{"name":"wp","href":"https:\/\/api.w.org\/{rel}","templated":true}]}}