{"id":17502,"date":"2025-01-26T05:04:40","date_gmt":"2025-01-26T04:04:40","guid":{"rendered":"https:\/\/gymanabolic.com\/datenschutzerklaerung\/"},"modified":"2026-03-16T12:46:29","modified_gmt":"2026-03-16T11:46:29","slug":"datenschutzerklaerung","status":"publish","type":"page","link":"https:\/\/gymanabolic.com\/de\/datenschutzerklaerung\/","title":{"rendered":"Datenschutzerkl\u00e4rung"},"content":{"rendered":"\n<h2 class=\"wp-block-heading\"><strong>Datenschutzerkl\u00e4rung<\/strong><\/h2>\n\n<p>Dieses Gesch\u00e4ft respektiert die Privatsph\u00e4re der Kunden und bearbeitet alle Bestellungen mit <strong>voller Diskretion<\/strong>.<\/p>\n\n<p>Es werden nur die f\u00fcr die Bearbeitung und den Versand notwendigen Informationen wie Name, Lieferadresse, Kontaktdaten und Zahlungsinformationen erhoben. Diese Daten werden ausschlie\u00dflich f\u00fcr die Auftragsbearbeitung, den Versand und die grundlegende Kundenkommunikation verwendet. <\/p>\n\n<p>Kundeninformationen werden <strong>nicht gespeichert, nachdem die Bestellung abgeschlossen und verschickt wurde<\/strong>. Kundendaten werden nicht verkauft, geteilt oder f\u00fcr Marketingzwecke verwendet. <\/p>\n\n<p>Zahlungs- und Versanddienstleister erhalten m\u00f6glicherweise die erforderlichen Mindestinformationen, um Transaktionen und Lieferungen abzuschlie\u00dfen. Diese Dienste unterliegen ihren eigenen Datenschutzrichtlinien. <\/p>\n\n<p>Angemessene Sicherheitsma\u00dfnahmen werden ergriffen, um alle Informationen w\u00e4hrend des Bestellprozesses zu sch\u00fctzen.<\/p>\n\n<p>Indem Sie eine Bestellung \u00fcber diesen Shop aufgeben, stimmen Sie dieser Datenschutzrichtlinie zu.<\/p>\n\n<p><\/p>\n","protected":false},"excerpt":{"rendered":"<p>Datenschutzerkl\u00e4rung Dieses Gesch\u00e4ft respektiert die Privatsph\u00e4re der Kunden und bearbeitet alle Bestellungen mit voller Diskretion. Es werden nur die f\u00fcr<\/p>\n","protected":false},"author":1,"featured_media":0,"parent":0,"menu_order":0,"comment_status":"closed","ping_status":"closed","template":"","meta":{"footnotes":""},"class_list":["post-17502","page","type-page","status-publish","hentry"],"_links":{"self":[{"href":"https:\/\/gymanabolic.com\/de\/wp-json\/wp\/v2\/pages\/17502","targetHints":{"allow":["GET"]}}],"collection":[{"href":"https:\/\/gymanabolic.com\/de\/wp-json\/wp\/v2\/pages"}],"about":[{"href":"https:\/\/gymanabolic.com\/de\/wp-json\/wp\/v2\/types\/page"}],"author":[{"embeddable":true,"href":"https:\/\/gymanabolic.com\/de\/wp-json\/wp\/v2\/users\/1"}],"replies":[{"embeddable":true,"href":"https:\/\/gymanabolic.com\/de\/wp-json\/wp\/v2\/comments?post=17502"}],"version-history":[{"count":1,"href":"https:\/\/gymanabolic.com\/de\/wp-json\/wp\/v2\/pages\/17502\/revisions"}],"predecessor-version":[{"id":17503,"href":"https:\/\/gymanabolic.com\/de\/wp-json\/wp\/v2\/pages\/17502\/revisions\/17503"}],"wp:attachment":[{"href":"https:\/\/gymanabolic.com\/de\/wp-json\/wp\/v2\/media?parent=17502"}],"curies":[{"name":"wp","href":"https:\/\/api.w.org\/{rel}","templated":true}]}}